{"id":735827,"date":"2025-08-27T22:54:55","date_gmt":"2025-08-27T19:54:55","guid":{"rendered":"https:\/\/roveyayinevi.com.tr\/index.php\/urun\/bayram-dugunleri\/"},"modified":"2026-04-11T02:53:04","modified_gmt":"2026-04-10T23:53:04","slug":"bayram-dugunleri","status":"publish","type":"product","link":"https:\/\/roveyayinevi.com.tr\/index.php\/urun\/bayram-dugunleri\/","title":{"rendered":"Bayram D\u00fc\u011f\u00fcnleri"},"content":{"rendered":"<p>\u0130ngiliz \u015fiirinin \u00f6zg\u00fcn seslerinden Philip Larkin\u2019in ismini kanona kesin bir bi\u00e7imde yazd\u0131ran \u015fiir kitab\u0131 Bayram D\u00fc\u011f\u00fcnleri, Miray \u00c7ak\u0131ro\u011flu\u2019nun \u00e7ev irisi ile ilk defa dilimizde. Sava\u015f sonras\u0131 \u0130ngiltere\u2019nin toplumsal atmosferinde bir araya gelen edebi ak\u0131m Hareket\u2019 le birlikte an\u0131lan Larkin\u2019in, \u015fiirde evrensele dair keskin kavray\u0131\u015f\u0131, bu topluluktan onu tart\u0131\u015fmas\u0131z olarak ay\u0131r\u0131yor. Larkin, yazd\u0131\u011f\u0131 1950\u2019 lerin s\u0131radan insanlar\u0131n\u0131 ve g\u00fcndelik nesnelerini, d\u00fcnyaya a\u00e7\u0131lan birer kap\u0131 haline getiriyor. <\/p>\n","protected":false},"excerpt":{"rendered":"<p>\u0130ngiliz \u015fiirinin \u00f6zg\u00fcn seslerinden Philip Larkin\u2019in ismini kanona kesin bir bi\u00e7imde yazd\u0131ran \u015fiir kitab\u0131 Bayram D\u00fc\u011f\u00fcnleri, Miray \u00c7ak\u0131ro\u011flu\u2019nun \u00e7ev irisi ile ilk defa dilimizde. Sava\u015f sonras\u0131<span class=\"excerpt-hellip\"> [\u2026]<\/span><\/p>\n","protected":false},"featured_media":0,"template":"","meta":{"_monsterinsights_skip_tracking":false,"_monsterinsights_sitenote_active":false,"_monsterinsights_sitenote_note":"","_monsterinsights_sitenote_category":0},"product_brand":[],"product_cat":[12291,12509],"product_tag":[],"class_list":{"0":"post-735827","1":"product","2":"type-product","3":"status-publish","5":"product_cat-edebiyat","6":"product_cat-siir","7":"pa_cilt-ciltsiz","8":"pa_tur-kitap","9":"pa_yayinevi-ketebe-yayinlari","10":"pa_yazar-philip-larkin","12":"first","13":"instock","14":"sale","15":"shipping-taxable","16":"purchasable","17":"product-type-simple"},"_links":{"self":[{"href":"https:\/\/roveyayinevi.com.tr\/index.php\/wp-json\/wp\/v2\/product\/735827","targetHints":{"allow":["GET"]}}],"collection":[{"href":"https:\/\/roveyayinevi.com.tr\/index.php\/wp-json\/wp\/v2\/product"}],"about":[{"href":"https:\/\/roveyayinevi.com.tr\/index.php\/wp-json\/wp\/v2\/types\/product"}],"wp:attachment":[{"href":"https:\/\/roveyayinevi.com.tr\/index.php\/wp-json\/wp\/v2\/media?parent=735827"}],"wp:term":[{"taxonomy":"product_brand","embeddable":true,"href":"https:\/\/roveyayinevi.com.tr\/index.php\/wp-json\/wp\/v2\/product_brand?post=735827"},{"taxonomy":"product_cat","embeddable":true,"href":"https:\/\/roveyayinevi.com.tr\/index.php\/wp-json\/wp\/v2\/product_cat?post=735827"},{"taxonomy":"product_tag","embeddable":true,"href":"https:\/\/roveyayinevi.com.tr\/index.php\/wp-json\/wp\/v2\/product_tag?post=735827"}],"curies":[{"name":"wp","href":"https:\/\/api.w.org\/{rel}","templated":true}]}}