{"id":735826,"date":"2025-08-27T22:54:53","date_gmt":"2025-08-27T19:54:53","guid":{"rendered":"https:\/\/roveyayinevi.com.tr\/index.php\/urun\/okumanin-alfabesi-ciltli\/"},"modified":"2026-04-16T02:44:03","modified_gmt":"2026-04-15T23:44:03","slug":"okumanin-alfabesi-ciltli","status":"publish","type":"product","link":"https:\/\/roveyayinevi.com.tr\/index.php\/urun\/okumanin-alfabesi-ciltli\/","title":{"rendered":"Okuman\u0131n Alfabesi (Ciltli)"},"content":{"rendered":"<p>\u201c\u00dcmidim, art\u0131k okulda okumayanlar\u0131n, hi\u00e7 okul okumam\u0131\u015f olanlar\u0131n, keza \u00fcniversite s\u0131ras\u0131nda benim neslimden \u00e7o\u011fu ki\u015finin \u00e7ekti\u011fi dertleri \u00e7ekenlerin \u2018zevk alarak ve yararlanarak\u2019 okuyabilecekleri bir ders kitab\u0131 ortaya koymak.\u201d  Okuman\u0131n Alfabesi\u2019nin giri\u015finde bunlar\u0131 s\u00f6yleyen Ezra Pound, ders kitab\u0131 olarak tan\u0131mlad\u0131\u011f\u0131 bu metinde \u015fiire odaklan\u0131yor. Dilin, edebiyat\u0131n ve \u015fiirin \u201cne\u201d oldu\u011fu sorusuyla ba\u015flay\u0131p bir dizi \u201cnas\u0131l\u201d sorusuyla devam ediyor: \u015eiire nas\u0131l yakla\u015f\u0131l\u0131r? \u015eiir nas\u0131l yorumlan\u0131r? \u0130yi \u015fiir nas\u0131l ay\u0131rt edilir? Ezra Pound b\u00fct\u00fcn bu sorulara cevap verirken tarihsel ve kavramsal bir arka plan veriyor, \u015fiir ile m\u00fczi\u011fin ili\u015fkisini irdeliyor ve en \u00f6nemlisi edebiyat\u0131n g\u00fcc\u00fcn\u00fcn \u201cfayda\u201ddan de\u011fil, bir ara\u00e7 olarak dilin \u201ciyi\u201d kullan\u0131m\u0131ndan kaynakland\u0131\u011f\u0131n\u0131n alt\u0131n\u0131 \u00e7iziyor. Bununla kalmay\u0131p okurlar\u0131n\u0131n g\u00fcc\u00fcn\u00fc dilden alan \u201ciyi\u201d bir edeb\u00ee metni ay\u0131rt edecek yetkinli\u011fe eri\u015fmesi i\u00e7in elinden geleni yap\u0131yor; \u00f6rnek metinler sunuyor, yak\u0131n okumalara giri\u015fiyor, okuma \u00f6nerileri veriyor, listeler \u00e7\u0131kar\u0131yor, mini testler haz\u0131rl\u0131yor, yazma al\u0131\u015ft\u0131rmalar\u0131ndan s\u00f6z ediyor\u2026  Okuman\u0131n Alfabesi sadece \u201ciyi okur\u201d olmak isteyenlere seslenmiyor, \u201ciyi yazar\u201d olmak isteyenlere de sundu\u011fu pratik \u00f6nerilerle bir zanaat olarak yazmaya nereden ba\u015flayacaklar\u0131n\u0131 g\u00f6steriyor. S\u0131radan bir ders kitab\u0131 olman\u0131n \u00e7ok \u00f6tesindeki bu metin, okurluk ve yazarl\u0131k ser\u00fcvenine at\u0131lanlar i\u00e7in bir yol arkada\u015f\u0131 h\u00fckm\u00fcnde. <\/p>\n","protected":false},"excerpt":{"rendered":"<p>\u201c\u00dcmidim, art\u0131k okulda okumayanlar\u0131n, hi\u00e7 okul okumam\u0131\u015f olanlar\u0131n, keza \u00fcniversite s\u0131ras\u0131nda benim neslimden \u00e7o\u011fu ki\u015finin \u00e7ekti\u011fi dertleri \u00e7ekenlerin \u2018zevk alarak ve yararlanarak\u2019 okuyabilecekleri bir ders kitab\u0131<span class=\"excerpt-hellip\"> [\u2026]<\/span><\/p>\n","protected":false},"featured_media":0,"template":"","meta":{"_monsterinsights_skip_tracking":false,"_monsterinsights_sitenote_active":false,"_monsterinsights_sitenote_note":"","_monsterinsights_sitenote_category":0},"product_brand":[],"product_cat":[13072,12291],"product_tag":[],"class_list":{"0":"post-735826","1":"product","2":"type-product","3":"status-publish","5":"product_cat-arastirma-inceleme-referans","6":"product_cat-edebiyat","7":"pa_cilt-ciltli","8":"pa_tur-kitap","9":"pa_yayinevi-ketebe-yayinlari","10":"pa_yazar-ezra-pound","12":"first","13":"instock","14":"sale","15":"shipping-taxable","16":"purchasable","17":"product-type-simple"},"_links":{"self":[{"href":"https:\/\/roveyayinevi.com.tr\/index.php\/wp-json\/wp\/v2\/product\/735826","targetHints":{"allow":["GET"]}}],"collection":[{"href":"https:\/\/roveyayinevi.com.tr\/index.php\/wp-json\/wp\/v2\/product"}],"about":[{"href":"https:\/\/roveyayinevi.com.tr\/index.php\/wp-json\/wp\/v2\/types\/product"}],"wp:attachment":[{"href":"https:\/\/roveyayinevi.com.tr\/index.php\/wp-json\/wp\/v2\/media?parent=735826"}],"wp:term":[{"taxonomy":"product_brand","embeddable":true,"href":"https:\/\/roveyayinevi.com.tr\/index.php\/wp-json\/wp\/v2\/product_brand?post=735826"},{"taxonomy":"product_cat","embeddable":true,"href":"https:\/\/roveyayinevi.com.tr\/index.php\/wp-json\/wp\/v2\/product_cat?post=735826"},{"taxonomy":"product_tag","embeddable":true,"href":"https:\/\/roveyayinevi.com.tr\/index.php\/wp-json\/wp\/v2\/product_tag?post=735826"}],"curies":[{"name":"wp","href":"https:\/\/api.w.org\/{rel}","templated":true}]}}