{"id":735825,"date":"2025-08-27T22:54:52","date_gmt":"2025-08-27T19:54:52","guid":{"rendered":"https:\/\/roveyayinevi.com.tr\/index.php\/urun\/caresiz-stratejiler\/"},"modified":"2026-04-16T02:44:03","modified_gmt":"2026-04-15T23:44:03","slug":"caresiz-stratejiler","status":"publish","type":"product","link":"https:\/\/roveyayinevi.com.tr\/index.php\/urun\/caresiz-stratejiler\/","title":{"rendered":"\u00c7aresiz Stratejiler"},"content":{"rendered":"<p>Bu tarih\u00ee \u00e7\u00f6k\u00fc\u015f\u00fc, bu tarih\u00ee koma durumunu, ger\u00e7e\u011fin bu buharla\u015f\u0131p yok olmas\u0131n\u0131 engelleyebilecek \u00f6nlemler al\u0131nabilir miydi? Biz ne gibi yanl\u0131\u015flar yapt\u0131k? Acaba insanlar geriye d\u00f6n\u00fc\u015f\u00fc olanaks\u0131z yanl\u0131\u015flar, birtak\u0131m s\u0131rlar\u0131 a\u00e7\u0131\u011fa \u00e7\u0131karmak gibi tamiri imk\u00e2ns\u0131z hatalar m\u0131 yapt\u0131lar? B\u00fct\u00fcn bu sorular, bir kad\u0131n taraf\u0131ndan terk edilmi\u015f bir erke\u011fe, bu kad\u0131n seni neden terk etti demek kadar anlams\u0131z ve gereksizdir. \u00c7\u00fcnk\u00fc erkek hi\u00e7bir \u015fekilde kad\u0131n\u0131 bu karar\u0131ndan d\u00f6nd\u00fcremez. Bu olayda insan\u0131 rahats\u0131z eden bir \u015fey varsa o da geriye d\u00f6n\u00fc\u015f\u00fc olmayan o noktaya geri d\u00f6nmek i\u00e7in harcanacak t\u00fcm \u00e7abalar\u0131n hi\u00e7bir i\u015fe yaramayaca\u011f\u0131d\u0131r. Burada \u00f6nseziler bir i\u015fe yaramam\u0131\u015ft\u0131r, zira her olay kendinden \u00f6ncekini hakl\u0131 \u00e7\u0131kartm\u0131\u015ft\u0131r. Dolay\u0131s\u0131yla olaylar\u0131n ger\u00e7ekle\u015fmesini engelleyebilecek bahaneler \u00fcretmek pek de ak\u0131ll\u0131ca bir i\u015f de\u011fildir. Nedensiz bir olay\u0131n ger\u00e7ekle\u015fmesini hi\u00e7bir \u015fey engelleyemez. Nedensiz bir olay yeniden \u00fcretilemezken, nedenli bir olay her zaman yeniden \u00fcretilebilir. Ama o zaman da bunun bir olay olmad\u0131\u011f\u0131 ileri s\u00fcr\u00fclecektir.Bir sonuca varmayan olay(lar) organs\u0131z beden, belleksiz zaman ya da Robert Musil\u2019in niteliksiz insan\u0131 gibi bir \u015feydir.<\/p>\n","protected":false},"excerpt":{"rendered":"<p>Bu tarih\u00ee \u00e7\u00f6k\u00fc\u015f\u00fc, bu tarih\u00ee koma durumunu, ger\u00e7e\u011fin bu buharla\u015f\u0131p yok olmas\u0131n\u0131 engelleyebilecek \u00f6nlemler al\u0131nabilir miydi? Biz ne gibi yanl\u0131\u015flar yapt\u0131k? Acaba insanlar geriye d\u00f6n\u00fc\u015f\u00fc olanaks\u0131z<span class=\"excerpt-hellip\"> [\u2026]<\/span><\/p>\n","protected":false},"featured_media":0,"template":"","meta":{"_monsterinsights_skip_tracking":false,"_monsterinsights_sitenote_active":false,"_monsterinsights_sitenote_note":"","_monsterinsights_sitenote_category":0},"product_brand":[],"product_cat":[12835,12324],"product_tag":[],"class_list":{"0":"post-735825","1":"product","2":"type-product","3":"status-publish","5":"product_cat-genel-sosyoloji","6":"product_cat-sosyoloji","7":"pa_cilt-ciltsiz","8":"pa_tur-kitap","9":"pa_yayinevi-dogu-bati-yayinlari","10":"pa_yazar-jean-baudrillard","12":"first","13":"instock","14":"sale","15":"shipping-taxable","16":"purchasable","17":"product-type-simple"},"_links":{"self":[{"href":"https:\/\/roveyayinevi.com.tr\/index.php\/wp-json\/wp\/v2\/product\/735825","targetHints":{"allow":["GET"]}}],"collection":[{"href":"https:\/\/roveyayinevi.com.tr\/index.php\/wp-json\/wp\/v2\/product"}],"about":[{"href":"https:\/\/roveyayinevi.com.tr\/index.php\/wp-json\/wp\/v2\/types\/product"}],"wp:attachment":[{"href":"https:\/\/roveyayinevi.com.tr\/index.php\/wp-json\/wp\/v2\/media?parent=735825"}],"wp:term":[{"taxonomy":"product_brand","embeddable":true,"href":"https:\/\/roveyayinevi.com.tr\/index.php\/wp-json\/wp\/v2\/product_brand?post=735825"},{"taxonomy":"product_cat","embeddable":true,"href":"https:\/\/roveyayinevi.com.tr\/index.php\/wp-json\/wp\/v2\/product_cat?post=735825"},{"taxonomy":"product_tag","embeddable":true,"href":"https:\/\/roveyayinevi.com.tr\/index.php\/wp-json\/wp\/v2\/product_tag?post=735825"}],"curies":[{"name":"wp","href":"https:\/\/api.w.org\/{rel}","templated":true}]}}