{"id":735824,"date":"2025-08-27T22:54:51","date_gmt":"2025-08-27T19:54:51","guid":{"rendered":"https:\/\/roveyayinevi.com.tr\/index.php\/urun\/sivaslimin-solan-gulu\/"},"modified":"2026-04-16T02:44:03","modified_gmt":"2026-04-15T23:44:03","slug":"sivaslimin-solan-gulu","status":"publish","type":"product","link":"https:\/\/roveyayinevi.com.tr\/index.php\/urun\/sivaslimin-solan-gulu\/","title":{"rendered":"Sivasl\u0131m\u0131n Solan G\u00fcl\u00fc"},"content":{"rendered":"<p>\u201c\u2026Sivasl\u0131m\u0131n Solan G\u00fcl\u00fc\u201d Olcay Aslan\u2019\u0131n ilk \u015fiir kitab\u0131\u2026Halk ozan\u0131 a\u011fz\u0131yla a\u00e7\u0131k ve net bir dille yaz\u0131lan, insan ve do\u011fa sevgisini pruvas\u0131nda bulan, sade ama basit olmadan okuduk\u00e7a zenginle\u015fen, e\u015fitlik\u00e7i toplumdan dem alan, sevdas\u0131 ve hasretli\u011fi s\u0131cak sohbetlere uzanan i\u00e7ten dizeler bunlar\u2026\u201dSencer BA\u015eAT\u201c\u2026 Ecdad\u0131m\u0131z\u0131n Orta Asya\u2019dan Anadolu\u2019ya ta\u015f\u0131d\u0131\u011f\u0131 ve g\u00fcr\u00fcl g\u00fcr\u00fcl akan bir nehre benzeyen Halk A\u015f\u0131kl\u0131\u011f\u0131 gelene\u011fi,k\u0131rsal\u0131n sanat\u0131 olmas\u0131na ve k\u00f6ylerin yo\u011fun \u015fekilde g\u00f6\u00e7 vermesine ra\u011fmen varl\u0131\u011f\u0131n\u0131 devam ettirmektedir. Bu gelene\u011fin birneferi olarak, elinizde bulunan kitab\u0131n yazar\u0131 Olcay Aslan da yerini alm\u0131\u015ft\u0131r. Halk \u015fiirimizin i\u00e7inde \u201cSivasl\u0131m\u201d mahlas\u0131n\u0131kullanan \u015fairimiz, Karacao\u011flan gibi, Seyrani gibi bir sevda ozan\u0131d\u0131r. Do\u011fup b\u00fcy\u00fcd\u00fc\u011f\u00fc topraklar, a\u015f\u0131kl\u0131k gelene\u011fimizin enyo\u011fun oldu\u011fu illerimizin ba\u015f\u0131nda gelmektedir\u2026\u201dHasan KAPLAN\u0130\u201c\u2026Bir 29 Ekim \u015fiiri var ki, ne de g\u00fczel anlatm\u0131\u015f, yedi\u011fimiz gazlar\u0131, coplar\u0131, barikatlar\u0131 nas\u0131l a\u015ft\u0131\u011f\u0131m\u0131z\u0131&#8230; Ama dedi\u011figibi, \u201cY\u0131lmad\u0131k, pi\u015ftik\u201d o 29 Ekim&#8217;de ve her daim hep y\u00fcr\u00fcd\u00fck Atam\u0131z\u0131n pe\u015finde&#8230; Her \u015fiirinde sevgi, umut, m\u00fccadele, hasret,h\u00e2s\u0131l\u0131 biz var\u0131z&#8230;Y\u00fcre\u011fine, kalemine sa\u011fl\u0131k \u201cS\u0130VASLIM&#8230;\u201dM\u00fcyesser YILDIZ\u201c\u2026Sat\u0131rlar\u0131nda insan sevgisinin, \u015fiirlerinde vatan sevgisinin a\u00e7\u0131k\u00e7a hissedildi\u011fi bu kitap i\u00e7in te\u015fekk\u00fcrler Olcay Aslan\u2026\u201d(E) Kora. Atilla Kezek\u0130yi okumalar\u2026<\/p>\n","protected":false},"excerpt":{"rendered":"<p>\u201c\u2026Sivasl\u0131m\u0131n Solan G\u00fcl\u00fc\u201d Olcay Aslan\u2019\u0131n ilk \u015fiir kitab\u0131\u2026Halk ozan\u0131 a\u011fz\u0131yla a\u00e7\u0131k ve net bir dille yaz\u0131lan, insan ve do\u011fa sevgisini pruvas\u0131nda bulan, sade ama basit olmadan<span class=\"excerpt-hellip\"> [\u2026]<\/span><\/p>\n","protected":false},"featured_media":0,"template":"","meta":{"_monsterinsights_skip_tracking":false,"_monsterinsights_sitenote_active":false,"_monsterinsights_sitenote_note":"","_monsterinsights_sitenote_category":0},"product_brand":[],"product_cat":[12291,12509],"product_tag":[],"class_list":{"0":"post-735824","1":"product","2":"type-product","3":"status-publish","5":"product_cat-edebiyat","6":"product_cat-siir","7":"pa_cilt-ciltsiz","8":"pa_tur-kitap","9":"pa_yayinevi-galeati-yayincilik","10":"pa_yazar-olcay-aslan","12":"first","13":"instock","14":"sale","15":"shipping-taxable","16":"purchasable","17":"product-type-simple"},"_links":{"self":[{"href":"https:\/\/roveyayinevi.com.tr\/index.php\/wp-json\/wp\/v2\/product\/735824","targetHints":{"allow":["GET"]}}],"collection":[{"href":"https:\/\/roveyayinevi.com.tr\/index.php\/wp-json\/wp\/v2\/product"}],"about":[{"href":"https:\/\/roveyayinevi.com.tr\/index.php\/wp-json\/wp\/v2\/types\/product"}],"wp:attachment":[{"href":"https:\/\/roveyayinevi.com.tr\/index.php\/wp-json\/wp\/v2\/media?parent=735824"}],"wp:term":[{"taxonomy":"product_brand","embeddable":true,"href":"https:\/\/roveyayinevi.com.tr\/index.php\/wp-json\/wp\/v2\/product_brand?post=735824"},{"taxonomy":"product_cat","embeddable":true,"href":"https:\/\/roveyayinevi.com.tr\/index.php\/wp-json\/wp\/v2\/product_cat?post=735824"},{"taxonomy":"product_tag","embeddable":true,"href":"https:\/\/roveyayinevi.com.tr\/index.php\/wp-json\/wp\/v2\/product_tag?post=735824"}],"curies":[{"name":"wp","href":"https:\/\/api.w.org\/{rel}","templated":true}]}}