{"id":735823,"date":"2025-08-27T22:54:51","date_gmt":"2025-08-27T19:54:51","guid":{"rendered":"https:\/\/roveyayinevi.com.tr\/index.php\/urun\/bireylerin-serbest-zamanlarinda-katildiklari-aktivitelere-yonelik-doyum-duzeyleri-ile-algiladiklari-saglik-ciktilari-arasindaki\/"},"modified":"2026-04-16T02:44:03","modified_gmt":"2026-04-15T23:44:03","slug":"bireylerin-serbest-zamanlarinda-katildiklari-aktivitelere-yonelik-doyum-duzeyleri-ile-algiladiklari-saglik-ciktilari-arasindaki","status":"publish","type":"product","link":"https:\/\/roveyayinevi.com.tr\/index.php\/urun\/bireylerin-serbest-zamanlarinda-katildiklari-aktivitelere-yonelik-doyum-duzeyleri-ile-algiladiklari-saglik-ciktilari-arasindaki\/","title":{"rendered":"Bireylerin Serbest Zamanlar\u0131nda Kat\u0131ld\u0131klar\u0131 Aktivitelere Y\u00f6nelik Doyum D\u00fczeyleri ile Alg\u0131lad\u0131klar\u0131 Sa\u011fl\u0131k \u00c7\u0131kt\u0131lar\u0131 Aras\u0131ndaki"},"content":{"rendered":"<p>1.Giri\u015f1.1. Zaman Kavram\u01311.2. Zaman Kullan\u0131m B\u00f6l\u00fcmleri1.3. Serbest Zaman Kavram\u01311.4. Serbest Zaman Doyumu1.5. Rekreasyon Kavram\u01311.6. Sa\u011fl\u0131k Kavram\u01311.7. Alg\u0131lanan Sa\u011fl\u0131k \u00c7\u0131kt\u0131lar\u01311.8. Rekreasyonda Alg\u0131lanan Sa\u011fl\u0131k \u00c7\u0131kt\u0131lar\u01312. Gere\u00e7 ve Y\u00f6ntem2.1. Ara\u015ft\u0131rman\u0131n Modeli2.2. Evren ve \u00d6rneklem 2.3. Veri Toplama Arac\u0131 2.4. Verilerin Toplanmas\u0131 2.5. Verilerin Analizi 3. Bulgular 4. Tart\u0131\u015fma, Sonu\u00e7 ve \u00d6neriler 4.1. Tart\u0131\u015fma 4.2. Sonu\u00e7 4.3. \u00d6neriler<\/p>\n","protected":false},"excerpt":{"rendered":"<p>1.Giri\u015f1.1. Zaman Kavram\u01311.2. Zaman Kullan\u0131m B\u00f6l\u00fcmleri1.3. Serbest Zaman Kavram\u01311.4. Serbest Zaman Doyumu1.5. Rekreasyon Kavram\u01311.6. Sa\u011fl\u0131k Kavram\u01311.7. Alg\u0131lanan Sa\u011fl\u0131k \u00c7\u0131kt\u0131lar\u01311.8. Rekreasyonda Alg\u0131lanan Sa\u011fl\u0131k \u00c7\u0131kt\u0131lar\u01312. Gere\u00e7 ve Y\u00f6ntem2.1.<span class=\"excerpt-hellip\"> [\u2026]<\/span><\/p>\n","protected":false},"featured_media":0,"template":"","meta":{"_monsterinsights_skip_tracking":false,"_monsterinsights_sitenote_active":false,"_monsterinsights_sitenote_note":"","_monsterinsights_sitenote_category":0},"product_brand":[],"product_cat":[15563,15564],"product_tag":[],"class_list":{"0":"post-735823","1":"product","2":"type-product","3":"status-publish","5":"product_cat-hobi","6":"product_cat-spor","7":"pa_cilt-ciltsiz","8":"pa_tur-kitap","9":"pa_yayinevi-gazi-kitabevi","10":"pa_yazar-bayram-sariyildiz-abdurrahman-kirtepe","12":"first","13":"instock","14":"sale","15":"shipping-taxable","16":"purchasable","17":"product-type-simple"},"_links":{"self":[{"href":"https:\/\/roveyayinevi.com.tr\/index.php\/wp-json\/wp\/v2\/product\/735823","targetHints":{"allow":["GET"]}}],"collection":[{"href":"https:\/\/roveyayinevi.com.tr\/index.php\/wp-json\/wp\/v2\/product"}],"about":[{"href":"https:\/\/roveyayinevi.com.tr\/index.php\/wp-json\/wp\/v2\/types\/product"}],"wp:attachment":[{"href":"https:\/\/roveyayinevi.com.tr\/index.php\/wp-json\/wp\/v2\/media?parent=735823"}],"wp:term":[{"taxonomy":"product_brand","embeddable":true,"href":"https:\/\/roveyayinevi.com.tr\/index.php\/wp-json\/wp\/v2\/product_brand?post=735823"},{"taxonomy":"product_cat","embeddable":true,"href":"https:\/\/roveyayinevi.com.tr\/index.php\/wp-json\/wp\/v2\/product_cat?post=735823"},{"taxonomy":"product_tag","embeddable":true,"href":"https:\/\/roveyayinevi.com.tr\/index.php\/wp-json\/wp\/v2\/product_tag?post=735823"}],"curies":[{"name":"wp","href":"https:\/\/api.w.org\/{rel}","templated":true}]}}