{"id":735822,"date":"2025-08-27T22:54:49","date_gmt":"2025-08-27T19:54:49","guid":{"rendered":"https:\/\/roveyayinevi.com.tr\/index.php\/urun\/turkiye-turkcesinde-dilsel-bosluk\/"},"modified":"2026-04-16T02:44:03","modified_gmt":"2026-04-15T23:44:03","slug":"turkiye-turkcesinde-dilsel-bosluk","status":"publish","type":"product","link":"https:\/\/roveyayinevi.com.tr\/index.php\/urun\/turkiye-turkcesinde-dilsel-bosluk\/","title":{"rendered":"T\u00fcrkiye T\u00fcrk\u00e7esinde Dilsel Bo\u015fluk"},"content":{"rendered":"<p>1. B\u00d6L\u00dcM BO\u015eLUK KAVRAMI1.1. Tan\u0131m ve \u0130\u015flev1.2. Mutlak Bo\u015fluk1.3. Bo\u015fluk, Yokluk, Hi\u00e7lik, S\u0131f\u0131r1.4. Kar\u015f\u0131tl\u0131klar2. 2. B\u00d6L\u00dcM D\u0130LSEL BO\u015eLUK2.1. Dilsel Bo\u015flu\u011fun Tespiti2.2. Dilsel Bo\u015fluk T\u00fcrleri2.3. Dilsel Bo\u015flu\u011fun Telafisi3. 3. B\u00d6L\u00dcM T\u00dcRK\u0130YE T\u00dcRK\u00c7ES\u0130NDE D\u0130LSEL BO\u015eLUK3.1. Akrabal\u0131k Adlar\u0131nda S\u00f6zl\u00fcksel Bo\u015fluk3.2. Evcil Hayvan Adlar\u0131nda S\u00f6zl\u00fcksel Bo\u015fluk3.3. Renk Adlar\u0131nda S\u00f6zl\u00fcksel Bo\u015fluk<\/p>\n","protected":false},"excerpt":{"rendered":"<p>1. B\u00d6L\u00dcM BO\u015eLUK KAVRAMI1.1. Tan\u0131m ve \u0130\u015flev1.2. Mutlak Bo\u015fluk1.3. Bo\u015fluk, Yokluk, Hi\u00e7lik, S\u0131f\u0131r1.4. Kar\u015f\u0131tl\u0131klar2. 2. B\u00d6L\u00dcM D\u0130LSEL BO\u015eLUK2.1. Dilsel Bo\u015flu\u011fun Tespiti2.2. Dilsel Bo\u015fluk T\u00fcrleri2.3. Dilsel Bo\u015flu\u011fun<span class=\"excerpt-hellip\"> [\u2026]<\/span><\/p>\n","protected":false},"featured_media":0,"template":"","meta":{"_monsterinsights_skip_tracking":false,"_monsterinsights_sitenote_active":false,"_monsterinsights_sitenote_note":"","_monsterinsights_sitenote_category":0},"product_brand":[],"product_cat":[20225,12291],"product_tag":[],"class_list":{"0":"post-735822","1":"product","2":"type-product","3":"status-publish","5":"product_cat-dil-bilim","6":"product_cat-edebiyat","7":"pa_cilt-ciltsiz","8":"pa_tur-kitap","9":"pa_yayinevi-gazi-kitabevi","10":"pa_yazar-songul-ilbas","12":"first","13":"instock","14":"sale","15":"shipping-taxable","16":"purchasable","17":"product-type-simple"},"_links":{"self":[{"href":"https:\/\/roveyayinevi.com.tr\/index.php\/wp-json\/wp\/v2\/product\/735822","targetHints":{"allow":["GET"]}}],"collection":[{"href":"https:\/\/roveyayinevi.com.tr\/index.php\/wp-json\/wp\/v2\/product"}],"about":[{"href":"https:\/\/roveyayinevi.com.tr\/index.php\/wp-json\/wp\/v2\/types\/product"}],"wp:attachment":[{"href":"https:\/\/roveyayinevi.com.tr\/index.php\/wp-json\/wp\/v2\/media?parent=735822"}],"wp:term":[{"taxonomy":"product_brand","embeddable":true,"href":"https:\/\/roveyayinevi.com.tr\/index.php\/wp-json\/wp\/v2\/product_brand?post=735822"},{"taxonomy":"product_cat","embeddable":true,"href":"https:\/\/roveyayinevi.com.tr\/index.php\/wp-json\/wp\/v2\/product_cat?post=735822"},{"taxonomy":"product_tag","embeddable":true,"href":"https:\/\/roveyayinevi.com.tr\/index.php\/wp-json\/wp\/v2\/product_tag?post=735822"}],"curies":[{"name":"wp","href":"https:\/\/api.w.org\/{rel}","templated":true}]}}