{"id":735821,"date":"2025-08-27T22:54:49","date_gmt":"2025-08-27T19:54:49","guid":{"rendered":"https:\/\/roveyayinevi.com.tr\/index.php\/urun\/girisimcilik-finansmani\/"},"modified":"2026-04-16T02:44:03","modified_gmt":"2026-04-15T23:44:03","slug":"girisimcilik-finansmani","status":"publish","type":"product","link":"https:\/\/roveyayinevi.com.tr\/index.php\/urun\/girisimcilik-finansmani\/","title":{"rendered":"Giri\u015fimcilik Finansman\u0131"},"content":{"rendered":"<p>1. B\u00d6L\u00dcM G\u0130R\u0130\u015e\u0130MC\u0130LER\u0130N ERKEN A\u015eAMADA KAR\u015eILA\u015eTI\u011eI F\u0130NANSMANSORUNLARI VE \u00c7\u00d6Z\u00dcM \u00d6NER\u0130LER\u01302. 2. B\u00d6L\u00dcM G\u0130R\u0130\u015e\u0130MC\u0130LER\u0130N B\u00dcY\u00dcME A\u015eAMASINDA KAR\u015eILA\u015eTIKLARIF\u0130NANSMAN SORUNLARI VE \u00c7\u00d6Z\u00dcM \u00d6NER\u0130LER\u01303. 3. B\u00d6L\u00dcM \u00d6ZEL SERMAYE FONLARI4. 4. B\u00d6L\u00dcM R\u0130SK SERMAYES\u01305. 5. B\u00d6L\u00dcM MELEK YATIRIM\/YATIRIMCILIK6. 6. B\u00d6L\u00dcM K\u0130TLESEL FONLAMA7. 7. B\u00d6L\u00dcM B\u0130RLE\u015eME AMA\u00c7LI ORTAKLIKLAR8. 8. B\u00d6L\u00dcM R\u0130SK SERMAYES\u0130 YATIRIM ORTAKLIKLARI9. 9. B\u00d6L\u00dcM HALKA ARZA G\u0130DEN G\u0130R\u0130\u015e\u0130MLER10. 10. B\u00d6L\u00dcM YATIRIMDAN \u00c7IKI\u015e (EXIT) KARARLARI11. 11. B\u00d6L\u00dcM MELEK YATIRIMCILARIN\/MELEK YATIRIM A\u011eLARININ\u00d6NEMLER\u0130\/EKOS\u0130STEME KATKILARI 12. 12. B\u00d6L\u00dcM G\u0130R\u0130\u015e\u0130M SERMAYES\u0130 UYGULAMA \u00d6RNEKLER\u0130 13. 13. B\u00d6L\u00dcM T\u00dcRK\u0130YE\u2019DE KADIN G\u0130R\u0130\u015e\u0130MC\u0130L\u0130\u011e\u0130 VE M\u0130KRO KRED\u0130 UYGULAMASI<\/p>\n","protected":false},"excerpt":{"rendered":"<p>1. B\u00d6L\u00dcM G\u0130R\u0130\u015e\u0130MC\u0130LER\u0130N ERKEN A\u015eAMADA KAR\u015eILA\u015eTI\u011eI F\u0130NANSMANSORUNLARI VE \u00c7\u00d6Z\u00dcM \u00d6NER\u0130LER\u01302. 2. B\u00d6L\u00dcM G\u0130R\u0130\u015e\u0130MC\u0130LER\u0130N B\u00dcY\u00dcME A\u015eAMASINDA KAR\u015eILA\u015eTIKLARIF\u0130NANSMAN SORUNLARI VE \u00c7\u00d6Z\u00dcM \u00d6NER\u0130LER\u01303. 3. B\u00d6L\u00dcM \u00d6ZEL SERMAYE FONLARI4. 4.<span class=\"excerpt-hellip\"> [\u2026]<\/span><\/p>\n","protected":false},"featured_media":0,"template":"","meta":{"_monsterinsights_skip_tracking":false,"_monsterinsights_sitenote_active":false,"_monsterinsights_sitenote_note":"","_monsterinsights_sitenote_category":0},"product_brand":[],"product_cat":[17249,13043],"product_tag":[],"class_list":{"0":"post-735821","1":"product","2":"type-product","3":"status-publish","5":"product_cat-borsa-finans","6":"product_cat-ekonomi","7":"pa_cilt-ciltsiz","8":"pa_tur-kitap","9":"pa_yayinevi-gazi-kitabevi","10":"pa_yazar-guluzar-kurt-gumus-ceyda-yerdelen-kaygin","12":"first","13":"instock","14":"sale","15":"shipping-taxable","16":"purchasable","17":"product-type-simple"},"_links":{"self":[{"href":"https:\/\/roveyayinevi.com.tr\/index.php\/wp-json\/wp\/v2\/product\/735821","targetHints":{"allow":["GET"]}}],"collection":[{"href":"https:\/\/roveyayinevi.com.tr\/index.php\/wp-json\/wp\/v2\/product"}],"about":[{"href":"https:\/\/roveyayinevi.com.tr\/index.php\/wp-json\/wp\/v2\/types\/product"}],"wp:attachment":[{"href":"https:\/\/roveyayinevi.com.tr\/index.php\/wp-json\/wp\/v2\/media?parent=735821"}],"wp:term":[{"taxonomy":"product_brand","embeddable":true,"href":"https:\/\/roveyayinevi.com.tr\/index.php\/wp-json\/wp\/v2\/product_brand?post=735821"},{"taxonomy":"product_cat","embeddable":true,"href":"https:\/\/roveyayinevi.com.tr\/index.php\/wp-json\/wp\/v2\/product_cat?post=735821"},{"taxonomy":"product_tag","embeddable":true,"href":"https:\/\/roveyayinevi.com.tr\/index.php\/wp-json\/wp\/v2\/product_tag?post=735821"}],"curies":[{"name":"wp","href":"https:\/\/api.w.org\/{rel}","templated":true}]}}