{"id":735820,"date":"2025-08-27T22:54:48","date_gmt":"2025-08-27T19:54:48","guid":{"rendered":"https:\/\/roveyayinevi.com.tr\/index.php\/urun\/disiplinlerarasi-iletisim-kuram-ve-yaklasimlari\/"},"modified":"2026-04-16T02:44:03","modified_gmt":"2026-04-15T23:44:03","slug":"disiplinlerarasi-iletisim-kuram-ve-yaklasimlari","status":"publish","type":"product","link":"https:\/\/roveyayinevi.com.tr\/index.php\/urun\/disiplinlerarasi-iletisim-kuram-ve-yaklasimlari\/","title":{"rendered":"Disiplinleraras\u0131 \u0130leti\u015fim Kuram ve Yakla\u015f\u0131mlar\u0131"},"content":{"rendered":"<p>I. KISIM1.1. Chicago Okulu1.2. Frankfurt Okulu1.3. Birmingham Okulu2. II. KISIM2.1. Medya ve Kitle \u0130leti\u015fim Kuramlar\u01312.2. Pop\u00fcler K\u00fclt\u00fcr Kuramlar\u01312.3. Kamusal Alan Kuramlar\u01312.4. Ekonomi Politik Kuramlar2.5. Feminist Kuramlar2.6. \u00c7at\u0131\u015fma Kuramlar\u01312.7. Ki\u015fileraras\u0131 \u0130leti\u015fim Kuramlar\u01312.8. Siyasal \u0130leti\u015fim Kuramlar\u01312.9. Diyalojik \u0130leti\u015fim Kuramlar\u0131 2.10. Arg\u00fcmantasyon Kuramlar 2.11. \u0130kna ve Sosyal Etki Kuramlar\u0131 2.12. Anlat\u0131 \u0130leti\u015fiminde Kuram ve Yakla\u015f\u0131mlar 2.13. Pazarlama Yakla\u015f\u0131mlar\u0131 2.14. Reklam Kuramlar\u0131 2.15. Gazetecilik ve Bas\u0131n Kuramlar\u0131 2.16. Film Kuramlar\u0131 2.17. G\u00f6stergebilim Kuramlar\u0131 2.18. Sistem Kuramlar\u0131 2.19. Etik Kuramlar\u0131 2.20. K\u00fcreselle\u015fme Kuramlar\u0131 2.21. Dijital \u0130leti\u015fim Kuramlar\u0131<\/p>\n","protected":false},"excerpt":{"rendered":"<p>I. KISIM1.1. Chicago Okulu1.2. Frankfurt Okulu1.3. Birmingham Okulu2. II. KISIM2.1. Medya ve Kitle \u0130leti\u015fim Kuramlar\u01312.2. Pop\u00fcler K\u00fclt\u00fcr Kuramlar\u01312.3. Kamusal Alan Kuramlar\u01312.4. Ekonomi Politik Kuramlar2.5. Feminist Kuramlar2.6.<span class=\"excerpt-hellip\"> [\u2026]<\/span><\/p>\n","protected":false},"featured_media":0,"template":"","meta":{"_monsterinsights_skip_tracking":false,"_monsterinsights_sitenote_active":false,"_monsterinsights_sitenote_note":"","_monsterinsights_sitenote_category":0},"product_brand":[],"product_cat":[15983,13488],"product_tag":[],"class_list":{"0":"post-735820","1":"product","2":"type-product","3":"status-publish","5":"product_cat-iletisim-ve-medya","6":"product_cat-toplum-ve-insan","7":"pa_cilt-ciltsiz","8":"pa_tur-kitap","9":"pa_yayinevi-gazi-kitabevi","10":"pa_yazar-cetin-murat-hazar-ozkan-avci","12":"first","13":"instock","14":"sale","15":"shipping-taxable","16":"purchasable","17":"product-type-simple"},"_links":{"self":[{"href":"https:\/\/roveyayinevi.com.tr\/index.php\/wp-json\/wp\/v2\/product\/735820","targetHints":{"allow":["GET"]}}],"collection":[{"href":"https:\/\/roveyayinevi.com.tr\/index.php\/wp-json\/wp\/v2\/product"}],"about":[{"href":"https:\/\/roveyayinevi.com.tr\/index.php\/wp-json\/wp\/v2\/types\/product"}],"wp:attachment":[{"href":"https:\/\/roveyayinevi.com.tr\/index.php\/wp-json\/wp\/v2\/media?parent=735820"}],"wp:term":[{"taxonomy":"product_brand","embeddable":true,"href":"https:\/\/roveyayinevi.com.tr\/index.php\/wp-json\/wp\/v2\/product_brand?post=735820"},{"taxonomy":"product_cat","embeddable":true,"href":"https:\/\/roveyayinevi.com.tr\/index.php\/wp-json\/wp\/v2\/product_cat?post=735820"},{"taxonomy":"product_tag","embeddable":true,"href":"https:\/\/roveyayinevi.com.tr\/index.php\/wp-json\/wp\/v2\/product_tag?post=735820"}],"curies":[{"name":"wp","href":"https:\/\/api.w.org\/{rel}","templated":true}]}}