{"id":735817,"date":"2025-08-27T22:54:46","date_gmt":"2025-08-27T19:54:46","guid":{"rendered":"https:\/\/roveyayinevi.com.tr\/index.php\/urun\/turk-sanatinin-buyuk-ustalari-1-seker-ahmed-pasa\/"},"modified":"2026-03-12T02:54:41","modified_gmt":"2026-03-11T23:54:41","slug":"turk-sanatinin-buyuk-ustalari-1-seker-ahmed-pasa","status":"publish","type":"product","link":"https:\/\/roveyayinevi.com.tr\/index.php\/urun\/turk-sanatinin-buyuk-ustalari-1-seker-ahmed-pasa\/","title":{"rendered":"T\u00fcrk Sanat\u0131n\u0131n B\u00fcy\u00fck Ustalar\u0131 1 &#8211; \u015eeker Ahmed Pa\u015fa"},"content":{"rendered":"<p>As\u0131l ad\u0131 Ahmet Ali olan ancak \u00e7ok ho\u015f sohbet ve tatl\u0131 dilli biri oldu\u011fu i\u00e7in \u00e7evresinde \u201c\u015eeker\u201d lakab\u0131yla bilinen \u015eeker Ahmed Pa\u015fa, T\u00fcrk resim sanat\u0131nda Asker Ressamlar Ku\u015fa\u011f\u0131\u2019n\u0131n \u00f6nemli temsilcilerindendi. Osmanl\u0131 saray\u0131n\u0131n ilk resim koleksiyonunu olu\u015fturmakla g\u00f6revlendirilen \u015eeker Ahmed Pa\u015fa\u2019n\u0131n bir g\u00f6revi de saray\u0131 ziyaret eden yabanc\u0131 misafirlere te\u015frifat\u00e7\u0131l\u0131k yapmakt\u0131. \u0130stanbul\u2019un Mercan semtindeki kona\u011f\u0131nda resim at\u00f6lyesi olan \u015eeker Ahmed Pa\u015fa, d\u00fczenledi\u011fi sergilerle de resim sanat\u0131na katk\u0131larda bulundu. Barbizon Okulu\u2019ndan etkilenen \u015eeker Ahmed Pa\u015fa do\u011faya bak\u0131\u015f\u0131yla g\u00f6z\u00fcn alg\u0131lad\u0131klar\u0131ndan ziyade ruhun alg\u0131lad\u0131klar\u0131n\u0131 izleyicisine aktarmay\u0131 hedeflemi\u015fti.   Hayalperest Yay\u0131nevi\u2019nin \u201cT\u00fcrk Sanat\u0131n\u0131n B\u00fcy\u00fck Ustalar\u0131\u201d ba\u015fl\u0131kl\u0131 serisinin ilk kitab\u0131 \u015eeker Ahmed Pa\u015fa, ressam\u0131n ya\u015fam\u0131na, sanata bak\u0131\u015f a\u00e7\u0131s\u0131na, sosyal ili\u015fkilerine ve i\u00e7 d\u00fcnyas\u0131na \u0131\u015f\u0131k tutuyor. \u00d6zellikle T\u00fcrk resim sanat\u0131n\u0131n geli\u015fimine dair bilgi edinmek isteyen okuru ressam\u0131n d\u00fcnyas\u0131na g\u00f6t\u00fcr\u00fcyor ve onunla birlikte vakit ge\u00e7irmesini sa\u011fl\u0131yor. <\/p>\n","protected":false},"excerpt":{"rendered":"<p>As\u0131l ad\u0131 Ahmet Ali olan ancak \u00e7ok ho\u015f sohbet ve tatl\u0131 dilli biri oldu\u011fu i\u00e7in \u00e7evresinde \u201c\u015eeker\u201d lakab\u0131yla bilinen \u015eeker Ahmed Pa\u015fa, T\u00fcrk resim sanat\u0131nda Asker<span class=\"excerpt-hellip\"> [\u2026]<\/span><\/p>\n","protected":false},"featured_media":0,"template":"","meta":{"_monsterinsights_skip_tracking":false,"_monsterinsights_sitenote_active":false,"_monsterinsights_sitenote_note":"","_monsterinsights_sitenote_category":0},"product_brand":[],"product_cat":[44608,12408],"product_tag":[],"class_list":{"0":"post-735817","1":"product","2":"type-product","3":"status-publish","5":"product_cat-diger-sanat","6":"product_cat-sanat","7":"pa_cilt-ciltsiz","8":"pa_tur-kitap","9":"pa_yayinevi-hayalperest-yayinlari","10":"pa_yazar-nilufer-ondin","12":"first","13":"instock","14":"sale","15":"shipping-taxable","16":"purchasable","17":"product-type-simple"},"_links":{"self":[{"href":"https:\/\/roveyayinevi.com.tr\/index.php\/wp-json\/wp\/v2\/product\/735817","targetHints":{"allow":["GET"]}}],"collection":[{"href":"https:\/\/roveyayinevi.com.tr\/index.php\/wp-json\/wp\/v2\/product"}],"about":[{"href":"https:\/\/roveyayinevi.com.tr\/index.php\/wp-json\/wp\/v2\/types\/product"}],"wp:attachment":[{"href":"https:\/\/roveyayinevi.com.tr\/index.php\/wp-json\/wp\/v2\/media?parent=735817"}],"wp:term":[{"taxonomy":"product_brand","embeddable":true,"href":"https:\/\/roveyayinevi.com.tr\/index.php\/wp-json\/wp\/v2\/product_brand?post=735817"},{"taxonomy":"product_cat","embeddable":true,"href":"https:\/\/roveyayinevi.com.tr\/index.php\/wp-json\/wp\/v2\/product_cat?post=735817"},{"taxonomy":"product_tag","embeddable":true,"href":"https:\/\/roveyayinevi.com.tr\/index.php\/wp-json\/wp\/v2\/product_tag?post=735817"}],"curies":[{"name":"wp","href":"https:\/\/api.w.org\/{rel}","templated":true}]}}