{"id":735809,"date":"2025-08-27T22:54:37","date_gmt":"2025-08-27T19:54:37","guid":{"rendered":"https:\/\/roveyayinevi.com.tr\/index.php\/urun\/ilk-sozcuklerim-oyuncaklar\/"},"modified":"2026-04-16T02:44:02","modified_gmt":"2026-04-15T23:44:02","slug":"ilk-sozcuklerim-oyuncaklar","status":"publish","type":"product","link":"https:\/\/roveyayinevi.com.tr\/index.php\/urun\/ilk-sozcuklerim-oyuncaklar\/","title":{"rendered":"\u0130lk S\u00f6zc\u00fcklerim &#8211; Oyuncaklar"},"content":{"rendered":"<p>\u00c7ocu\u011funuzun oyuncaklar\u0131 \u00f6\u011frenebilmesi i\u00e7in ilk kitab\u0131.\u00d6zenle se\u00e7ilmi\u015f g\u00f6rseller bebe\u011finizin *Farkl\u0131 oyuncaklar\u0131 tan\u0131yabilmesini,* Kelime da\u011farc\u0131\u011f\u0131n\u0131n olu\u015fmas\u0131n\u0131* G\u00f6zlem yeteneklerinin geli\u015fmesini sa\u011flayacak! <\/p>\n","protected":false},"excerpt":{"rendered":"<p>\u00c7ocu\u011funuzun oyuncaklar\u0131 \u00f6\u011frenebilmesi i\u00e7in ilk kitab\u0131.\u00d6zenle se\u00e7ilmi\u015f g\u00f6rseller bebe\u011finizin *Farkl\u0131 oyuncaklar\u0131 tan\u0131yabilmesini,* Kelime da\u011farc\u0131\u011f\u0131n\u0131n olu\u015fmas\u0131n\u0131* G\u00f6zlem yeteneklerinin geli\u015fmesini sa\u011flayacak!<\/p>\n","protected":false},"featured_media":0,"template":"","meta":{"_monsterinsights_skip_tracking":false,"_monsterinsights_sitenote_active":false,"_monsterinsights_sitenote_note":"","_monsterinsights_sitenote_category":0},"product_brand":[],"product_cat":[15192,12274],"product_tag":[],"class_list":{"0":"post-735809","1":"product","2":"type-product","3":"status-publish","5":"product_cat-1-3-yas-kitaplari","6":"product_cat-cocuk-ve-genclik-kitaplari","7":"pa_cilt-ciltsiz","8":"pa_tur-kitap","9":"pa_yayinevi-beyaz-balina-yayinlari","10":"pa_yazar-beyaz-balina-yayinlari-kolektif","12":"first","13":"instock","14":"sale","15":"shipping-taxable","16":"purchasable","17":"product-type-simple"},"_links":{"self":[{"href":"https:\/\/roveyayinevi.com.tr\/index.php\/wp-json\/wp\/v2\/product\/735809","targetHints":{"allow":["GET"]}}],"collection":[{"href":"https:\/\/roveyayinevi.com.tr\/index.php\/wp-json\/wp\/v2\/product"}],"about":[{"href":"https:\/\/roveyayinevi.com.tr\/index.php\/wp-json\/wp\/v2\/types\/product"}],"wp:attachment":[{"href":"https:\/\/roveyayinevi.com.tr\/index.php\/wp-json\/wp\/v2\/media?parent=735809"}],"wp:term":[{"taxonomy":"product_brand","embeddable":true,"href":"https:\/\/roveyayinevi.com.tr\/index.php\/wp-json\/wp\/v2\/product_brand?post=735809"},{"taxonomy":"product_cat","embeddable":true,"href":"https:\/\/roveyayinevi.com.tr\/index.php\/wp-json\/wp\/v2\/product_cat?post=735809"},{"taxonomy":"product_tag","embeddable":true,"href":"https:\/\/roveyayinevi.com.tr\/index.php\/wp-json\/wp\/v2\/product_tag?post=735809"}],"curies":[{"name":"wp","href":"https:\/\/api.w.org\/{rel}","templated":true}]}}