{"id":735808,"date":"2025-08-27T22:54:36","date_gmt":"2025-08-27T19:54:36","guid":{"rendered":"https:\/\/roveyayinevi.com.tr\/index.php\/urun\/annem-dokuz-dogurdu\/"},"modified":"2026-04-16T02:44:02","modified_gmt":"2026-04-15T23:44:02","slug":"annem-dokuz-dogurdu","status":"publish","type":"product","link":"https:\/\/roveyayinevi.com.tr\/index.php\/urun\/annem-dokuz-dogurdu\/","title":{"rendered":"Annem Dokuz Do\u011furdu"},"content":{"rendered":"<p>Her \u015feyin var olmak i\u00e7in bir isme ihtiyac\u0131 var. \u0130nsanlar\u0131n, hayvanlar\u0131n, e\u015fyan\u0131n&#8230; \u0130\u015fte bu da \u00d6zg\u00fcr\u2019\u00fcn var olu\u015f hik\u00e2yesi. Hem de bir de\u011fil, iki de\u011fil, be\u015f de\u011fil, tam dokuz \u00d6zg\u00fcr. Dokuz karde\u015fin dokuzunun da ad\u0131 ayn\u0131 olunca,i\u015fler kar\u0131\u015ft\u0131 tabii birbirine. G\u00fcn\u00fcn birinde yola koyuldular, kendi isimlerinin pe\u015finde&#8230;   Sevilen yazar Nergis Seli, \u00f6zg\u00fcrl\u00fck kavram\u0131na \u00e7ocuk\u00e7a bir bak\u0131\u015fla yakla\u015f\u0131yor: Kendi ismini se\u00e7me hakk\u0131. Dokuz karde\u015fin isimlerini ararken kendilerini ke\u015ffetmesini de anlatan \u00f6yk\u00fc, ill\u00fcstrat\u00f6r \u00d6yk\u00fc Akarca\u2019n\u0131n masals\u0131 resimleriyle renkleniyor. <\/p>\n","protected":false},"excerpt":{"rendered":"<p>Her \u015feyin var olmak i\u00e7in bir isme ihtiyac\u0131 var. \u0130nsanlar\u0131n, hayvanlar\u0131n, e\u015fyan\u0131n&#8230; \u0130\u015fte bu da \u00d6zg\u00fcr\u2019\u00fcn var olu\u015f hik\u00e2yesi. Hem de bir de\u011fil, iki de\u011fil, be\u015f<span class=\"excerpt-hellip\"> [\u2026]<\/span><\/p>\n","protected":false},"featured_media":0,"template":"","meta":{"_monsterinsights_skip_tracking":false,"_monsterinsights_sitenote_active":false,"_monsterinsights_sitenote_note":"","_monsterinsights_sitenote_category":0},"product_brand":[],"product_cat":[12275,12274],"product_tag":[],"class_list":{"0":"post-735808","1":"product","2":"type-product","3":"status-publish","5":"product_cat-6-12-yas-kitaplari","6":"product_cat-cocuk-ve-genclik-kitaplari","7":"pa_cilt-ciltsiz","8":"pa_tur-kitap","9":"pa_yayinevi-kirmizi-kedi-yayinevi","10":"pa_yazar-nergis-seli","12":"first","13":"instock","14":"sale","15":"shipping-taxable","16":"purchasable","17":"product-type-simple"},"_links":{"self":[{"href":"https:\/\/roveyayinevi.com.tr\/index.php\/wp-json\/wp\/v2\/product\/735808","targetHints":{"allow":["GET"]}}],"collection":[{"href":"https:\/\/roveyayinevi.com.tr\/index.php\/wp-json\/wp\/v2\/product"}],"about":[{"href":"https:\/\/roveyayinevi.com.tr\/index.php\/wp-json\/wp\/v2\/types\/product"}],"wp:attachment":[{"href":"https:\/\/roveyayinevi.com.tr\/index.php\/wp-json\/wp\/v2\/media?parent=735808"}],"wp:term":[{"taxonomy":"product_brand","embeddable":true,"href":"https:\/\/roveyayinevi.com.tr\/index.php\/wp-json\/wp\/v2\/product_brand?post=735808"},{"taxonomy":"product_cat","embeddable":true,"href":"https:\/\/roveyayinevi.com.tr\/index.php\/wp-json\/wp\/v2\/product_cat?post=735808"},{"taxonomy":"product_tag","embeddable":true,"href":"https:\/\/roveyayinevi.com.tr\/index.php\/wp-json\/wp\/v2\/product_tag?post=735808"}],"curies":[{"name":"wp","href":"https:\/\/api.w.org\/{rel}","templated":true}]}}