{"id":735803,"date":"2025-08-27T22:54:30","date_gmt":"2025-08-27T19:54:30","guid":{"rendered":"https:\/\/roveyayinevi.com.tr\/index.php\/urun\/kirilgan-3\/"},"modified":"2026-04-16T02:44:02","modified_gmt":"2026-04-15T23:44:02","slug":"kirilgan-3","status":"publish","type":"product","link":"https:\/\/roveyayinevi.com.tr\/index.php\/urun\/kirilgan-3\/","title":{"rendered":"K\u0131r\u0131lgan"},"content":{"rendered":"<p>\u201cVe \u00f6yle bir g\u00fcn geldi ki tomurcuk olarak kapal\u0131 kalmak \u00e7i\u00e7ek a\u00e7may\u0131 g\u00f6ze almaktan daha \u00e7ok ac\u0131 vermeye ba\u015flad\u0131.\u201d Ana\u00efs Nin De\u011fi\u015fim, zarif bir dalga gibi k\u0131y\u0131lar\u0131m\u0131za vurur \u00f6nce, usulca seslenir; k\u00fc\u00e7\u00fck de olsa kararl\u0131 ad\u0131mlarla ilerlememizi ve b\u00fcy\u00fcmemizi bekler; davetini g\u00f6z ard\u0131 edersek bazen g\u00fcrleyen bir f\u0131rt\u0131nayla bazen de bir y\u0131k\u0131mla \u00e7alar kap\u0131m\u0131z\u0131. Kendi b\u00fct\u00fcnl\u00fc\u011f\u00fcm\u00fcze uzanan yolda, en zor ve k\u00f6r noktalardan biridir onu i\u00e7eri almak ve kabul etmek. Ve k\u0131r\u0131lganl\u0131k, bu g\u00f6n\u00fcll\u00fc yahut zoraki kabul\u00fcn ard\u0131ndan d\u00fcr\u00fcstl\u00fck ve \u015feffafl\u0131kla beliren, \u201cKimim?\u201d, \u201cNeredeyim?\u201d, \u201cNelere ihtiyac\u0131m var?\u201d, \u201cNeleri g\u00f6z ard\u0131 ediyorum?\u201d, \u201cNelerden korkuyorum?\u201d, \u201cNe istiyorum?\u201d gibi sorularla gelen, bizi i\u00e7sel bir yolculukla kendimizi ke\u015ffe \u00e7\u0131karan sad\u0131k bir refakat\u00e7idir. Zay\u0131fl\u0131k, yoksunluk de\u011fil; aksine, bir cesaret bildirgesidir k\u0131r\u0131lganl\u0131k. Olan\u0131n \u00fczerini \u00f6rtmeden, ka\u00e7madan, kendi s\u0131n\u0131rlar\u0131m\u0131z\u0131 da g\u00f6zeterek, a\u00e7\u0131k y\u00fcreklilikle, korkunun fark\u0131nda olup yine de de\u011fi\u015fimin uzatt\u0131\u011f\u0131, yenili\u011fe giden k\u00f6pr\u00fcye ad\u0131m atmakt\u0131r. D\u00f6rt b\u00f6l\u00fcmden olu\u015fan bu kitapta, en k\u0131r\u0131lgan halleriyle sisli bir bilinmezli\u011fin i\u00e7inden ge\u00e7erek yol alan ve b\u00f6ylece, tomurcuk olman\u0131n \u00f6tesinde \u00e7i\u00e7ek a\u00e7may\u0131 g\u00f6ze alan karakterlerin hik\u00e2yeleriyle bulu\u015facaks\u0131n\u0131z. <\/p>\n","protected":false},"excerpt":{"rendered":"<p>\u201cVe \u00f6yle bir g\u00fcn geldi ki tomurcuk olarak kapal\u0131 kalmak \u00e7i\u00e7ek a\u00e7may\u0131 g\u00f6ze almaktan daha \u00e7ok ac\u0131 vermeye ba\u015flad\u0131.\u201d Ana\u00efs Nin De\u011fi\u015fim, zarif bir dalga gibi<span class=\"excerpt-hellip\"> [\u2026]<\/span><\/p>\n","protected":false},"featured_media":0,"template":"","meta":{"_monsterinsights_skip_tracking":false,"_monsterinsights_sitenote_active":false,"_monsterinsights_sitenote_note":"","_monsterinsights_sitenote_category":0},"product_brand":[],"product_cat":[12291,12711],"product_tag":[],"class_list":{"0":"post-735803","1":"product","2":"type-product","3":"status-publish","5":"product_cat-edebiyat","6":"product_cat-roman-oyku","7":"pa_cilt-ciltsiz","8":"pa_tur-kitap","9":"pa_yayinevi-luna-yayinlari","10":"pa_yazar-leyla-yalcin","12":"first","13":"instock","14":"sale","15":"shipping-taxable","16":"purchasable","17":"product-type-simple"},"_links":{"self":[{"href":"https:\/\/roveyayinevi.com.tr\/index.php\/wp-json\/wp\/v2\/product\/735803","targetHints":{"allow":["GET"]}}],"collection":[{"href":"https:\/\/roveyayinevi.com.tr\/index.php\/wp-json\/wp\/v2\/product"}],"about":[{"href":"https:\/\/roveyayinevi.com.tr\/index.php\/wp-json\/wp\/v2\/types\/product"}],"wp:attachment":[{"href":"https:\/\/roveyayinevi.com.tr\/index.php\/wp-json\/wp\/v2\/media?parent=735803"}],"wp:term":[{"taxonomy":"product_brand","embeddable":true,"href":"https:\/\/roveyayinevi.com.tr\/index.php\/wp-json\/wp\/v2\/product_brand?post=735803"},{"taxonomy":"product_cat","embeddable":true,"href":"https:\/\/roveyayinevi.com.tr\/index.php\/wp-json\/wp\/v2\/product_cat?post=735803"},{"taxonomy":"product_tag","embeddable":true,"href":"https:\/\/roveyayinevi.com.tr\/index.php\/wp-json\/wp\/v2\/product_tag?post=735803"}],"curies":[{"name":"wp","href":"https:\/\/api.w.org\/{rel}","templated":true}]}}