{"id":735802,"date":"2025-08-27T22:54:28","date_gmt":"2025-08-27T19:54:28","guid":{"rendered":"https:\/\/roveyayinevi.com.tr\/index.php\/urun\/miralayin-kizi-sureyya\/"},"modified":"2026-04-16T02:44:02","modified_gmt":"2026-04-15T23:44:02","slug":"miralayin-kizi-sureyya","status":"publish","type":"product","link":"https:\/\/roveyayinevi.com.tr\/index.php\/urun\/miralayin-kizi-sureyya\/","title":{"rendered":"Miralay\u0131n K\u0131z\u0131 S\u00fcreyya"},"content":{"rendered":"<p>S\u00fcreyya, Amasya&#8217;da k\u00f6kl\u00fc bir ailenin en k\u00fc\u00e7\u00fck k\u0131z\u0131d\u0131r. Babaannesi Senane Han\u0131m&#8217;\u0131n g\u00f6zbebe\u011fidir. S\u00fcreyya, amcas\u0131n\u0131n o\u011fluyla be\u015fik kertmesi yap\u0131lm\u0131\u015ft\u0131r. Gen\u00e7 k\u0131z onunla evlenmek istemez ve ni\u015fan g\u00fcn\u00fc evden ka\u00e7ar. Zaki, Afganistan \u015eah\u0131&#8217;n\u0131n ye\u011fenidir. T\u00fcrkiye&#8217;ye t\u0131p e\u011fitimi g\u00f6rmeye gelmi\u015ftir, uzmanl\u0131\u011f\u0131n\u0131 psikiyatri \u00fczerine yapacakt\u0131r. Onun da \u015eah taraf\u0131ndan uygun g\u00f6r\u00fclen bir be\u015fik kertmesi vard\u0131r. Kader iki farkl\u0131 co\u011frafyan\u0131n insan\u0131n\u0131 bir araya getirir. S\u00fcreyya a\u015fk\u0131 Ankara&#8217;n\u0131n sonbahar\u0131nda musiki dinleyerek tan\u0131r. Ac\u0131 ile a\u015fk\u0131n birbirine girdi\u011fi bir hayat ya\u015far.Na\u015fide G\u00f6kbudak Miralay\u0131n K\u0131z\u0131 S\u00fcreyya&#8217;da, k\u00f6kle\u015fmi\u015f gelenekleri, kad\u0131n-erkek ili\u015fkilerini, yeni T\u00fcrkiye&#8217;nin kimli\u011fini olu\u015ftururken toplumun ge\u00e7irdi\u011fi zorluklar\u0131, s\u00fcr\u00fckleyici bir kurgu ve ak\u0131c\u0131 bir \u00fcslupla ele al\u0131yor.Miralay\u0131n K\u0131z\u0131 S\u00fcreyya a\u015fk\u0131n ve tarihin tozlu sayfalar\u0131n\u0131 aral\u0131yor. .<\/p>\n","protected":false},"excerpt":{"rendered":"<p>S\u00fcreyya, Amasya&#8217;da k\u00f6kl\u00fc bir ailenin en k\u00fc\u00e7\u00fck k\u0131z\u0131d\u0131r. Babaannesi Senane Han\u0131m&#8217;\u0131n g\u00f6zbebe\u011fidir. S\u00fcreyya, amcas\u0131n\u0131n o\u011fluyla be\u015fik kertmesi yap\u0131lm\u0131\u015ft\u0131r. Gen\u00e7 k\u0131z onunla evlenmek istemez ve ni\u015fan g\u00fcn\u00fc<span class=\"excerpt-hellip\"> [\u2026]<\/span><\/p>\n","protected":false},"featured_media":0,"template":"","meta":{"_monsterinsights_skip_tracking":false,"_monsterinsights_sitenote_active":false,"_monsterinsights_sitenote_note":"","_monsterinsights_sitenote_category":0},"product_brand":[],"product_cat":[12291,12711],"product_tag":[],"class_list":{"0":"post-735802","1":"product","2":"type-product","3":"status-publish","5":"product_cat-edebiyat","6":"product_cat-roman-oyku","7":"pa_cilt-ciltsiz","8":"pa_tur-kitap","9":"pa_yayinevi-nemesis-kitap","10":"pa_yazar-naside-gokbudak","12":"first","13":"instock","14":"sale","15":"shipping-taxable","16":"purchasable","17":"product-type-simple"},"_links":{"self":[{"href":"https:\/\/roveyayinevi.com.tr\/index.php\/wp-json\/wp\/v2\/product\/735802","targetHints":{"allow":["GET"]}}],"collection":[{"href":"https:\/\/roveyayinevi.com.tr\/index.php\/wp-json\/wp\/v2\/product"}],"about":[{"href":"https:\/\/roveyayinevi.com.tr\/index.php\/wp-json\/wp\/v2\/types\/product"}],"wp:attachment":[{"href":"https:\/\/roveyayinevi.com.tr\/index.php\/wp-json\/wp\/v2\/media?parent=735802"}],"wp:term":[{"taxonomy":"product_brand","embeddable":true,"href":"https:\/\/roveyayinevi.com.tr\/index.php\/wp-json\/wp\/v2\/product_brand?post=735802"},{"taxonomy":"product_cat","embeddable":true,"href":"https:\/\/roveyayinevi.com.tr\/index.php\/wp-json\/wp\/v2\/product_cat?post=735802"},{"taxonomy":"product_tag","embeddable":true,"href":"https:\/\/roveyayinevi.com.tr\/index.php\/wp-json\/wp\/v2\/product_tag?post=735802"}],"curies":[{"name":"wp","href":"https:\/\/api.w.org\/{rel}","templated":true}]}}