{"id":735801,"date":"2025-08-27T22:54:27","date_gmt":"2025-08-27T19:54:27","guid":{"rendered":"https:\/\/roveyayinevi.com.tr\/index.php\/urun\/kac-yil-gecti-aradan\/"},"modified":"2026-04-16T02:44:02","modified_gmt":"2026-04-15T23:44:02","slug":"kac-yil-gecti-aradan","status":"publish","type":"product","link":"https:\/\/roveyayinevi.com.tr\/index.php\/urun\/kac-yil-gecti-aradan\/","title":{"rendered":"Ka\u00e7 Y\u0131l Ge\u00e7ti Aradan"},"content":{"rendered":"<p>Onlar\u0131 buraya zorla g\u00f6nderen birileri de\u011fil, ya\u015famlar\u0131ndan eksik olmayan f\u0131rt\u0131nalard\u0131.\u201d    Bir k\u0131\u015f gecesi \u00c7engelk\u00f6y\u2019deki bir k\u00f6\u015fkte bulu\u015fan sekiz kad\u0131n, bir masan\u0131n etraf\u0131nda toplan\u0131p samimiyet oyunu oynamaya ve hayat hik\u00e2yelerini anlatmaya ba\u015flar. Oyunun sonunda asl\u0131nda birbirlerini hi\u00e7 tan\u0131mad\u0131klar\u0131n\u0131 fark ederler. Farkl\u0131 olduklar\u0131n\u0131 anlasalar da hayat\u0131n b\u0131rakt\u0131\u011f\u0131 izler, heyecanlar, ac\u0131lar, h\u00fcz\u00fcnler, a\u015fklar ve ayr\u0131l\u0131klar tan\u0131d\u0131kt\u0131r.   Y\u0131llar\u0131n d\u00f6rt bir yana savurdu\u011fu sekiz arkada\u015f\u0131n yollar\u0131, yirmi be\u015f y\u0131l aradan sonra bir yaz gecesi tekrar kesi\u015fir. Art\u0131k onlar\u0131n anlatacak yeni hik\u00e2yeleri vard\u0131r.   Na\u015fide G\u00f6kbudak, Ka\u00e7 Y\u0131l Ge\u00e7ti Aradan\u2019da g\u00fc\u00e7l\u00fc kad\u0131n karakterlerin sava\u015f\u0131n\u0131 ger\u00e7ek\u00e7i bir yakla\u015f\u0131mla okura sunuyor..   <\/p>\n","protected":false},"excerpt":{"rendered":"<p>Onlar\u0131 buraya zorla g\u00f6nderen birileri de\u011fil, ya\u015famlar\u0131ndan eksik olmayan f\u0131rt\u0131nalard\u0131.\u201d Bir k\u0131\u015f gecesi \u00c7engelk\u00f6y\u2019deki bir k\u00f6\u015fkte bulu\u015fan sekiz kad\u0131n, bir masan\u0131n etraf\u0131nda toplan\u0131p samimiyet oyunu oynamaya<span class=\"excerpt-hellip\"> [\u2026]<\/span><\/p>\n","protected":false},"featured_media":0,"template":"","meta":{"_monsterinsights_skip_tracking":false,"_monsterinsights_sitenote_active":false,"_monsterinsights_sitenote_note":"","_monsterinsights_sitenote_category":0},"product_brand":[],"product_cat":[12291,12711],"product_tag":[],"class_list":{"0":"post-735801","1":"product","2":"type-product","3":"status-publish","5":"product_cat-edebiyat","6":"product_cat-roman-oyku","7":"pa_cilt-ciltsiz","8":"pa_tur-kitap","9":"pa_yayinevi-nemesis-kitap","10":"pa_yazar-naside-gokbudak","12":"first","13":"instock","14":"sale","15":"shipping-taxable","16":"purchasable","17":"product-type-simple"},"_links":{"self":[{"href":"https:\/\/roveyayinevi.com.tr\/index.php\/wp-json\/wp\/v2\/product\/735801","targetHints":{"allow":["GET"]}}],"collection":[{"href":"https:\/\/roveyayinevi.com.tr\/index.php\/wp-json\/wp\/v2\/product"}],"about":[{"href":"https:\/\/roveyayinevi.com.tr\/index.php\/wp-json\/wp\/v2\/types\/product"}],"wp:attachment":[{"href":"https:\/\/roveyayinevi.com.tr\/index.php\/wp-json\/wp\/v2\/media?parent=735801"}],"wp:term":[{"taxonomy":"product_brand","embeddable":true,"href":"https:\/\/roveyayinevi.com.tr\/index.php\/wp-json\/wp\/v2\/product_brand?post=735801"},{"taxonomy":"product_cat","embeddable":true,"href":"https:\/\/roveyayinevi.com.tr\/index.php\/wp-json\/wp\/v2\/product_cat?post=735801"},{"taxonomy":"product_tag","embeddable":true,"href":"https:\/\/roveyayinevi.com.tr\/index.php\/wp-json\/wp\/v2\/product_tag?post=735801"}],"curies":[{"name":"wp","href":"https:\/\/api.w.org\/{rel}","templated":true}]}}