{"id":735800,"date":"2025-08-27T22:54:26","date_gmt":"2025-08-27T19:54:26","guid":{"rendered":"https:\/\/roveyayinevi.com.tr\/index.php\/urun\/nese-mutsuzgil-okulda-is-basa-dustu-ciltli\/"},"modified":"2026-04-16T02:44:02","modified_gmt":"2026-04-15T23:44:02","slug":"nese-mutsuzgil-okulda-is-basa-dustu-ciltli","status":"publish","type":"product","link":"https:\/\/roveyayinevi.com.tr\/index.php\/urun\/nese-mutsuzgil-okulda-is-basa-dustu-ciltli\/","title":{"rendered":"Ne\u015fe Mutsuzgil Okulda &#8211; \u0130\u015f Ba\u015fa D\u00fc\u015ft\u00fc (Ciltli)"},"content":{"rendered":"<p>Dikkat! Birazdan Ne\u015fe Mutsuzgil\u2019le tan\u0131\u015facaks\u0131n\u0131z.  Ad\u0131ndan ve soyad\u0131ndan anlayaca\u011f\u0131n\u0131z gibi o tam bir uyumsuzluk krali\u00e7esi. Sorun \u00e7\u0131karmada da bir numara. Biraz deli biraz da \u015fa\u015fk\u0131n ama hepsinden \u00e7ok yarat\u0131c\u0131\u2026 O sorunlar\u0131 \u00e7eken bir m\u0131knat\u0131s vee\u011flenceli bir mucit. Ne\u015fe Mutsuzgil\u2019in ilk maceras\u0131n\u0131okumaya haz\u0131r m\u0131s\u0131n\u0131z?  <\/p>\n","protected":false},"excerpt":{"rendered":"<p>Dikkat! Birazdan Ne\u015fe Mutsuzgil\u2019le tan\u0131\u015facaks\u0131n\u0131z. Ad\u0131ndan ve soyad\u0131ndan anlayaca\u011f\u0131n\u0131z gibi o tam bir uyumsuzluk krali\u00e7esi. Sorun \u00e7\u0131karmada da bir numara. Biraz deli biraz da \u015fa\u015fk\u0131n ama<span class=\"excerpt-hellip\"> [\u2026]<\/span><\/p>\n","protected":false},"featured_media":0,"template":"","meta":{"_monsterinsights_skip_tracking":false,"_monsterinsights_sitenote_active":false,"_monsterinsights_sitenote_note":"","_monsterinsights_sitenote_category":0},"product_brand":[],"product_cat":[12275,12274],"product_tag":[],"class_list":{"0":"post-735800","1":"product","2":"type-product","3":"status-publish","5":"product_cat-6-12-yas-kitaplari","6":"product_cat-cocuk-ve-genclik-kitaplari","7":"pa_cilt-ciltli","8":"pa_tur-kitap","9":"pa_yayinevi-masalperest-ozel-urun","10":"pa_yazar-sefa-ceran-ozturk","12":"first","13":"instock","14":"sale","15":"shipping-taxable","16":"purchasable","17":"product-type-simple"},"_links":{"self":[{"href":"https:\/\/roveyayinevi.com.tr\/index.php\/wp-json\/wp\/v2\/product\/735800","targetHints":{"allow":["GET"]}}],"collection":[{"href":"https:\/\/roveyayinevi.com.tr\/index.php\/wp-json\/wp\/v2\/product"}],"about":[{"href":"https:\/\/roveyayinevi.com.tr\/index.php\/wp-json\/wp\/v2\/types\/product"}],"wp:attachment":[{"href":"https:\/\/roveyayinevi.com.tr\/index.php\/wp-json\/wp\/v2\/media?parent=735800"}],"wp:term":[{"taxonomy":"product_brand","embeddable":true,"href":"https:\/\/roveyayinevi.com.tr\/index.php\/wp-json\/wp\/v2\/product_brand?post=735800"},{"taxonomy":"product_cat","embeddable":true,"href":"https:\/\/roveyayinevi.com.tr\/index.php\/wp-json\/wp\/v2\/product_cat?post=735800"},{"taxonomy":"product_tag","embeddable":true,"href":"https:\/\/roveyayinevi.com.tr\/index.php\/wp-json\/wp\/v2\/product_tag?post=735800"}],"curies":[{"name":"wp","href":"https:\/\/api.w.org\/{rel}","templated":true}]}}