{"id":735799,"date":"2025-08-27T22:54:24","date_gmt":"2025-08-27T19:54:24","guid":{"rendered":"https:\/\/roveyayinevi.com.tr\/index.php\/urun\/domuzlar\/"},"modified":"2026-04-11T14:03:33","modified_gmt":"2026-04-11T11:03:33","slug":"domuzlar","status":"publish","type":"product","link":"https:\/\/roveyayinevi.com.tr\/index.php\/urun\/domuzlar\/","title":{"rendered":"Domuzlar"},"content":{"rendered":"<p>\u00c7a\u011fda\u015f d\u00fcnyan\u0131n a\u015f\u0131r\u0131l\u0131klar\u0131n\u0131 zarif\u00e7e i\u015fleyen bir masal.   Domuzlar bir alegori ya da bir Yunan tragedyas\u0131n\u0131 and\u0131r\u0131yor\u2026 Kitab\u0131n etkili ve samimi dili karma\u015f\u0131k ger\u00e7ekleri aktar\u0131yor\u2026 \u00c7arp\u0131c\u0131 ve umut dolu bu kitap, i\u00e7ten y\u00fckselen bir devrimi savunuyor. Mari Carlson    D\u00fcnyan\u0131n d\u00f6rt bir yan\u0131ndan at\u0131lan \u00e7\u00f6plerin son dura\u011f\u0131 olan bir adada ya\u015fayan d\u00f6rt \u00e7ocuk\u2026 \u00c7\u00f6p gelir, \u00e7ocuklar \u00e7\u00f6p\u00fc ay\u0131klar ve \u00e7\u00f6pleri doymak bilmeyen domuzlara atarlar. Bu m\u00fckemmel i\u015fleyen bir sistemdir. Fakat sonra k\u0131y\u0131ya i\u00e7inde \u00e7ocuk ta\u015f\u0131yan bir f\u0131\u00e7\u0131 vurur. Adadakiler karar vermek zorundad\u0131r: Bu o\u011flan d\u00fcnyan\u0131n \u00e7\u00f6p\u00fc, yani domuz yemi midir yoksa onlardan biri midir? Ald\u0131klar\u0131 karar, hayatlar\u0131n\u0131 ve sistemi geri d\u00f6n\u00fclmez olarak de\u011fi\u015ftirecektir.    Domuzlar etkileyici, \u00f6zenli ve sembolik diliyle gezegenimize, \u00e7ocuklara ve ayn\u0131 havay\u0131 soludu\u011fumuz insanlara kar\u015f\u0131 sorumluluklar\u0131m\u0131z\u0131 ne kadar yerine getirebildi\u011fimizi sorguluyor. Masum kalman\u0131n m\u00fcmk\u00fcn olup olmad\u0131\u011f\u0131na cevap ar\u0131yor.   <\/p>\n","protected":false},"excerpt":{"rendered":"<p>\u00c7a\u011fda\u015f d\u00fcnyan\u0131n a\u015f\u0131r\u0131l\u0131klar\u0131n\u0131 zarif\u00e7e i\u015fleyen bir masal. Domuzlar bir alegori ya da bir Yunan tragedyas\u0131n\u0131 and\u0131r\u0131yor\u2026 Kitab\u0131n etkili ve samimi dili karma\u015f\u0131k ger\u00e7ekleri aktar\u0131yor\u2026 \u00c7arp\u0131c\u0131 ve<span class=\"excerpt-hellip\"> [\u2026]<\/span><\/p>\n","protected":false},"featured_media":0,"template":"","meta":{"_monsterinsights_skip_tracking":false,"_monsterinsights_sitenote_active":false,"_monsterinsights_sitenote_note":"","_monsterinsights_sitenote_category":0},"product_brand":[],"product_cat":[12291,12711],"product_tag":[],"class_list":{"0":"post-735799","1":"product","2":"type-product","3":"status-publish","5":"product_cat-edebiyat","6":"product_cat-roman-oyku","7":"pa_cilt-ciltsiz","8":"pa_tur-kitap","9":"pa_yayinevi-nora-kitap","10":"pa_yazar-johanna-stoberock","12":"first","13":"instock","14":"sale","15":"shipping-taxable","16":"purchasable","17":"product-type-simple"},"_links":{"self":[{"href":"https:\/\/roveyayinevi.com.tr\/index.php\/wp-json\/wp\/v2\/product\/735799","targetHints":{"allow":["GET"]}}],"collection":[{"href":"https:\/\/roveyayinevi.com.tr\/index.php\/wp-json\/wp\/v2\/product"}],"about":[{"href":"https:\/\/roveyayinevi.com.tr\/index.php\/wp-json\/wp\/v2\/types\/product"}],"wp:attachment":[{"href":"https:\/\/roveyayinevi.com.tr\/index.php\/wp-json\/wp\/v2\/media?parent=735799"}],"wp:term":[{"taxonomy":"product_brand","embeddable":true,"href":"https:\/\/roveyayinevi.com.tr\/index.php\/wp-json\/wp\/v2\/product_brand?post=735799"},{"taxonomy":"product_cat","embeddable":true,"href":"https:\/\/roveyayinevi.com.tr\/index.php\/wp-json\/wp\/v2\/product_cat?post=735799"},{"taxonomy":"product_tag","embeddable":true,"href":"https:\/\/roveyayinevi.com.tr\/index.php\/wp-json\/wp\/v2\/product_tag?post=735799"}],"curies":[{"name":"wp","href":"https:\/\/api.w.org\/{rel}","templated":true}]}}