{"id":735797,"date":"2025-08-27T22:54:22","date_gmt":"2025-08-27T19:54:22","guid":{"rendered":"https:\/\/roveyayinevi.com.tr\/index.php\/urun\/kahraman-korkuluk\/"},"modified":"2026-04-16T02:44:02","modified_gmt":"2026-04-15T23:44:02","slug":"kahraman-korkuluk","status":"publish","type":"product","link":"https:\/\/roveyayinevi.com.tr\/index.php\/urun\/kahraman-korkuluk\/","title":{"rendered":"Kahraman Korkuluk"},"content":{"rendered":"<p>Kargalar \u00e7ok tela\u015fl\u0131. M\u0131s\u0131r tarlas\u0131nda bir n\u00f6bet\u00e7i var. Fakat o da ne? Bu gizemli n\u00f6bet\u00e7i tek ba\u015f\u0131na kalmaktan s\u0131k\u0131lm\u0131\u015f, geveze ve korkak bir korkuluktan ba\u015fkas\u0131 de\u011fil. Kargalarla dostluk kuran bu sevimli, \u00fcrkek dostumuzun, g\u00f6z\u00fc pek bir kahramana d\u00f6n\u00fc\u015fmesini yak\u0131ndan izlemeye ne dersiniz? Sizce kahraman olmak zor mu? Peki, ya\u015fl\u0131 bir karga bizlere dostlu\u011fu, payla\u015fmay\u0131, yard\u0131mla\u015fmay\u0131, iyili\u011fi \u00f6\u011fretebilir mi? Cesaret do\u011fu\u015ftan m\u0131 gelir?   T\u00fcm bu sorular\u0131n cevaplar\u0131 ve daha fazlas\u0131 sizleri bekliyor.   Bu arada kitab\u0131n sonuna senin i\u00e7in baz\u0131 oyunlar koyduk. Hep beraber bulmacalar\u0131, sorular\u0131 \u00e7\u00f6zerek \u00e7ok e\u011flenece\u011fiz. <\/p>\n","protected":false},"excerpt":{"rendered":"<p>Kargalar \u00e7ok tela\u015fl\u0131. M\u0131s\u0131r tarlas\u0131nda bir n\u00f6bet\u00e7i var. Fakat o da ne? Bu gizemli n\u00f6bet\u00e7i tek ba\u015f\u0131na kalmaktan s\u0131k\u0131lm\u0131\u015f, geveze ve korkak bir korkuluktan ba\u015fkas\u0131 de\u011fil.<span class=\"excerpt-hellip\"> [\u2026]<\/span><\/p>\n","protected":false},"featured_media":0,"template":"","meta":{"_monsterinsights_skip_tracking":false,"_monsterinsights_sitenote_active":false,"_monsterinsights_sitenote_note":"","_monsterinsights_sitenote_category":0},"product_brand":[],"product_cat":[12275,12274],"product_tag":[],"class_list":{"0":"post-735797","1":"product","2":"type-product","3":"status-publish","5":"product_cat-6-12-yas-kitaplari","6":"product_cat-cocuk-ve-genclik-kitaplari","7":"pa_cilt-ciltsiz","8":"pa_tur-kitap","9":"pa_yayinevi-ucan-at","10":"pa_yazar-yasemin-aykol","12":"first","13":"instock","14":"sale","15":"shipping-taxable","16":"purchasable","17":"product-type-simple"},"_links":{"self":[{"href":"https:\/\/roveyayinevi.com.tr\/index.php\/wp-json\/wp\/v2\/product\/735797","targetHints":{"allow":["GET"]}}],"collection":[{"href":"https:\/\/roveyayinevi.com.tr\/index.php\/wp-json\/wp\/v2\/product"}],"about":[{"href":"https:\/\/roveyayinevi.com.tr\/index.php\/wp-json\/wp\/v2\/types\/product"}],"wp:attachment":[{"href":"https:\/\/roveyayinevi.com.tr\/index.php\/wp-json\/wp\/v2\/media?parent=735797"}],"wp:term":[{"taxonomy":"product_brand","embeddable":true,"href":"https:\/\/roveyayinevi.com.tr\/index.php\/wp-json\/wp\/v2\/product_brand?post=735797"},{"taxonomy":"product_cat","embeddable":true,"href":"https:\/\/roveyayinevi.com.tr\/index.php\/wp-json\/wp\/v2\/product_cat?post=735797"},{"taxonomy":"product_tag","embeddable":true,"href":"https:\/\/roveyayinevi.com.tr\/index.php\/wp-json\/wp\/v2\/product_tag?post=735797"}],"curies":[{"name":"wp","href":"https:\/\/api.w.org\/{rel}","templated":true}]}}