{"id":735794,"date":"2025-08-27T22:54:18","date_gmt":"2025-08-27T19:54:18","guid":{"rendered":"https:\/\/roveyayinevi.com.tr\/index.php\/urun\/2022-sifirdan\/"},"modified":"2026-04-16T02:44:02","modified_gmt":"2026-04-15T23:44:02","slug":"2022-sifirdan","status":"publish","type":"product","link":"https:\/\/roveyayinevi.com.tr\/index.php\/urun\/2022-sifirdan\/","title":{"rendered":"2022 S\u0131f\u0131rdan"},"content":{"rendered":"<p>\u201cS\u0131f\u0131rdan\u201d Ba\u015fl\u0131yoruz 2022 y\u0131l\u0131 daha ba\u015flamadan, g\u00fcr\u00fclt\u00fcs\u00fc t\u00fcm d\u00fcnyay\u0131 \u00e7epe\u00e7evre sard\u0131. \u0130nsanl\u0131k s\u0131k\u0131\u015ft\u0131ran, k\u0131s\u0131tlayan nitelikte bir y\u0131l\u0131 arkas\u0131nda b\u0131rak\u0131rken, pandemi kelimesinin \u00e7oktan ortadan kalkt\u0131\u011f\u0131n\u0131 g\u00f6rece\u011fiz. \u201cVar Olmak\u201d e\u015fi\u011finden atlarken 2022 y\u0131l\u0131na; mavi gezegenimizde insana dair t\u00fcm etik de\u011ferlerin sorgulanmas\u0131 ve resmiyet kazanan kararlar\u0131n ge\u00e7erlili\u011finin tart\u0131\u015f\u0131lmas\u0131 e\u015fli\u011finde ba\u015flayaca\u011f\u0131z! 2022\u2019de Ba\u015fak Bur\u00e7lar\u0131 Kazan\u0131yor Bilgi Sonsuza Dek Cehaleti Y\u00f6netecektir \u015eubat ay\u0131n\u0131n endam\u0131 g\u00f6klere s\u0131\u011fmayacak t\u00fcrden olacak. Yeniay, Kova burcunda yerini ald\u0131\u011f\u0131nda son y\u0131llarda ivme kazanan S\u0130HA teknolojisinde ne kadar mesafe kat edildi\u011fine \u015fa\u015fk\u0131nl\u0131klar\u0131m\u0131z e\u015fli\u011finde \u015fahit olaca\u011f\u0131z. Ko\u00e7 Bur\u00e7lar\u0131! Ne G\u00fcnlerden Ge\u00e7tiniz Her Dertli Kaderi Kendine D\u00fc\u015fman Bilir \u0130stanbul S\u00f6zle\u015fmesi\u2019nin 2011\u2019de imzalan\u0131rken mak\u00fbs bir talihe sahip olmad\u0131\u011f\u0131n\u0131, varl\u0131\u011f\u0131n\u0131 daima koruyaca\u011f\u0131n\u0131 ve se\u00e7im vaatlerine konu olmayacak kadar ihtiya\u00e7 duyulan bir yap\u0131 oldu\u011funu da akl\u0131selim insanlardan dinleyece\u011fiz. Bal\u0131k Bur\u00e7lar\u0131 Kulak Verin, G\u00f6ky\u00fcz\u00fc Size Ak\u0131yor Ku\u015faklar De\u011fi\u015ftik\u00e7e Y\u00f6n\u00fcm\u00fcz De\u011fi\u015fiyor T\u00fcrk siyaseti \u00fczerinde \u00fclkemizin gen\u00e7 n\u00fcfusunun etkisi yads\u0131namaz bir ger\u00e7ek olacak. Gen\u00e7lerimizin y\u00fcz\u00fcndeki umutsuzluk bulutlar\u0131 da\u011f\u0131lmaya ba\u015flayacak. Terazi Bur\u00e7lar\u0131! 2022, D\u00fc\u011f\u00fcmleri \u00c7\u00f6zecek 67. H\u00fck\u00fcmet Kuruluyor Haz\u0131r m\u0131s\u0131n\u0131z? \u00dclkemiz bir\u00e7ok \u00f6nemli badire atlatacak. Mars, y\u00f6netti\u011fi burca geldi\u011finde ise yery\u00fcz\u00fcn\u00fcn kor ate\u015fini art\u0131rabilir. Kendi i\u00e7inde ayr\u0131\u015fan partiler, kapanan partiler T\u00fcrkiye\u2019nin g\u00fcndemini 24 saatte bir de\u011fi\u015fime u\u011fratacak.<\/p>\n","protected":false},"excerpt":{"rendered":"<p>\u201cS\u0131f\u0131rdan\u201d Ba\u015fl\u0131yoruz 2022 y\u0131l\u0131 daha ba\u015flamadan, g\u00fcr\u00fclt\u00fcs\u00fc t\u00fcm d\u00fcnyay\u0131 \u00e7epe\u00e7evre sard\u0131. \u0130nsanl\u0131k s\u0131k\u0131\u015ft\u0131ran, k\u0131s\u0131tlayan nitelikte bir y\u0131l\u0131 arkas\u0131nda b\u0131rak\u0131rken, pandemi kelimesinin \u00e7oktan ortadan kalkt\u0131\u011f\u0131n\u0131 g\u00f6rece\u011fiz. \u201cVar<span class=\"excerpt-hellip\"> [\u2026]<\/span><\/p>\n","protected":false},"featured_media":0,"template":"","meta":{"_monsterinsights_skip_tracking":false,"_monsterinsights_sitenote_active":false,"_monsterinsights_sitenote_note":"","_monsterinsights_sitenote_category":0},"product_brand":[],"product_cat":[19840,12364],"product_tag":[],"class_list":{"0":"post-735794","1":"product","2":"type-product","3":"status-publish","5":"product_cat-astroloji","6":"product_cat-genel-konular","7":"pa_cilt-ciltsiz","8":"pa_tur-kitap","9":"pa_yayinevi-inkilap-kitabevi","10":"pa_yazar-zeynep-turan","12":"first","13":"instock","14":"sale","15":"shipping-taxable","16":"purchasable","17":"product-type-simple"},"_links":{"self":[{"href":"https:\/\/roveyayinevi.com.tr\/index.php\/wp-json\/wp\/v2\/product\/735794","targetHints":{"allow":["GET"]}}],"collection":[{"href":"https:\/\/roveyayinevi.com.tr\/index.php\/wp-json\/wp\/v2\/product"}],"about":[{"href":"https:\/\/roveyayinevi.com.tr\/index.php\/wp-json\/wp\/v2\/types\/product"}],"wp:attachment":[{"href":"https:\/\/roveyayinevi.com.tr\/index.php\/wp-json\/wp\/v2\/media?parent=735794"}],"wp:term":[{"taxonomy":"product_brand","embeddable":true,"href":"https:\/\/roveyayinevi.com.tr\/index.php\/wp-json\/wp\/v2\/product_brand?post=735794"},{"taxonomy":"product_cat","embeddable":true,"href":"https:\/\/roveyayinevi.com.tr\/index.php\/wp-json\/wp\/v2\/product_cat?post=735794"},{"taxonomy":"product_tag","embeddable":true,"href":"https:\/\/roveyayinevi.com.tr\/index.php\/wp-json\/wp\/v2\/product_tag?post=735794"}],"curies":[{"name":"wp","href":"https:\/\/api.w.org\/{rel}","templated":true}]}}