{"id":735792,"date":"2025-08-27T22:54:16","date_gmt":"2025-08-27T19:54:16","guid":{"rendered":"https:\/\/roveyayinevi.com.tr\/index.php\/urun\/antika-ajanda-2022\/"},"modified":"2026-04-16T02:44:02","modified_gmt":"2026-04-15T23:44:02","slug":"antika-ajanda-2022","status":"publish","type":"product","link":"https:\/\/roveyayinevi.com.tr\/index.php\/urun\/antika-ajanda-2022\/","title":{"rendered":"Antika Ajanda 2022"},"content":{"rendered":"<p>Antik Yunan d\u00fcnyas\u0131n\u0131 merkeze alan Antika Ajanda, 2022 y\u0131l\u0131nda \u201cBilim\u201d temas\u0131yla \u00e7\u0131k\u0131yor. Fizikten mitolojiye, geometriden felsefeye, t\u0131ptan co\u011frafyaya ke\u015ffe \u00e7\u0131karan heyecanl\u0131 bir maceraya haz\u0131r olun!<\/p>\n","protected":false},"excerpt":{"rendered":"<p>Antik Yunan d\u00fcnyas\u0131n\u0131 merkeze alan Antika Ajanda, 2022 y\u0131l\u0131nda \u201cBilim\u201d temas\u0131yla \u00e7\u0131k\u0131yor. Fizikten mitolojiye, geometriden felsefeye, t\u0131ptan co\u011frafyaya ke\u015ffe \u00e7\u0131karan heyecanl\u0131 bir maceraya haz\u0131r olun!<\/p>\n","protected":false},"featured_media":0,"template":"","meta":{"_monsterinsights_skip_tracking":false,"_monsterinsights_sitenote_active":false,"_monsterinsights_sitenote_note":"","_monsterinsights_sitenote_category":0},"product_brand":[],"product_cat":[28265,15563],"product_tag":[],"class_list":{"0":"post-735792","1":"product","2":"type-product","3":"status-publish","5":"product_cat-diger-hobi","6":"product_cat-hobi","7":"pa_cilt-ciltsiz","8":"pa_tur-kitap","9":"pa_yayinevi-pinhan-yayincilik","10":"pa_yazar-adem-beyaz-ozlem-sinal","12":"first","13":"instock","14":"sale","15":"shipping-taxable","16":"purchasable","17":"product-type-simple"},"_links":{"self":[{"href":"https:\/\/roveyayinevi.com.tr\/index.php\/wp-json\/wp\/v2\/product\/735792","targetHints":{"allow":["GET"]}}],"collection":[{"href":"https:\/\/roveyayinevi.com.tr\/index.php\/wp-json\/wp\/v2\/product"}],"about":[{"href":"https:\/\/roveyayinevi.com.tr\/index.php\/wp-json\/wp\/v2\/types\/product"}],"wp:attachment":[{"href":"https:\/\/roveyayinevi.com.tr\/index.php\/wp-json\/wp\/v2\/media?parent=735792"}],"wp:term":[{"taxonomy":"product_brand","embeddable":true,"href":"https:\/\/roveyayinevi.com.tr\/index.php\/wp-json\/wp\/v2\/product_brand?post=735792"},{"taxonomy":"product_cat","embeddable":true,"href":"https:\/\/roveyayinevi.com.tr\/index.php\/wp-json\/wp\/v2\/product_cat?post=735792"},{"taxonomy":"product_tag","embeddable":true,"href":"https:\/\/roveyayinevi.com.tr\/index.php\/wp-json\/wp\/v2\/product_tag?post=735792"}],"curies":[{"name":"wp","href":"https:\/\/api.w.org\/{rel}","templated":true}]}}