{"id":735791,"date":"2025-08-27T22:54:15","date_gmt":"2025-08-27T19:54:15","guid":{"rendered":"https:\/\/roveyayinevi.com.tr\/index.php\/urun\/toplumsal-etkilesim-toplumsal-gucler\/"},"modified":"2026-04-16T02:44:02","modified_gmt":"2026-04-15T23:44:02","slug":"toplumsal-etkilesim-toplumsal-gucler","status":"publish","type":"product","link":"https:\/\/roveyayinevi.com.tr\/index.php\/urun\/toplumsal-etkilesim-toplumsal-gucler\/","title":{"rendered":"Toplumsal Etkile\u015fim &amp; Toplumsal G\u00fc\u00e7ler"},"content":{"rendered":"<p>Amerikan sosyolojisinin kurucu isimlerinden olan Robert E. Park, bu eserinde toplumsal etkile\u015fime ve toplumsal g\u00fc\u00e7lere odaklan\u0131yor. Bu kavramlar\u0131n ve fikirlerin temellerini a\u00e7\u0131kl\u0131yor, yard\u0131mc\u0131 kavramlar arac\u0131l\u0131\u011f\u0131yla ba\u011flamlar\u0131n\u0131 ayd\u0131nlat\u0131yor, bunun yan\u0131nda konuya dair okuma listeleri de sunuyor. Sosyoloji Bilimine Giri\u015f dizisinin bir par\u00e7as\u0131 olan bu metinler, kapsam\u0131 ve tarihselli\u011fi bak\u0131m\u0131ndan referans eser niteli\u011finde.<\/p>\n","protected":false},"excerpt":{"rendered":"<p>Amerikan sosyolojisinin kurucu isimlerinden olan Robert E. Park, bu eserinde toplumsal etkile\u015fime ve toplumsal g\u00fc\u00e7lere odaklan\u0131yor. Bu kavramlar\u0131n ve fikirlerin temellerini a\u00e7\u0131kl\u0131yor, yard\u0131mc\u0131 kavramlar arac\u0131l\u0131\u011f\u0131yla ba\u011flamlar\u0131n\u0131<span class=\"excerpt-hellip\"> [\u2026]<\/span><\/p>\n","protected":false},"featured_media":0,"template":"","meta":{"_monsterinsights_skip_tracking":false,"_monsterinsights_sitenote_active":false,"_monsterinsights_sitenote_note":"","_monsterinsights_sitenote_category":0},"product_brand":[],"product_cat":[12835,12324],"product_tag":[],"class_list":{"0":"post-735791","1":"product","2":"type-product","3":"status-publish","5":"product_cat-genel-sosyoloji","6":"product_cat-sosyoloji","7":"pa_cilt-ciltsiz","8":"pa_tur-kitap","9":"pa_yayinevi-pinhan-yayincilik","10":"pa_yazar-robert-ezra-park","12":"first","13":"instock","14":"sale","15":"shipping-taxable","16":"purchasable","17":"product-type-simple"},"_links":{"self":[{"href":"https:\/\/roveyayinevi.com.tr\/index.php\/wp-json\/wp\/v2\/product\/735791","targetHints":{"allow":["GET"]}}],"collection":[{"href":"https:\/\/roveyayinevi.com.tr\/index.php\/wp-json\/wp\/v2\/product"}],"about":[{"href":"https:\/\/roveyayinevi.com.tr\/index.php\/wp-json\/wp\/v2\/types\/product"}],"wp:attachment":[{"href":"https:\/\/roveyayinevi.com.tr\/index.php\/wp-json\/wp\/v2\/media?parent=735791"}],"wp:term":[{"taxonomy":"product_brand","embeddable":true,"href":"https:\/\/roveyayinevi.com.tr\/index.php\/wp-json\/wp\/v2\/product_brand?post=735791"},{"taxonomy":"product_cat","embeddable":true,"href":"https:\/\/roveyayinevi.com.tr\/index.php\/wp-json\/wp\/v2\/product_cat?post=735791"},{"taxonomy":"product_tag","embeddable":true,"href":"https:\/\/roveyayinevi.com.tr\/index.php\/wp-json\/wp\/v2\/product_tag?post=735791"}],"curies":[{"name":"wp","href":"https:\/\/api.w.org\/{rel}","templated":true}]}}