{"id":735788,"date":"2025-08-27T22:54:12","date_gmt":"2025-08-27T19:54:12","guid":{"rendered":"https:\/\/roveyayinevi.com.tr\/index.php\/urun\/goca-cafer\/"},"modified":"2026-04-16T02:44:01","modified_gmt":"2026-04-15T23:44:01","slug":"goca-cafer","status":"publish","type":"product","link":"https:\/\/roveyayinevi.com.tr\/index.php\/urun\/goca-cafer\/","title":{"rendered":"Goca Cafer"},"content":{"rendered":"<p>Hepimize tan\u0131d\u0131k gelen kahramanlar\u0131, yan\u0131 ba\u015f\u0131m\u0131zdaki ya\u015fanm\u0131\u015fl\u0131klar\u0131 duyarl\u0131 bir bak\u0131\u015fla bizlere ta\u015f\u0131yan i\u00e7tenlikli \u00f6yk\u00fclerle bulu\u015fmaya haz\u0131r m\u0131s\u0131n\u0131z? Okurlar\u0131na ya\u015fad\u0131\u011f\u0131 kentin de\u011ferlerini ke\u015ffetmeleri i\u00e7in ayak izleri b\u0131rakmay\u0131 s\u00fcrd\u00fcren bir yazarla \u00e7o\u011faltan, hat\u0131rlatan, \u00e7a\u011f\u0131ran yepyeni yolculuklara yelken a\u00e7\u0131yorsunuz. Neler yok ki bu keyifli yolculukta? Ayd\u0131n ve \u00e7evresinin k\u00fclt\u00fcrel zenginli\u011fi oda\u011f\u0131nda; deve g\u00fcre\u015flerinden isimsiz kahramanlara, \u00e7ocukluk bah\u00e7esinden g\u00fcndelik ya\u015fam s\u00fcrprizlerine ve daha neler neler! \u0130sterseniz  eseriyle bir k\u00fclt\u00fcr el\u00e7isi olmay\u0131 ba\u015faran yazar\u0131m\u0131za kulak verip, yollara d\u00fc\u015felim \u015fimdi. Belki bir yerlerde kar\u015f\u0131la\u015f\u0131r\u0131z, kim bilir?<\/p>\n","protected":false},"excerpt":{"rendered":"<p>Hepimize tan\u0131d\u0131k gelen kahramanlar\u0131, yan\u0131 ba\u015f\u0131m\u0131zdaki ya\u015fanm\u0131\u015fl\u0131klar\u0131 duyarl\u0131 bir bak\u0131\u015fla bizlere ta\u015f\u0131yan i\u00e7tenlikli \u00f6yk\u00fclerle bulu\u015fmaya haz\u0131r m\u0131s\u0131n\u0131z? Okurlar\u0131na ya\u015fad\u0131\u011f\u0131 kentin de\u011ferlerini ke\u015ffetmeleri i\u00e7in ayak izleri b\u0131rakmay\u0131<span class=\"excerpt-hellip\"> [\u2026]<\/span><\/p>\n","protected":false},"featured_media":0,"template":"","meta":{"_monsterinsights_skip_tracking":false,"_monsterinsights_sitenote_active":false,"_monsterinsights_sitenote_note":"","_monsterinsights_sitenote_category":0},"product_brand":[],"product_cat":[12777,12291],"product_tag":[],"class_list":{"0":"post-735788","1":"product","2":"type-product","3":"status-publish","5":"product_cat-deneme","6":"product_cat-edebiyat","7":"pa_cilt-ciltsiz","8":"pa_tur-kitap","9":"pa_yayinevi-sinirsiz-kitap","10":"pa_yazar-huseyin-asar","12":"first","13":"instock","14":"sale","15":"shipping-taxable","16":"purchasable","17":"product-type-simple"},"_links":{"self":[{"href":"https:\/\/roveyayinevi.com.tr\/index.php\/wp-json\/wp\/v2\/product\/735788","targetHints":{"allow":["GET"]}}],"collection":[{"href":"https:\/\/roveyayinevi.com.tr\/index.php\/wp-json\/wp\/v2\/product"}],"about":[{"href":"https:\/\/roveyayinevi.com.tr\/index.php\/wp-json\/wp\/v2\/types\/product"}],"wp:attachment":[{"href":"https:\/\/roveyayinevi.com.tr\/index.php\/wp-json\/wp\/v2\/media?parent=735788"}],"wp:term":[{"taxonomy":"product_brand","embeddable":true,"href":"https:\/\/roveyayinevi.com.tr\/index.php\/wp-json\/wp\/v2\/product_brand?post=735788"},{"taxonomy":"product_cat","embeddable":true,"href":"https:\/\/roveyayinevi.com.tr\/index.php\/wp-json\/wp\/v2\/product_cat?post=735788"},{"taxonomy":"product_tag","embeddable":true,"href":"https:\/\/roveyayinevi.com.tr\/index.php\/wp-json\/wp\/v2\/product_tag?post=735788"}],"curies":[{"name":"wp","href":"https:\/\/api.w.org\/{rel}","templated":true}]}}