{"id":735787,"date":"2025-08-27T22:54:11","date_gmt":"2025-08-27T19:54:11","guid":{"rendered":"https:\/\/roveyayinevi.com.tr\/index.php\/urun\/sozcuklerin-buyusu\/"},"modified":"2026-04-16T02:44:01","modified_gmt":"2026-04-15T23:44:01","slug":"sozcuklerin-buyusu","status":"publish","type":"product","link":"https:\/\/roveyayinevi.com.tr\/index.php\/urun\/sozcuklerin-buyusu\/","title":{"rendered":"S\u00f6zc\u00fcklerin B\u00fcy\u00fcs\u00fc"},"content":{"rendered":"<p>SANSARYAN HAN Seksen darbesinden Can Y\u00fccel ile Ahmed Arif, Sansaryan Han\u2019a al\u0131n\u0131rlar. A\u011f\u0131r i\u015fkencelerden ge\u00e7erler. Ve Can Y\u00fccel o g\u00fcnleri \u015fu c\u00fcmlelerle anlat\u0131r; \u201cAhmed\u2019in sesini duyuyorum, inlemelerini. Beni susturmak i\u00e7in d\u00f6v\u00fcyorlar, onu konu\u015fturmak i\u00e7in.\u201d <\/p>\n","protected":false},"excerpt":{"rendered":"<p>SANSARYAN HAN Seksen darbesinden Can Y\u00fccel ile Ahmed Arif, Sansaryan Han\u2019a al\u0131n\u0131rlar. A\u011f\u0131r i\u015fkencelerden ge\u00e7erler. Ve Can Y\u00fccel o g\u00fcnleri \u015fu c\u00fcmlelerle anlat\u0131r; \u201cAhmed\u2019in sesini duyuyorum,<span class=\"excerpt-hellip\"> [\u2026]<\/span><\/p>\n","protected":false},"featured_media":0,"template":"","meta":{"_monsterinsights_skip_tracking":false,"_monsterinsights_sitenote_active":false,"_monsterinsights_sitenote_note":"","_monsterinsights_sitenote_category":0},"product_brand":[],"product_cat":[12777,12291],"product_tag":[],"class_list":{"0":"post-735787","1":"product","2":"type-product","3":"status-publish","5":"product_cat-deneme","6":"product_cat-edebiyat","7":"pa_cilt-ciltsiz","8":"pa_tur-kitap","9":"pa_yayinevi-sinirsiz-kitap","10":"pa_yazar-zeynel-murat-cetin","12":"first","13":"instock","14":"sale","15":"shipping-taxable","16":"purchasable","17":"product-type-simple"},"_links":{"self":[{"href":"https:\/\/roveyayinevi.com.tr\/index.php\/wp-json\/wp\/v2\/product\/735787","targetHints":{"allow":["GET"]}}],"collection":[{"href":"https:\/\/roveyayinevi.com.tr\/index.php\/wp-json\/wp\/v2\/product"}],"about":[{"href":"https:\/\/roveyayinevi.com.tr\/index.php\/wp-json\/wp\/v2\/types\/product"}],"wp:attachment":[{"href":"https:\/\/roveyayinevi.com.tr\/index.php\/wp-json\/wp\/v2\/media?parent=735787"}],"wp:term":[{"taxonomy":"product_brand","embeddable":true,"href":"https:\/\/roveyayinevi.com.tr\/index.php\/wp-json\/wp\/v2\/product_brand?post=735787"},{"taxonomy":"product_cat","embeddable":true,"href":"https:\/\/roveyayinevi.com.tr\/index.php\/wp-json\/wp\/v2\/product_cat?post=735787"},{"taxonomy":"product_tag","embeddable":true,"href":"https:\/\/roveyayinevi.com.tr\/index.php\/wp-json\/wp\/v2\/product_tag?post=735787"}],"curies":[{"name":"wp","href":"https:\/\/api.w.org\/{rel}","templated":true}]}}