{"id":735786,"date":"2025-08-27T22:54:09","date_gmt":"2025-08-27T19:54:09","guid":{"rendered":"https:\/\/roveyayinevi.com.tr\/index.php\/urun\/eylule-inanirim\/"},"modified":"2026-04-16T02:44:01","modified_gmt":"2026-04-15T23:44:01","slug":"eylule-inanirim","status":"publish","type":"product","link":"https:\/\/roveyayinevi.com.tr\/index.php\/urun\/eylule-inanirim\/","title":{"rendered":"Eyl\u00fcle \u0130nan\u0131r\u0131m"},"content":{"rendered":"<p>Uyuyordum; mehtaba uyand\u0131rd\u0131n. Sustum, g\u00f6zlerine bakt\u0131m uzun uzun, \u015eurama dokunsan, \u0130\u015fte \u015fu ac\u0131yan yerime, Neleri dinler, neleri duyars\u0131n!..<\/p>\n","protected":false},"excerpt":{"rendered":"<p>Uyuyordum; mehtaba uyand\u0131rd\u0131n. Sustum, g\u00f6zlerine bakt\u0131m uzun uzun, \u015eurama dokunsan, \u0130\u015fte \u015fu ac\u0131yan yerime, Neleri dinler, neleri duyars\u0131n!..<\/p>\n","protected":false},"featured_media":0,"template":"","meta":{"_monsterinsights_skip_tracking":false,"_monsterinsights_sitenote_active":false,"_monsterinsights_sitenote_note":"","_monsterinsights_sitenote_category":0},"product_brand":[],"product_cat":[12291,12509],"product_tag":[],"class_list":{"0":"post-735786","1":"product","2":"type-product","3":"status-publish","5":"product_cat-edebiyat","6":"product_cat-siir","7":"pa_cilt-ciltsiz","8":"pa_tur-kitap","9":"pa_yayinevi-sinirsiz-kitap","10":"pa_yazar-zeynel-murat-cetin","12":"first","13":"instock","14":"sale","15":"shipping-taxable","16":"purchasable","17":"product-type-simple"},"_links":{"self":[{"href":"https:\/\/roveyayinevi.com.tr\/index.php\/wp-json\/wp\/v2\/product\/735786","targetHints":{"allow":["GET"]}}],"collection":[{"href":"https:\/\/roveyayinevi.com.tr\/index.php\/wp-json\/wp\/v2\/product"}],"about":[{"href":"https:\/\/roveyayinevi.com.tr\/index.php\/wp-json\/wp\/v2\/types\/product"}],"wp:attachment":[{"href":"https:\/\/roveyayinevi.com.tr\/index.php\/wp-json\/wp\/v2\/media?parent=735786"}],"wp:term":[{"taxonomy":"product_brand","embeddable":true,"href":"https:\/\/roveyayinevi.com.tr\/index.php\/wp-json\/wp\/v2\/product_brand?post=735786"},{"taxonomy":"product_cat","embeddable":true,"href":"https:\/\/roveyayinevi.com.tr\/index.php\/wp-json\/wp\/v2\/product_cat?post=735786"},{"taxonomy":"product_tag","embeddable":true,"href":"https:\/\/roveyayinevi.com.tr\/index.php\/wp-json\/wp\/v2\/product_tag?post=735786"}],"curies":[{"name":"wp","href":"https:\/\/api.w.org\/{rel}","templated":true}]}}