{"id":735785,"date":"2025-08-27T22:54:08","date_gmt":"2025-08-27T19:54:08","guid":{"rendered":"https:\/\/roveyayinevi.com.tr\/index.php\/urun\/aglayan-konak\/"},"modified":"2026-04-16T02:44:01","modified_gmt":"2026-04-15T23:44:01","slug":"aglayan-konak","status":"publish","type":"product","link":"https:\/\/roveyayinevi.com.tr\/index.php\/urun\/aglayan-konak\/","title":{"rendered":"A\u011flayan Konak"},"content":{"rendered":"<p>Bu konak, karde\u015flerimle yeti\u015fkin olmaya ad\u0131m atmaya ba\u015flayana kadar, sayd\u0131\u011f\u0131m di\u011fer evlerin \u00e7oklu\u011funa ra\u011fmen uzun bir s\u00fcre g\u00fczelli\u011fini korumay\u0131 ba\u015fard\u0131. G\u00f6vdesinden saklamba\u00e7 oynanmas\u0131na hi\u00e7 k\u0131zmad\u0131. Dallar\u0131 ve yapraklar\u0131 her zaman bu oyunlar\u0131 izlemekten b\u00fcy\u00fck keyif ald\u0131. Oyunlara dahil oldu. Elinden geldi\u011fince di\u011fer evlere kom\u015fuluk etti. Bah\u00e7esindeki \u00e7i\u00e7ek kokular\u0131n\u0131 kimseden esirgemedi. Tulumbas\u0131ndan \u00e7\u0131kan su i\u00e7ilsin diye \u00e7o\u011fu zaman avlusunun kap\u0131s\u0131n\u0131 kilitlemedi. Duvarlar\u0131ndan d\u0131\u015far\u0131ya do\u011fru sarkan meyvelerinin yenilmesine hi\u00e7 ses \u00e7\u0131karmad\u0131. T\u00fcm bunlar\u0131 yaparken hasta ve yorgun ya\u015fl\u0131 kad\u0131nlar\u0131n \u00e7\u0131kard\u0131\u011f\u0131 oflamalara benzeyen iniltiler yay\u0131yordu. Derdini tasas\u0131n\u0131 saklamaya \u00e7al\u0131\u015fsa da feri s\u00f6nm\u00fc\u015f g\u00f6zleri kona\u011f\u0131 ele veriyordu. <\/p>\n","protected":false},"excerpt":{"rendered":"<p>Bu konak, karde\u015flerimle yeti\u015fkin olmaya ad\u0131m atmaya ba\u015flayana kadar, sayd\u0131\u011f\u0131m di\u011fer evlerin \u00e7oklu\u011funa ra\u011fmen uzun bir s\u00fcre g\u00fczelli\u011fini korumay\u0131 ba\u015fard\u0131. G\u00f6vdesinden saklamba\u00e7 oynanmas\u0131na hi\u00e7 k\u0131zmad\u0131. Dallar\u0131<span class=\"excerpt-hellip\"> [\u2026]<\/span><\/p>\n","protected":false},"featured_media":0,"template":"","meta":{"_monsterinsights_skip_tracking":false,"_monsterinsights_sitenote_active":false,"_monsterinsights_sitenote_note":"","_monsterinsights_sitenote_category":0},"product_brand":[],"product_cat":[12777,12291],"product_tag":[],"class_list":{"0":"post-735785","1":"product","2":"type-product","3":"status-publish","5":"product_cat-deneme","6":"product_cat-edebiyat","7":"pa_cilt-ciltsiz","8":"pa_tur-kitap","9":"pa_yayinevi-sinirsiz-kitap","10":"pa_yazar-huseyin-kete","12":"first","13":"instock","14":"sale","15":"shipping-taxable","16":"purchasable","17":"product-type-simple"},"_links":{"self":[{"href":"https:\/\/roveyayinevi.com.tr\/index.php\/wp-json\/wp\/v2\/product\/735785","targetHints":{"allow":["GET"]}}],"collection":[{"href":"https:\/\/roveyayinevi.com.tr\/index.php\/wp-json\/wp\/v2\/product"}],"about":[{"href":"https:\/\/roveyayinevi.com.tr\/index.php\/wp-json\/wp\/v2\/types\/product"}],"wp:attachment":[{"href":"https:\/\/roveyayinevi.com.tr\/index.php\/wp-json\/wp\/v2\/media?parent=735785"}],"wp:term":[{"taxonomy":"product_brand","embeddable":true,"href":"https:\/\/roveyayinevi.com.tr\/index.php\/wp-json\/wp\/v2\/product_brand?post=735785"},{"taxonomy":"product_cat","embeddable":true,"href":"https:\/\/roveyayinevi.com.tr\/index.php\/wp-json\/wp\/v2\/product_cat?post=735785"},{"taxonomy":"product_tag","embeddable":true,"href":"https:\/\/roveyayinevi.com.tr\/index.php\/wp-json\/wp\/v2\/product_tag?post=735785"}],"curies":[{"name":"wp","href":"https:\/\/api.w.org\/{rel}","templated":true}]}}