{"id":735782,"date":"2025-08-27T22:54:04","date_gmt":"2025-08-27T19:54:04","guid":{"rendered":"https:\/\/roveyayinevi.com.tr\/index.php\/urun\/konusmamiz-lazim\/"},"modified":"2026-04-12T02:50:31","modified_gmt":"2026-04-11T23:50:31","slug":"konusmamiz-lazim","status":"publish","type":"product","link":"https:\/\/roveyayinevi.com.tr\/index.php\/urun\/konusmamiz-lazim\/","title":{"rendered":"Konu\u015fmam\u0131z Laz\u0131m"},"content":{"rendered":"<p>\u0130\u015fe gitmeye haz\u0131rlan\u0131rken ay\u0131rd\u0131\u011f\u0131m\u0131z s\u00fcre evlili\u011fe haz\u0131rl\u0131k i\u00e7in ay\u0131rd\u0131\u011f\u0131m\u0131z s\u00fcreden \u00e7ok daha fazla deseler inan\u0131r m\u0131s\u0131n\u0131z? D\u00fcnyaca \u00fcnl\u00fc evlilik dan\u0131\u015fman\u0131 Gary Chapman yeni kitab\u0131yla bu fikri k\u00f6kten de\u011fi\u015ftirmeyi ama\u00e7l\u0131yor. Otuz be\u015f y\u0131ld\u0131r \u00e7iftlere dan\u0131\u015fmanl\u0131k hizmeti veren Chapman\u2019a g\u00f6re, haz\u0131rl\u0131klar tam yap\u0131lmad\u0131\u011f\u0131 ve birlikte bir tak\u0131m gibi hareket edilmedi\u011fi s\u00fcrece mutsuz sonlar da ka\u00e7\u0131n\u0131lmaz olacakt\u0131r. Peki mutlu sondan ne anl\u0131yoruz? Bu k\u00fc\u00e7\u00fck ama mucizeler yaratabilecek kitapta sevgiyle beslenen, her iki taraf\u0131n da huzurlu oldu\u011fu ve birbirini destekledi\u011fi evliliklerin uzun ve sa\u011fl\u0131kl\u0131 bir \u015fekilde s\u00fcrmesini sa\u011flayacak bilgeli\u011fe ve ipu\u00e7lar\u0131na eri\u015febilirsiniz. Bu kitab\u0131 bir \u00e7\u0131rp\u0131da okumay\u0131 akl\u0131n\u0131zdan ge\u00e7irmeyin. Her bir ad\u0131mda deneyimlemek ve sonucunu g\u00f6rmek istedi\u011finiz \u015feyler olacak. Gary Chapman, sevgiyi anlama ve g\u00f6sterme bi\u00e7imlerini be\u015f ana noktada toplad\u0131\u011f\u0131 ve ki\u015filerin sevgiyi alg\u0131lama bi\u00e7imini \u00e7\u00f6zemedi\u011fi takdirde iki farkl\u0131 dil konu\u015fup birbirini anlayamad\u0131\u011f\u0131 ve uzakla\u015fmaya ba\u015flad\u0131\u011f\u0131n\u0131 Be\u015f Sevgi Dili adl\u0131 kitapta yazarak milyonlarca \u00e7iftin ili\u015fkiye bak\u0131\u015f\u0131n\u0131 etkilemi\u015ftir. <\/p>\n","protected":false},"excerpt":{"rendered":"<p>\u0130\u015fe gitmeye haz\u0131rlan\u0131rken ay\u0131rd\u0131\u011f\u0131m\u0131z s\u00fcre evlili\u011fe haz\u0131rl\u0131k i\u00e7in ay\u0131rd\u0131\u011f\u0131m\u0131z s\u00fcreden \u00e7ok daha fazla deseler inan\u0131r m\u0131s\u0131n\u0131z? D\u00fcnyaca \u00fcnl\u00fc evlilik dan\u0131\u015fman\u0131 Gary Chapman yeni kitab\u0131yla bu fikri<span class=\"excerpt-hellip\"> [\u2026]<\/span><\/p>\n","protected":false},"featured_media":0,"template":"","meta":{"_monsterinsights_skip_tracking":false,"_monsterinsights_sitenote_active":false,"_monsterinsights_sitenote_note":"","_monsterinsights_sitenote_category":0},"product_brand":[],"product_cat":[12364,12376],"product_tag":[],"class_list":{"0":"post-735782","1":"product","2":"type-product","3":"status-publish","5":"product_cat-genel-konular","6":"product_cat-kisisel-gelisim","7":"pa_cilt-ciltsiz","8":"pa_tur-kitap","9":"pa_yayinevi-koridor-yayincilik","10":"pa_yazar-gary-chapman","12":"first","13":"instock","14":"sale","15":"shipping-taxable","16":"purchasable","17":"product-type-simple"},"_links":{"self":[{"href":"https:\/\/roveyayinevi.com.tr\/index.php\/wp-json\/wp\/v2\/product\/735782","targetHints":{"allow":["GET"]}}],"collection":[{"href":"https:\/\/roveyayinevi.com.tr\/index.php\/wp-json\/wp\/v2\/product"}],"about":[{"href":"https:\/\/roveyayinevi.com.tr\/index.php\/wp-json\/wp\/v2\/types\/product"}],"wp:attachment":[{"href":"https:\/\/roveyayinevi.com.tr\/index.php\/wp-json\/wp\/v2\/media?parent=735782"}],"wp:term":[{"taxonomy":"product_brand","embeddable":true,"href":"https:\/\/roveyayinevi.com.tr\/index.php\/wp-json\/wp\/v2\/product_brand?post=735782"},{"taxonomy":"product_cat","embeddable":true,"href":"https:\/\/roveyayinevi.com.tr\/index.php\/wp-json\/wp\/v2\/product_cat?post=735782"},{"taxonomy":"product_tag","embeddable":true,"href":"https:\/\/roveyayinevi.com.tr\/index.php\/wp-json\/wp\/v2\/product_tag?post=735782"}],"curies":[{"name":"wp","href":"https:\/\/api.w.org\/{rel}","templated":true}]}}