{"id":735781,"date":"2025-08-27T22:54:04","date_gmt":"2025-08-27T19:54:04","guid":{"rendered":"https:\/\/roveyayinevi.com.tr\/index.php\/urun\/isimsiz-cocuk\/"},"modified":"2026-04-16T02:44:01","modified_gmt":"2026-04-15T23:44:01","slug":"isimsiz-cocuk","status":"publish","type":"product","link":"https:\/\/roveyayinevi.com.tr\/index.php\/urun\/isimsiz-cocuk\/","title":{"rendered":"\u0130simsiz \u00c7ocuk"},"content":{"rendered":"<p>Bu kitap sizi Kaliforniya tarihindeki en ciddi \u00e7ocuk istismar\u0131 vakalar\u0131ndan biriyle ve anne kavram\u0131n\u0131n en \u015feytani boyutuyla y\u00fcz y\u00fcze getiriyor. Alkolik ve duygusal olarak dengesiz annesi taraf\u0131ndan vah\u015fice d\u00f6v\u00fclen ve \u00f6lesiye a\u00e7 b\u0131rak\u0131lan Dave Pelzer\u2019in bir \u00e7\u0131rp\u0131da okunan ama ak\u0131llardan kolayca \u00e7\u0131kmayan hik\u00e2yesi bu. \u00d6yle bir anne d\u00fc\u015f\u00fcn\u00fcn ki \u00f6ng\u00f6r\u00fclemez ve dolamba\u00e7l\u0131 oyunlar oynuyor, \u00e7ocu\u011funa t\u00fcrl\u00fc t\u00fcrl\u00fc i\u015fkenceler yap\u0131yor ve onu her g\u00fcn \u00f6l\u00fcmle burun buruna getiriyor. Dave hayatta kalmak i\u00e7in annesinin bu oyunlar\u0131n\u0131 kazanmak zorunda. Ne yaz\u0131k ki annesi onu o\u011flu olarak de\u011fil, bir k\u00f6le olarak g\u00f6r\u00fcyor. \u0130smiyle \u00e7a\u011f\u0131rmaya bile tenezz\u00fcl etmedi\u011fi bir k\u00f6le&#8230; Dave evlerinin bodrum kat\u0131nda eski bir yatakta yat\u0131yor, giysileri kirli ve y\u0131rt\u0131k p\u0131rt\u0131k. Annesi g\u00fczel bir \u015feyler yemesine izin verdi\u011finde de bu ancak bir k\u00f6pe\u011fin burun k\u0131v\u0131raca\u011f\u0131 t\u00fcrden \u015feyler oluyor. Dave\u2019in ya\u015fad\u0131\u011f\u0131 k\u00e2bustan kimsenin haberi yok. Sevgisiz, \u00e7aresiz ve yapayaln\u0131z. Sahip oldu\u011fu tek \u015fey hayalleri, onlar sayesinde ayakta kalabiliyor. Asl\u0131nda tek iste\u011fi di\u011fer \u00e7ocuklar gibi olmak; doymak, s\u0131cak bir yatakta uyumak ve sevilmek&#8230; <\/p>\n","protected":false},"excerpt":{"rendered":"<p>Bu kitap sizi Kaliforniya tarihindeki en ciddi \u00e7ocuk istismar\u0131 vakalar\u0131ndan biriyle ve anne kavram\u0131n\u0131n en \u015feytani boyutuyla y\u00fcz y\u00fcze getiriyor. Alkolik ve duygusal olarak dengesiz annesi<span class=\"excerpt-hellip\"> [\u2026]<\/span><\/p>\n","protected":false},"featured_media":0,"template":"","meta":{"_monsterinsights_skip_tracking":false,"_monsterinsights_sitenote_active":false,"_monsterinsights_sitenote_note":"","_monsterinsights_sitenote_category":0},"product_brand":[],"product_cat":[12831,12324],"product_tag":[],"class_list":{"0":"post-735781","1":"product","2":"type-product","3":"status-publish","5":"product_cat-aile-ve-cocuk","6":"product_cat-sosyoloji","7":"pa_cilt-ciltsiz","8":"pa_tur-kitap","9":"pa_yayinevi-koridor-yayincilik","10":"pa_yazar-dave-pelzer","12":"first","13":"instock","14":"sale","15":"shipping-taxable","16":"purchasable","17":"product-type-simple"},"_links":{"self":[{"href":"https:\/\/roveyayinevi.com.tr\/index.php\/wp-json\/wp\/v2\/product\/735781","targetHints":{"allow":["GET"]}}],"collection":[{"href":"https:\/\/roveyayinevi.com.tr\/index.php\/wp-json\/wp\/v2\/product"}],"about":[{"href":"https:\/\/roveyayinevi.com.tr\/index.php\/wp-json\/wp\/v2\/types\/product"}],"wp:attachment":[{"href":"https:\/\/roveyayinevi.com.tr\/index.php\/wp-json\/wp\/v2\/media?parent=735781"}],"wp:term":[{"taxonomy":"product_brand","embeddable":true,"href":"https:\/\/roveyayinevi.com.tr\/index.php\/wp-json\/wp\/v2\/product_brand?post=735781"},{"taxonomy":"product_cat","embeddable":true,"href":"https:\/\/roveyayinevi.com.tr\/index.php\/wp-json\/wp\/v2\/product_cat?post=735781"},{"taxonomy":"product_tag","embeddable":true,"href":"https:\/\/roveyayinevi.com.tr\/index.php\/wp-json\/wp\/v2\/product_tag?post=735781"}],"curies":[{"name":"wp","href":"https:\/\/api.w.org\/{rel}","templated":true}]}}