{"id":735778,"date":"2025-08-27T22:54:00","date_gmt":"2025-08-27T19:54:00","guid":{"rendered":"https:\/\/roveyayinevi.com.tr\/index.php\/urun\/kitap-aski\/"},"modified":"2026-04-16T02:44:01","modified_gmt":"2026-04-15T23:44:01","slug":"kitap-aski","status":"publish","type":"product","link":"https:\/\/roveyayinevi.com.tr\/index.php\/urun\/kitap-aski\/","title":{"rendered":"Kitap A\u015fk\u0131"},"content":{"rendered":"<p>Kitap kurtlar\u0131 topla\u015f\u0131n!   Sayfalar\u0131 koklamaktan zevk alan, kitaplar\u0131 istiflemeden duramayan, kitabevleriyle k\u00fct\u00fcphaneleri ikinci yuvalar\u0131 bellemi\u015f kitap \u00e2\u015f\u0131klar\u0131n\u0131n hik\u00e2yesine ho\u015f geldiniz. Okurken bolca g\u00fclecek ve \u201cYaln\u0131z de\u011filmi\u015fim,\u201d diye d\u00fc\u015f\u00fcneceksiniz.   \u00d6yleyse hemen battaniyenizi kap\u0131p rahat bir k\u00f6\u015feye kurulun ve kitaplarla dolu bu b\u00fcy\u00fcleyici yolculukta kaybolmaya haz\u0131r olun!   \u201cTung\u2019\u0131n \u00e7izimleri, bir kitap kurdu olman\u0131n zevkini m\u00fckemmel bir \u015fekilde yans\u0131t\u0131yor. Kitap A\u015fk\u0131  d\u00fcnyan\u0131n her yerindeki kitapseverlerin kendini bulaca\u011f\u0131, b\u00fcy\u00fcleyici ve \u00e7ok e\u011flenceli bir kitap.\u201d \u2014Bookish   \u201cKitap A\u015fk\u0131 kitap kurtlar\u0131n\u0131 g\u00fcld\u00fcrecek, heyecanland\u0131racak ve hafif bir tebess\u00fcmle kendi kitapl\u0131klar\u0131na bakmalar\u0131n\u0131 sa\u011flayacak.\u201d \u2014Book Riot   \u201cE\u011fer kendiniz ya da kitapsever bir arkada\u015f\u0131n\u0131z i\u00e7in esprili, e\u011flenceli, sizi g\u00fcl\u00fcmsetecek bir kitap ar\u0131yorsan\u0131z, Kitap A\u015fk\u0131 ihtiyac\u0131n\u0131z olan her \u015fey.\u201d \u2014Sweatpants &amp; Coffee <\/p>\n","protected":false},"excerpt":{"rendered":"<p>Kitap kurtlar\u0131 topla\u015f\u0131n! Sayfalar\u0131 koklamaktan zevk alan, kitaplar\u0131 istiflemeden duramayan, kitabevleriyle k\u00fct\u00fcphaneleri ikinci yuvalar\u0131 bellemi\u015f kitap \u00e2\u015f\u0131klar\u0131n\u0131n hik\u00e2yesine ho\u015f geldiniz. Okurken bolca g\u00fclecek ve \u201cYaln\u0131z de\u011filmi\u015fim,\u201d<span class=\"excerpt-hellip\"> [\u2026]<\/span><\/p>\n","protected":false},"featured_media":0,"template":"","meta":{"_monsterinsights_skip_tracking":false,"_monsterinsights_sitenote_active":false,"_monsterinsights_sitenote_note":"","_monsterinsights_sitenote_category":0},"product_brand":[],"product_cat":[12416,12291],"product_tag":[],"class_list":{"0":"post-735778","1":"product","2":"type-product","3":"status-publish","5":"product_cat-cizgi-roman","6":"product_cat-edebiyat","7":"pa_cilt-ciltsiz","8":"pa_tur-kitap","9":"pa_yayinevi-yabanci-yayinevi","10":"pa_yazar-debbie-tung","12":"first","13":"instock","14":"sale","15":"shipping-taxable","16":"purchasable","17":"product-type-simple"},"_links":{"self":[{"href":"https:\/\/roveyayinevi.com.tr\/index.php\/wp-json\/wp\/v2\/product\/735778","targetHints":{"allow":["GET"]}}],"collection":[{"href":"https:\/\/roveyayinevi.com.tr\/index.php\/wp-json\/wp\/v2\/product"}],"about":[{"href":"https:\/\/roveyayinevi.com.tr\/index.php\/wp-json\/wp\/v2\/types\/product"}],"wp:attachment":[{"href":"https:\/\/roveyayinevi.com.tr\/index.php\/wp-json\/wp\/v2\/media?parent=735778"}],"wp:term":[{"taxonomy":"product_brand","embeddable":true,"href":"https:\/\/roveyayinevi.com.tr\/index.php\/wp-json\/wp\/v2\/product_brand?post=735778"},{"taxonomy":"product_cat","embeddable":true,"href":"https:\/\/roveyayinevi.com.tr\/index.php\/wp-json\/wp\/v2\/product_cat?post=735778"},{"taxonomy":"product_tag","embeddable":true,"href":"https:\/\/roveyayinevi.com.tr\/index.php\/wp-json\/wp\/v2\/product_tag?post=735778"}],"curies":[{"name":"wp","href":"https:\/\/api.w.org\/{rel}","templated":true}]}}