{"id":735777,"date":"2025-08-27T22:53:59","date_gmt":"2025-08-27T19:53:59","guid":{"rendered":"https:\/\/roveyayinevi.com.tr\/index.php\/urun\/esyalarla-konusmak\/"},"modified":"2026-04-16T02:44:01","modified_gmt":"2026-04-15T23:44:01","slug":"esyalarla-konusmak","status":"publish","type":"product","link":"https:\/\/roveyayinevi.com.tr\/index.php\/urun\/esyalarla-konusmak\/","title":{"rendered":"E\u015fyalarla Konu\u015fmak"},"content":{"rendered":"<p>Reklamlarda g\u00f6rd\u00fc\u011f\u00fc pek \u00e7ok \u015feye sahip olmak isteyen I\u015f\u0131l, anneannesi ve babaannesi sayesinde bu istediklerine ula\u015fmay\u0131 her seferinde ba\u015far\u0131yordu. Bu y\u00fczden zamanla odas\u0131 kullan\u0131lmayan k\u0131yafetlerle, bir kere oynan\u0131p kenara at\u0131lm\u0131\u015f oyuncaklarla, kapa\u011f\u0131 bile a\u00e7\u0131lmam\u0131\u015f kitaplarla ve daha bir\u00e7ok \u015feyle dolup ta\u015fmaya ba\u015flam\u0131\u015ft\u0131. I\u015f\u0131l her ne kadar bu durumdan rahats\u0131z olsa da e\u015fyalar\u0131ndan bir t\u00fcrl\u00fc vazge\u00e7emiyordu. Bir g\u00fcn ailecek sahile indiklerinde, babas\u0131n\u0131n ald\u0131\u011f\u0131 haberle annesi ve babas\u0131 yan\u0131ndan ayr\u0131lmak zorunda kal\u0131nca I\u015f\u0131l o g\u00fcn\u00fc s\u0131n\u0131f arkada\u015f\u0131 Kiraz\u2019\u0131n evinde ge\u00e7irdi. Arkada\u015f\u0131n\u0131n toplu odas\u0131n\u0131 g\u00f6ren I\u015f\u0131l, acaba o oda hakk\u0131nda ne d\u00fc\u015f\u00fcnecekti? Kendi fazla e\u015fyalar\u0131ndan kurtulmak istese bile bunu nas\u0131l yapacakt\u0131? I\u015f\u0131l\u2019la benzer y\u00f6nleriniz olup olmad\u0131\u011f\u0131n\u0131 sorgulamaya ve odan\u0131z\u0131 sadele\u015ftirmenin e\u011flenceli bir yolunu ke\u015ffetmeye ne dersiniz? <\/p>\n","protected":false},"excerpt":{"rendered":"<p>Reklamlarda g\u00f6rd\u00fc\u011f\u00fc pek \u00e7ok \u015feye sahip olmak isteyen I\u015f\u0131l, anneannesi ve babaannesi sayesinde bu istediklerine ula\u015fmay\u0131 her seferinde ba\u015far\u0131yordu. Bu y\u00fczden zamanla odas\u0131 kullan\u0131lmayan k\u0131yafetlerle, bir<span class=\"excerpt-hellip\"> [\u2026]<\/span><\/p>\n","protected":false},"featured_media":0,"template":"","meta":{"_monsterinsights_skip_tracking":false,"_monsterinsights_sitenote_active":false,"_monsterinsights_sitenote_note":"","_monsterinsights_sitenote_category":0},"product_brand":[],"product_cat":[12274,12284],"product_tag":[],"class_list":{"0":"post-735777","1":"product","2":"type-product","3":"status-publish","5":"product_cat-cocuk-ve-genclik-kitaplari","6":"product_cat-hikayeler","7":"pa_cilt-ciltsiz","8":"pa_tur-kitap","9":"pa_yayinevi-ithaki-yayinlari","10":"pa_yazar-aysegul-kocabicak","12":"first","13":"instock","14":"sale","15":"shipping-taxable","16":"purchasable","17":"product-type-simple"},"_links":{"self":[{"href":"https:\/\/roveyayinevi.com.tr\/index.php\/wp-json\/wp\/v2\/product\/735777","targetHints":{"allow":["GET"]}}],"collection":[{"href":"https:\/\/roveyayinevi.com.tr\/index.php\/wp-json\/wp\/v2\/product"}],"about":[{"href":"https:\/\/roveyayinevi.com.tr\/index.php\/wp-json\/wp\/v2\/types\/product"}],"wp:attachment":[{"href":"https:\/\/roveyayinevi.com.tr\/index.php\/wp-json\/wp\/v2\/media?parent=735777"}],"wp:term":[{"taxonomy":"product_brand","embeddable":true,"href":"https:\/\/roveyayinevi.com.tr\/index.php\/wp-json\/wp\/v2\/product_brand?post=735777"},{"taxonomy":"product_cat","embeddable":true,"href":"https:\/\/roveyayinevi.com.tr\/index.php\/wp-json\/wp\/v2\/product_cat?post=735777"},{"taxonomy":"product_tag","embeddable":true,"href":"https:\/\/roveyayinevi.com.tr\/index.php\/wp-json\/wp\/v2\/product_tag?post=735777"}],"curies":[{"name":"wp","href":"https:\/\/api.w.org\/{rel}","templated":true}]}}