{"id":735776,"date":"2025-08-27T22:53:58","date_gmt":"2025-08-27T19:53:58","guid":{"rendered":"https:\/\/roveyayinevi.com.tr\/index.php\/urun\/bir-bakista-ekonomi-ciltli\/"},"modified":"2026-04-16T02:44:01","modified_gmt":"2026-04-15T23:44:01","slug":"bir-bakista-ekonomi-ciltli","status":"publish","type":"product","link":"https:\/\/roveyayinevi.com.tr\/index.php\/urun\/bir-bakista-ekonomi-ciltli\/","title":{"rendered":"Bir Bak\u0131\u015fta Ekonomi (Ciltli)"},"content":{"rendered":"<p>Bir Bak\u0131\u015fta Ekonomi, ekonomi bilimine dair t\u00fcm \u00f6nemli bilgi ve d\u00fc\u015f\u00fcnceyi tek ciltte bir araya getiriyor. Her sayfa, bilmeniz gereken en \u00f6nemli ger\u00e7ekleri bir bak\u0131\u015fta konuya h\u00e2kim olabilmeniz i\u00e7in k\u00fc\u00e7\u00fck par\u00e7alar halinde sunuyor.   Adam Smith&#8217;ten Karl Marx&#8217;a, vergilendirmeden bor\u00e7 krizine ve e\u015fitsizlikten ekonomik \u00f6zg\u00fcrl\u00fc\u011fe kadar her \u00f6nemli ki\u015fi, ke\u015fif, tart\u0131\u015fma ve kavram k\u0131sa ve \u00f6z olarak dikkat \u00e7ekici metin ve grafiklerle a\u00e7\u0131klan\u0131yor.   Bilgiye a\u00e7 ve zaman\u0131 k\u0131s\u0131tl\u0131 olanlar i\u00e7in m\u00fckemmel olan bu g\u00f6rsel odakl\u0131 koleksiyon, ekonomiyi ilgin\u00e7 ve eri\u015filebilir k\u0131l\u0131yor. Bilmeniz gereken her \u015fey \u2013ve daha fazlas\u0131\u2013 tek bir ciltte topland\u0131. <\/p>\n","protected":false},"excerpt":{"rendered":"<p>Bir Bak\u0131\u015fta Ekonomi, ekonomi bilimine dair t\u00fcm \u00f6nemli bilgi ve d\u00fc\u015f\u00fcnceyi tek ciltte bir araya getiriyor. Her sayfa, bilmeniz gereken en \u00f6nemli ger\u00e7ekleri bir bak\u0131\u015fta konuya<span class=\"excerpt-hellip\"> [\u2026]<\/span><\/p>\n","protected":false},"featured_media":0,"template":"","meta":{"_monsterinsights_skip_tracking":false,"_monsterinsights_sitenote_active":false,"_monsterinsights_sitenote_note":"","_monsterinsights_sitenote_category":0},"product_brand":[],"product_cat":[14841,13043],"product_tag":[],"class_list":{"0":"post-735776","1":"product","2":"type-product","3":"status-publish","5":"product_cat-arastirma-inceleme-kuram","6":"product_cat-ekonomi","7":"pa_cilt-ciltli","8":"pa_tur-kitap","9":"pa_yayinevi-nova-kitap","10":"pa_yazar-david-orrell","12":"first","13":"instock","14":"sale","15":"shipping-taxable","16":"purchasable","17":"product-type-simple"},"_links":{"self":[{"href":"https:\/\/roveyayinevi.com.tr\/index.php\/wp-json\/wp\/v2\/product\/735776","targetHints":{"allow":["GET"]}}],"collection":[{"href":"https:\/\/roveyayinevi.com.tr\/index.php\/wp-json\/wp\/v2\/product"}],"about":[{"href":"https:\/\/roveyayinevi.com.tr\/index.php\/wp-json\/wp\/v2\/types\/product"}],"wp:attachment":[{"href":"https:\/\/roveyayinevi.com.tr\/index.php\/wp-json\/wp\/v2\/media?parent=735776"}],"wp:term":[{"taxonomy":"product_brand","embeddable":true,"href":"https:\/\/roveyayinevi.com.tr\/index.php\/wp-json\/wp\/v2\/product_brand?post=735776"},{"taxonomy":"product_cat","embeddable":true,"href":"https:\/\/roveyayinevi.com.tr\/index.php\/wp-json\/wp\/v2\/product_cat?post=735776"},{"taxonomy":"product_tag","embeddable":true,"href":"https:\/\/roveyayinevi.com.tr\/index.php\/wp-json\/wp\/v2\/product_tag?post=735776"}],"curies":[{"name":"wp","href":"https:\/\/api.w.org\/{rel}","templated":true}]}}