{"id":735775,"date":"2025-08-27T22:53:57","date_gmt":"2025-08-27T19:53:57","guid":{"rendered":"https:\/\/roveyayinevi.com.tr\/index.php\/urun\/bir-bakista-felsefe-ciltli\/"},"modified":"2026-04-16T02:44:01","modified_gmt":"2026-04-15T23:44:01","slug":"bir-bakista-felsefe-ciltli","status":"publish","type":"product","link":"https:\/\/roveyayinevi.com.tr\/index.php\/urun\/bir-bakista-felsefe-ciltli\/","title":{"rendered":"Bir Bak\u0131\u015fta Felsefe (Ciltli)"},"content":{"rendered":"<p>Bir Bak\u0131\u015fta Felsefe, t\u00fcm \u00f6nemli felsefi bilgi ve d\u00fc\u015f\u00fcnceyi bir ciltte bir araya getiriyor. Her sayfa, bilmeniz gereken en \u00f6nemli ger\u00e7ekleri bir bak\u0131\u015fta konuya h\u00e2kim olabilemeniz i\u00e7in k\u00fc\u00e7\u00fck par\u00e7alar halinde sunuyor.   Descartes&#8217;tan Nozick&#8217;e, empirizmden devrime ve Pascal&#8217;\u0131n bahsinden Kant&#8217;\u0131n kategorik buyru\u011funa kadar her \u00f6nemli ki\u015fi, ke\u015fif veya fikir k\u0131sa ve \u00f6z olarak dikkat \u00e7ekici metin ve grafiklerle a\u00e7\u0131klan\u0131yor.   Bilgiye a\u00e7 ve zaman\u0131 k\u0131s\u0131tl\u0131 olanlar i\u00e7in m\u00fckemmel olan bu g\u00f6rsel odakl\u0131 koleksiyon, felsefeyi ilgin\u00e7 ve eri\u015filebilir k\u0131l\u0131yor. Bilmeniz gereken her \u015fey \u2013ve daha fazlas\u0131\u2013 tek bir ciltte topland\u0131. <\/p>\n","protected":false},"excerpt":{"rendered":"<p>Bir Bak\u0131\u015fta Felsefe, t\u00fcm \u00f6nemli felsefi bilgi ve d\u00fc\u015f\u00fcnceyi bir ciltte bir araya getiriyor. Her sayfa, bilmeniz gereken en \u00f6nemli ger\u00e7ekleri bir bak\u0131\u015fta konuya h\u00e2kim olabilemeniz<span class=\"excerpt-hellip\"> [\u2026]<\/span><\/p>\n","protected":false},"featured_media":0,"template":"","meta":{"_monsterinsights_skip_tracking":false,"_monsterinsights_sitenote_active":false,"_monsterinsights_sitenote_note":"","_monsterinsights_sitenote_category":0},"product_brand":[],"product_cat":[12388,14717],"product_tag":[],"class_list":{"0":"post-735775","1":"product","2":"type-product","3":"status-publish","5":"product_cat-felsefe","6":"product_cat-felsefe-tarihi","7":"pa_cilt-ciltli","8":"pa_tur-kitap","9":"pa_yayinevi-nova-kitap","10":"pa_yazar-gareth-southwell","12":"first","13":"instock","14":"sale","15":"shipping-taxable","16":"purchasable","17":"product-type-simple"},"_links":{"self":[{"href":"https:\/\/roveyayinevi.com.tr\/index.php\/wp-json\/wp\/v2\/product\/735775","targetHints":{"allow":["GET"]}}],"collection":[{"href":"https:\/\/roveyayinevi.com.tr\/index.php\/wp-json\/wp\/v2\/product"}],"about":[{"href":"https:\/\/roveyayinevi.com.tr\/index.php\/wp-json\/wp\/v2\/types\/product"}],"wp:attachment":[{"href":"https:\/\/roveyayinevi.com.tr\/index.php\/wp-json\/wp\/v2\/media?parent=735775"}],"wp:term":[{"taxonomy":"product_brand","embeddable":true,"href":"https:\/\/roveyayinevi.com.tr\/index.php\/wp-json\/wp\/v2\/product_brand?post=735775"},{"taxonomy":"product_cat","embeddable":true,"href":"https:\/\/roveyayinevi.com.tr\/index.php\/wp-json\/wp\/v2\/product_cat?post=735775"},{"taxonomy":"product_tag","embeddable":true,"href":"https:\/\/roveyayinevi.com.tr\/index.php\/wp-json\/wp\/v2\/product_tag?post=735775"}],"curies":[{"name":"wp","href":"https:\/\/api.w.org\/{rel}","templated":true}]}}