{"id":735774,"date":"2025-08-27T22:53:56","date_gmt":"2025-08-27T19:53:56","guid":{"rendered":"https:\/\/roveyayinevi.com.tr\/index.php\/urun\/edward-saidle-yeniden-baslamak\/"},"modified":"2026-04-16T02:44:01","modified_gmt":"2026-04-15T23:44:01","slug":"edward-saidle-yeniden-baslamak","status":"publish","type":"product","link":"https:\/\/roveyayinevi.com.tr\/index.php\/urun\/edward-saidle-yeniden-baslamak\/","title":{"rendered":"Edward Said&#8217;le Yeniden Ba\u015flamak"},"content":{"rendered":"<p>\u201c&#8230;Dolay\u0131s\u0131yla \u015fu ayn\u0131 zamanda bizim kritik sorumuzdur: Bat\u0131\u2019n\u0131n s\u00f6m\u00fcrgeci zalimliklerini y\u00f6ntemli bir bi\u00e7imde ortaya koyarken \u201cDo\u011fululu\u011fu\u201d teolojik k\u00f6ken gibi mi \u00fcstlenece\u011fiz yoksa sek\u00fcler bir ba\u015flang\u0131\u00e7 noktas\u0131 m\u0131 saptayaca\u011f\u0131z?\u201d   \u201cT\u00fcrkiye\u2019de Said imajlar\u0131 Said ger\u00e7ekli\u011fini \u00e7oktan geride b\u0131rakm\u0131\u015f ve kendi alan\u0131nda ba\u011f\u0131ms\u0131z bir krall\u0131k kurmu\u015ftur. Manip\u00fclatif geleneksel otoriteler eliyle konunun k\u00fclt\u00fcr sava\u015f\u0131n\u0131n i\u00e7ine \u00e7ekilmesi vaziyeti daha da k\u00f6t\u00fcle\u015ftirmi\u015ftir. Uzun s\u00f6z\u00fcn k\u0131sas\u0131, Said\u2019i yorumlamak hi\u00e7bir zaman saf yorum\/kuram meselesi olmam\u0131\u015ft\u0131r. Said\u2019le yeniden ba\u015flaman\u0131n da \u015eark\u2019tan ve Said\u2019den \u00e7ok \u2018bizim kendi d\u00fcnyam\u0131zla ilgisi vard\u0131r.\u2019 Buras\u0131 yeniden ba\u015flamak i\u00e7in uygun bir kalk\u0131\u015f noktas\u0131.   Said\u2019le yeniden ba\u015flamak amac\u0131yla; \u015farkiyat\u00e7\u0131l\u0131\u011fa ek olarak, s\u00fcrg\u00fcn, entelekt\u00fcel, m\u00fczik ve co\u011frafyadan ele\u015ftirel d\u00fcnyevilik, s\u00f6ylem, hegemonya ve ideoloji sorunlar\u0131na, Madun \u00c7al\u0131\u015fmalar\u0131 ve postkolonyalizm gibi ekollerle ili\u015fkisine, Said d\u00fc\u015f\u00fcncesinin imk\u00e2nlar\u0131n\u0131 farkl\u0131 ve\u00e7heleriyle hat\u0131rlatmaya \u00e7al\u0131\u015f\u0131yoruz. Kitab\u0131n bu konuda taze bir bak\u0131\u015fa ihtiya\u00e7 oldu\u011funu d\u00fc\u015f\u00fcnen hemdert okurlara ula\u015f\u0131p Said hakk\u0131nda yeni tart\u0131\u015fmalar a\u00e7mas\u0131n\u0131 dileriz.\u201d   Kitaba yaz\u0131 ve s\u00f6yle\u015fileriyle katk\u0131da bulunan isimler:Mete Akbaba, G\u00fcne\u015f Ayas, Tuncay Birkan, Y\u00fccel Bulut, Esra Can, Tu\u011fba Ekinci, Yusuf Ekinci, Umut Kaya, Rumeysa K\u00f6kta\u015f, F\u0131rat Mollaer, \u00d6zge \u00d6zko\u00e7, R. Radhakrishnan, P\u0131nar Yurdad\u00f6n <\/p>\n","protected":false},"excerpt":{"rendered":"<p>\u201c&#8230;Dolay\u0131s\u0131yla \u015fu ayn\u0131 zamanda bizim kritik sorumuzdur: Bat\u0131\u2019n\u0131n s\u00f6m\u00fcrgeci zalimliklerini y\u00f6ntemli bir bi\u00e7imde ortaya koyarken \u201cDo\u011fululu\u011fu\u201d teolojik k\u00f6ken gibi mi \u00fcstlenece\u011fiz yoksa sek\u00fcler bir ba\u015flang\u0131\u00e7 noktas\u0131<span class=\"excerpt-hellip\"> [\u2026]<\/span><\/p>\n","protected":false},"featured_media":0,"template":"","meta":{"_monsterinsights_skip_tracking":false,"_monsterinsights_sitenote_active":false,"_monsterinsights_sitenote_note":"","_monsterinsights_sitenote_category":0},"product_brand":[],"product_cat":[12389,12388],"product_tag":[],"class_list":{"0":"post-735774","1":"product","2":"type-product","3":"status-publish","5":"product_cat-diger-felsefe","6":"product_cat-felsefe","7":"pa_cilt-ciltsiz","8":"pa_tur-kitap","9":"pa_yayinevi-ithaki-yayinlari","10":"pa_yazar-firat-mollaer","12":"first","13":"instock","14":"sale","15":"shipping-taxable","16":"purchasable","17":"product-type-simple"},"_links":{"self":[{"href":"https:\/\/roveyayinevi.com.tr\/index.php\/wp-json\/wp\/v2\/product\/735774","targetHints":{"allow":["GET"]}}],"collection":[{"href":"https:\/\/roveyayinevi.com.tr\/index.php\/wp-json\/wp\/v2\/product"}],"about":[{"href":"https:\/\/roveyayinevi.com.tr\/index.php\/wp-json\/wp\/v2\/types\/product"}],"wp:attachment":[{"href":"https:\/\/roveyayinevi.com.tr\/index.php\/wp-json\/wp\/v2\/media?parent=735774"}],"wp:term":[{"taxonomy":"product_brand","embeddable":true,"href":"https:\/\/roveyayinevi.com.tr\/index.php\/wp-json\/wp\/v2\/product_brand?post=735774"},{"taxonomy":"product_cat","embeddable":true,"href":"https:\/\/roveyayinevi.com.tr\/index.php\/wp-json\/wp\/v2\/product_cat?post=735774"},{"taxonomy":"product_tag","embeddable":true,"href":"https:\/\/roveyayinevi.com.tr\/index.php\/wp-json\/wp\/v2\/product_tag?post=735774"}],"curies":[{"name":"wp","href":"https:\/\/api.w.org\/{rel}","templated":true}]}}