{"id":735765,"date":"2025-08-27T22:53:45","date_gmt":"2025-08-27T19:53:45","guid":{"rendered":"https:\/\/roveyayinevi.com.tr\/index.php\/urun\/cilli-cirpi-3-kucuk-basimiz-buyuk-dertte\/"},"modified":"2026-04-16T02:44:01","modified_gmt":"2026-04-15T23:44:01","slug":"cilli-cirpi-3-kucuk-basimiz-buyuk-dertte","status":"publish","type":"product","link":"https:\/\/roveyayinevi.com.tr\/index.php\/urun\/cilli-cirpi-3-kucuk-basimiz-buyuk-dertte\/","title":{"rendered":"\u00c7illi \u00c7irpi 3 &#8211; K\u00fc\u00e7\u00fck Ba\u015f\u0131m\u0131z B\u00fcy\u00fck Dertte"},"content":{"rendered":"<p>Hhhiiiiihhhhh\u2026 Olanlardan haberin var m\u0131? \u00c7illi \u00c7irpi ve arkada\u015flar\u0131, ba\u015flar\u0131na bu sefer \u00f6yle bir dert a\u00e7t\u0131lar ki&#8230; \u201cNe oldu?\u201d dedi\u011fini duyar gibiyim. Kaybolan definecileri arayan ekibi gizlice takip ederlerken koca orman\u0131n derinliklerinde kendileri de kayboldular. Dahas\u0131 alt\u0131 t\u00fcnelli bir odac\u0131\u011f\u0131n i\u00e7ine d\u00fc\u015ft\u00fcler. Hem karanl\u0131k hem so\u011fuk hem a\u00e7l\u0131k yakalar\u0131na yap\u0131\u015fm\u0131\u015f h\u00e2ldeyken hangi t\u00fcnelin g\u00fcvenli oldu\u011funu ke\u015ffedip kurtulabildiler mi? B\u00fct\u00fcn bu hik\u00e2yeyi tek nefeste okuyacaks\u0131n. Acele et, \u00e7\u00fcnk\u00fc onlar\u0131 ve seni t\u00fcnelin sonunda bekleyen m\u00fcthi\u015f s\u00fcrprizi hemen \u00f6\u011frenmelisin! Y\u0131llar \u00f6nce oraya saklanm\u0131\u015f k\u0131ymetli bir hazine bulabilirler ya da belki bu t\u00fcnelin ucu bamba\u015fka bir maceraya \u00e7\u0131kabilir! \u201cHayvan Pusulas\u0131\u201d defterine \u00c7illi \u00c7irpi do\u011fadaki yabani hayvanlar\u0131 yaz\u0131yor. Mesela eri\u015fkin bir ay\u0131n\u0131n at kadar h\u0131zl\u0131 ko\u015ftu\u011funu, minik burunlu tilkilerin bala bay\u0131ld\u0131\u011f\u0131n\u0131, orangutan\u0131n \u201corman adam\u0131\u201d anlam\u0131na geldi\u011fini, kangurunun do\u011fan yavrusunu dokuz ay kesesinde ta\u015f\u0131d\u0131\u011f\u0131n\u0131, kar\u0131ncayiyenin di\u015fsiz oldu\u011funu, z\u00fcrafalar\u0131n ses tellerinin olmad\u0131\u011f\u0131n\u0131 biliyor muydun? \u00c7illi \u00c7irpi ve arkada\u015flar\u0131 maceraya haz\u0131r, e\u011fer sen de haz\u0131rsan e\u011flence ba\u015flas\u0131n!<\/p>\n","protected":false},"excerpt":{"rendered":"<p>Hhhiiiiihhhhh\u2026 Olanlardan haberin var m\u0131? \u00c7illi \u00c7irpi ve arkada\u015flar\u0131, ba\u015flar\u0131na bu sefer \u00f6yle bir dert a\u00e7t\u0131lar ki&#8230; \u201cNe oldu?\u201d dedi\u011fini duyar gibiyim. Kaybolan definecileri arayan ekibi<span class=\"excerpt-hellip\"> [\u2026]<\/span><\/p>\n","protected":false},"featured_media":0,"template":"","meta":{"_monsterinsights_skip_tracking":false,"_monsterinsights_sitenote_active":false,"_monsterinsights_sitenote_note":"","_monsterinsights_sitenote_category":0},"product_brand":[],"product_cat":[12275,12274],"product_tag":[],"class_list":{"0":"post-735765","1":"product","2":"type-product","3":"status-publish","5":"product_cat-6-12-yas-kitaplari","6":"product_cat-cocuk-ve-genclik-kitaplari","7":"pa_cilt-ciltsiz","8":"pa_tur-kitap","9":"pa_yayinevi-otuken-nesriyat","10":"pa_yazar-kudret-ayse-yilmaz","12":"first","13":"instock","14":"sale","15":"shipping-taxable","16":"purchasable","17":"product-type-simple"},"_links":{"self":[{"href":"https:\/\/roveyayinevi.com.tr\/index.php\/wp-json\/wp\/v2\/product\/735765","targetHints":{"allow":["GET"]}}],"collection":[{"href":"https:\/\/roveyayinevi.com.tr\/index.php\/wp-json\/wp\/v2\/product"}],"about":[{"href":"https:\/\/roveyayinevi.com.tr\/index.php\/wp-json\/wp\/v2\/types\/product"}],"wp:attachment":[{"href":"https:\/\/roveyayinevi.com.tr\/index.php\/wp-json\/wp\/v2\/media?parent=735765"}],"wp:term":[{"taxonomy":"product_brand","embeddable":true,"href":"https:\/\/roveyayinevi.com.tr\/index.php\/wp-json\/wp\/v2\/product_brand?post=735765"},{"taxonomy":"product_cat","embeddable":true,"href":"https:\/\/roveyayinevi.com.tr\/index.php\/wp-json\/wp\/v2\/product_cat?post=735765"},{"taxonomy":"product_tag","embeddable":true,"href":"https:\/\/roveyayinevi.com.tr\/index.php\/wp-json\/wp\/v2\/product_tag?post=735765"}],"curies":[{"name":"wp","href":"https:\/\/api.w.org\/{rel}","templated":true}]}}