{"id":735764,"date":"2025-08-27T22:53:44","date_gmt":"2025-08-27T19:53:44","guid":{"rendered":"https:\/\/roveyayinevi.com.tr\/index.php\/urun\/cilli-cirpi-4-hadi-gel-konusan-gole-gidelim\/"},"modified":"2026-04-16T02:44:00","modified_gmt":"2026-04-15T23:44:00","slug":"cilli-cirpi-4-hadi-gel-konusan-gole-gidelim","status":"publish","type":"product","link":"https:\/\/roveyayinevi.com.tr\/index.php\/urun\/cilli-cirpi-4-hadi-gel-konusan-gole-gidelim\/","title":{"rendered":"\u00c7illi \u00c7irpi 4 &#8211; Hadi Gel Konu\u015fan G\u00f6le Gidelim"},"content":{"rendered":"<p>Ooooo&#8230; Vakit kaybetme kat\u0131l bize, bak g\u00f6le a\u00e7\u0131lan ne\u015feli maceraya s\u0131ra geldi. Ekrem dedenin heyecanl\u0131 masal\u0131n\u0131 dinlemeye bay\u0131lacaks\u0131n. Bu masaldaki D\u00f6rt Kollu \u015eehzade, d\u0131\u015f g\u00f6r\u00fcn\u00fc\u015f\u00fcnden hi\u00e7 memnun de\u011fil. Bilirsin bazen olur b\u00f6yle \u015feyler\u2026 Bu durumu de\u011fi\u015ftirmeye kararl\u0131. Sence ba\u015farabilir mi? Masaldan hemen sonra \u00c7illi \u00c7irpi ve arkada\u015flar\u0131 k\u00fclt\u00fcr evinin a\u00e7\u0131l\u0131\u015f\u0131na gidecekler ama onlar\u0131, orada da b\u00fcy\u00fck ve g\u00fczel bir s\u00fcrpriz bekliyor. Alt\u0131 kahraman ilan edilecekler anla\u015f\u0131lan, ne dersin? Masallar, oyunlar, tatl\u0131 kekler, arkada\u015fl\u0131k ve mutlulukla dolu sayfalar aras\u0131nda y\u00fczerken bir\u00e7ok bilgiyle donanman i\u00e7in bu kitap bir harika. \u00c7illi \u00c7irpi \u201cHayvan Pusulas\u0131\u201d ad\u0131n\u0131 verdi\u011fi defterine suda ya\u015fayan hayvanlar\u0131 yazd\u0131. Mesela ahtapotun \u00fc\u00e7 kalbi oldu\u011funu, balinan\u0131n yavrular\u0131n\u0131 s\u00fctle besledi\u011fini, denizat\u0131n\u0131n renklerini \u00e7evreye g\u00f6re d\u00fczenleyebildi\u011fini, kirpi bal\u0131\u011f\u0131n\u0131n tehlike an\u0131nda \u00e7ok g\u00fc\u00e7l\u00fc \u00e7\u0131\u011fl\u0131klar att\u0131\u011f\u0131n\u0131, torpil bal\u0131\u011f\u0131n\u0131n elektrik \u00fcretti\u011fini, yunuslar\u0131n alt \u00e7enelerinin yard\u0131m\u0131yla i\u015fitti\u011fini daha \u00f6nce biliyor muydun? Eeeee yeni arkada\u015flar\u0131n\u0131 daha fazla bekletme. Bak, maceralar\u0131na senin de kat\u0131lman\u0131 bekliyorlar. Belki birlikte inersiniz konu\u015fan g\u00f6le.<\/p>\n","protected":false},"excerpt":{"rendered":"<p>Ooooo&#8230; Vakit kaybetme kat\u0131l bize, bak g\u00f6le a\u00e7\u0131lan ne\u015feli maceraya s\u0131ra geldi. Ekrem dedenin heyecanl\u0131 masal\u0131n\u0131 dinlemeye bay\u0131lacaks\u0131n. Bu masaldaki D\u00f6rt Kollu \u015eehzade, d\u0131\u015f g\u00f6r\u00fcn\u00fc\u015f\u00fcnden hi\u00e7<span class=\"excerpt-hellip\"> [\u2026]<\/span><\/p>\n","protected":false},"featured_media":0,"template":"","meta":{"_monsterinsights_skip_tracking":false,"_monsterinsights_sitenote_active":false,"_monsterinsights_sitenote_note":"","_monsterinsights_sitenote_category":0},"product_brand":[],"product_cat":[12275,12274],"product_tag":[],"class_list":{"0":"post-735764","1":"product","2":"type-product","3":"status-publish","5":"product_cat-6-12-yas-kitaplari","6":"product_cat-cocuk-ve-genclik-kitaplari","7":"pa_cilt-ciltsiz","8":"pa_tur-kitap","9":"pa_yayinevi-otuken-nesriyat","10":"pa_yazar-kudret-ayse-yilmaz","12":"first","13":"instock","14":"sale","15":"shipping-taxable","16":"purchasable","17":"product-type-simple"},"_links":{"self":[{"href":"https:\/\/roveyayinevi.com.tr\/index.php\/wp-json\/wp\/v2\/product\/735764","targetHints":{"allow":["GET"]}}],"collection":[{"href":"https:\/\/roveyayinevi.com.tr\/index.php\/wp-json\/wp\/v2\/product"}],"about":[{"href":"https:\/\/roveyayinevi.com.tr\/index.php\/wp-json\/wp\/v2\/types\/product"}],"wp:attachment":[{"href":"https:\/\/roveyayinevi.com.tr\/index.php\/wp-json\/wp\/v2\/media?parent=735764"}],"wp:term":[{"taxonomy":"product_brand","embeddable":true,"href":"https:\/\/roveyayinevi.com.tr\/index.php\/wp-json\/wp\/v2\/product_brand?post=735764"},{"taxonomy":"product_cat","embeddable":true,"href":"https:\/\/roveyayinevi.com.tr\/index.php\/wp-json\/wp\/v2\/product_cat?post=735764"},{"taxonomy":"product_tag","embeddable":true,"href":"https:\/\/roveyayinevi.com.tr\/index.php\/wp-json\/wp\/v2\/product_tag?post=735764"}],"curies":[{"name":"wp","href":"https:\/\/api.w.org\/{rel}","templated":true}]}}