{"id":735763,"date":"2025-08-27T22:53:43","date_gmt":"2025-08-27T19:53:43","guid":{"rendered":"https:\/\/roveyayinevi.com.tr\/index.php\/urun\/cikmaz-ask\/"},"modified":"2026-04-03T02:50:30","modified_gmt":"2026-04-02T23:50:30","slug":"cikmaz-ask","status":"publish","type":"product","link":"https:\/\/roveyayinevi.com.tr\/index.php\/urun\/cikmaz-ask\/","title":{"rendered":"\u00c7\u0131kmaz A\u015fk"},"content":{"rendered":"<p>Sadece a\u015fk i\u00e7in d\u00fcnyaya gelip gitmeye de\u011ferdi.   Ne mutlu ba\u015flayan bir masal\u0131n kahramanlar\u0131yd\u0131lar ne de hik\u00e2yeleri mutlu sonla bitti\u2026 Onlar\u0131 bir araya getiren ac\u0131 kav\u015fakta umutsuzlukla tan\u0131\u015ft\u0131lar. \u00c7aresizli\u011fin hapsinde, tutkunun kollar\u0131nda, zaman\u0131n hi\u00e7li\u011finde\u2026   A\u015fk her \u015feye de\u011fer\u2026 <\/p>\n","protected":false},"excerpt":{"rendered":"<p>Sadece a\u015fk i\u00e7in d\u00fcnyaya gelip gitmeye de\u011ferdi. Ne mutlu ba\u015flayan bir masal\u0131n kahramanlar\u0131yd\u0131lar ne de hik\u00e2yeleri mutlu sonla bitti\u2026 Onlar\u0131 bir araya getiren ac\u0131 kav\u015fakta umutsuzlukla<span class=\"excerpt-hellip\"> [\u2026]<\/span><\/p>\n","protected":false},"featured_media":0,"template":"","meta":{"_monsterinsights_skip_tracking":false,"_monsterinsights_sitenote_active":false,"_monsterinsights_sitenote_note":"","_monsterinsights_sitenote_category":0},"product_brand":[],"product_cat":[12291,12711],"product_tag":[],"class_list":{"0":"post-735763","1":"product","2":"type-product","3":"status-publish","5":"product_cat-edebiyat","6":"product_cat-roman-oyku","7":"pa_cilt-ciltsiz","8":"pa_tur-kitap","9":"pa_yayinevi-indigo-kitap","10":"pa_yazar-isilca","12":"first","13":"instock","14":"sale","15":"shipping-taxable","16":"purchasable","17":"product-type-simple"},"_links":{"self":[{"href":"https:\/\/roveyayinevi.com.tr\/index.php\/wp-json\/wp\/v2\/product\/735763","targetHints":{"allow":["GET"]}}],"collection":[{"href":"https:\/\/roveyayinevi.com.tr\/index.php\/wp-json\/wp\/v2\/product"}],"about":[{"href":"https:\/\/roveyayinevi.com.tr\/index.php\/wp-json\/wp\/v2\/types\/product"}],"wp:attachment":[{"href":"https:\/\/roveyayinevi.com.tr\/index.php\/wp-json\/wp\/v2\/media?parent=735763"}],"wp:term":[{"taxonomy":"product_brand","embeddable":true,"href":"https:\/\/roveyayinevi.com.tr\/index.php\/wp-json\/wp\/v2\/product_brand?post=735763"},{"taxonomy":"product_cat","embeddable":true,"href":"https:\/\/roveyayinevi.com.tr\/index.php\/wp-json\/wp\/v2\/product_cat?post=735763"},{"taxonomy":"product_tag","embeddable":true,"href":"https:\/\/roveyayinevi.com.tr\/index.php\/wp-json\/wp\/v2\/product_tag?post=735763"}],"curies":[{"name":"wp","href":"https:\/\/api.w.org\/{rel}","templated":true}]}}