{"id":735762,"date":"2025-08-27T22:53:42","date_gmt":"2025-08-27T19:53:42","guid":{"rendered":"https:\/\/roveyayinevi.com.tr\/index.php\/urun\/bosanmanin-anatomisi\/"},"modified":"2026-04-16T02:44:00","modified_gmt":"2026-04-15T23:44:00","slug":"bosanmanin-anatomisi","status":"publish","type":"product","link":"https:\/\/roveyayinevi.com.tr\/index.php\/urun\/bosanmanin-anatomisi\/","title":{"rendered":"Bo\u015fanman\u0131n Anatomisi"},"content":{"rendered":"<p>\u015eiddet, hayata kast, terk, zina\u2026 T\u00fcrkiye\u2019de her y\u0131l on binlerce \u00e7ift bo\u015fan\u0131yor. Peki, davullu zurnal\u0131 d\u00fc\u011f\u00fcnlerle ba\u015flayan evlilikler neden mahkeme salonlar\u0131nda ayr\u0131l\u0131kla sonlan\u0131yor? Attil\u00e2 \u0130lhan\u2019\u0131n me\u015fhur \u201cAyr\u0131l\u0131k da sevdaya dahil\u201d dizesinde vurguland\u0131\u011f\u0131 gibi, bo\u015fanma da evlilik s\u00fcrecine dahil olan ve bu y\u00fczden hukuki d\u00fczenlemeye konu olmas\u0131 gereken bir olgu. Ve en nihayetinde kaderiniz bir h\u00e2kimin ellerinde.Eski T\u00fcrklerden Cumhuriyet d\u00f6nemine bo\u015fanman\u0131n hukukumuzdaki yerini ele alan bu kitap, d\u00fcnden bug\u00fcne ya\u015fanm\u0131\u015f \u00f6rneklerle ayr\u0131l\u0131klar\u0131n sebeplerini de a\u00e7\u0131kl\u0131yor. Ultra cimri kocalar, e\u015fi hakk\u0131nda as\u0131ls\u0131z ihbarda bulunanlar, kocas\u0131na b\u00fcy\u00fc yapt\u0131ran mistik kad\u0131nlar\u2026 Mahkeme salonlar\u0131n\u0131n trajikomik hik\u00e2yelere sahne oldu\u011fu bo\u015fanma davalar\u0131 evliler i\u00e7in \u201ctedirgin\u201d fakat bek\u00e2rlar i\u00e7in \u201ckeyifli\u201d bir okuma vaat ediyor.Ve yazarlar\u0131 uyar\u0131yor: Herhangi bir aile b\u00fcnyesinde ortaya \u00e7\u0131k\u0131p bo\u015fanmaya neden olan bir olguyu t\u00fcm aileler a\u00e7\u0131s\u0131ndan her \u015fartta ge\u00e7erli bir bo\u015fanma sebebi olarak kabul etmek m\u00fcmk\u00fcn de\u011fildir. Bu y\u00fczden de kitab\u0131m\u0131z\u0131n bir \u201cbo\u015fanma rehberi\u201d olarak alg\u0131lanmamas\u0131n\u0131 dileriz. Tabii ki okurun derledi\u011fimiz olaylar\u0131 dikkate alarak sa\u011fl\u0131kl\u0131 bir evlilik b\u00fcnyesinde hangi davran\u0131\u015flara yer olmad\u0131\u011f\u0131n\u0131 g\u00f6rmesi m\u00fcmk\u00fcn oldu\u011fundan, kitab\u0131m\u0131z\u0131n bir \u201cmutlu evlilik rehberi\u201d olarak alg\u0131lanmas\u0131ndan da memnun oluruz.<\/p>\n","protected":false},"excerpt":{"rendered":"<p>\u015eiddet, hayata kast, terk, zina\u2026 T\u00fcrkiye\u2019de her y\u0131l on binlerce \u00e7ift bo\u015fan\u0131yor. Peki, davullu zurnal\u0131 d\u00fc\u011f\u00fcnlerle ba\u015flayan evlilikler neden mahkeme salonlar\u0131nda ayr\u0131l\u0131kla sonlan\u0131yor? Attil\u00e2 \u0130lhan\u2019\u0131n me\u015fhur<span class=\"excerpt-hellip\"> [\u2026]<\/span><\/p>\n","protected":false},"featured_media":0,"template":"","meta":{"_monsterinsights_skip_tracking":false,"_monsterinsights_sitenote_active":false,"_monsterinsights_sitenote_note":"","_monsterinsights_sitenote_category":0},"product_brand":[],"product_cat":[12365,12364],"product_tag":[],"class_list":{"0":"post-735762","1":"product","2":"type-product","3":"status-publish","5":"product_cat-diger-genel-konular","6":"product_cat-genel-konular","7":"pa_cilt-ciltsiz","8":"pa_tur-kitap","9":"pa_yayinevi-inkilap-kitabevi","10":"pa_yazar-ahmet-aslan-begum-gurel","12":"first","13":"instock","14":"sale","15":"shipping-taxable","16":"purchasable","17":"product-type-simple"},"_links":{"self":[{"href":"https:\/\/roveyayinevi.com.tr\/index.php\/wp-json\/wp\/v2\/product\/735762","targetHints":{"allow":["GET"]}}],"collection":[{"href":"https:\/\/roveyayinevi.com.tr\/index.php\/wp-json\/wp\/v2\/product"}],"about":[{"href":"https:\/\/roveyayinevi.com.tr\/index.php\/wp-json\/wp\/v2\/types\/product"}],"wp:attachment":[{"href":"https:\/\/roveyayinevi.com.tr\/index.php\/wp-json\/wp\/v2\/media?parent=735762"}],"wp:term":[{"taxonomy":"product_brand","embeddable":true,"href":"https:\/\/roveyayinevi.com.tr\/index.php\/wp-json\/wp\/v2\/product_brand?post=735762"},{"taxonomy":"product_cat","embeddable":true,"href":"https:\/\/roveyayinevi.com.tr\/index.php\/wp-json\/wp\/v2\/product_cat?post=735762"},{"taxonomy":"product_tag","embeddable":true,"href":"https:\/\/roveyayinevi.com.tr\/index.php\/wp-json\/wp\/v2\/product_tag?post=735762"}],"curies":[{"name":"wp","href":"https:\/\/api.w.org\/{rel}","templated":true}]}}