{"id":735760,"date":"2025-08-27T22:53:40","date_gmt":"2025-08-27T19:53:40","guid":{"rendered":"https:\/\/roveyayinevi.com.tr\/index.php\/urun\/dedektif-sensin-2-4-kitap\/"},"modified":"2026-04-16T02:44:00","modified_gmt":"2026-04-15T23:44:00","slug":"dedektif-sensin-2-4-kitap","status":"publish","type":"product","link":"https:\/\/roveyayinevi.com.tr\/index.php\/urun\/dedektif-sensin-2-4-kitap\/","title":{"rendered":"Dedektif Sensin 2 (4 Kitap)"},"content":{"rendered":"<p>Dedektif Sensin 2. Serisi \u00c7\u0131kt\u0131\u2026 Acele et! Bu macerada dedektif sensin!   Her kitapta \u00fc\u00e7 soru\u015fturma ve her soru\u015fturmada on bir \u015f\u00fcpheli\u2026 Masumlar\u0131 aklaman\u0131 sa\u011flayacak ipu\u00e7lar\u0131na teker teker ula\u015f. Su\u00e7u i\u015fleyip on masumun aras\u0131na gizlenen ki\u015fiyi bul ve maskesini d\u00fc\u015f\u00fcr! Acele et! Bu soru\u015fturmada dedektif sensin! <\/p>\n","protected":false},"excerpt":{"rendered":"<p>Dedektif Sensin 2. Serisi \u00c7\u0131kt\u0131\u2026 Acele et! Bu macerada dedektif sensin! Her kitapta \u00fc\u00e7 soru\u015fturma ve her soru\u015fturmada on bir \u015f\u00fcpheli\u2026 Masumlar\u0131 aklaman\u0131 sa\u011flayacak ipu\u00e7lar\u0131na teker<span class=\"excerpt-hellip\"> [\u2026]<\/span><\/p>\n","protected":false},"featured_media":0,"template":"","meta":{"_monsterinsights_skip_tracking":false,"_monsterinsights_sitenote_active":false,"_monsterinsights_sitenote_note":"","_monsterinsights_sitenote_category":0},"product_brand":[],"product_cat":[12275,12274],"product_tag":[],"class_list":{"0":"post-735760","1":"product","2":"type-product","3":"status-publish","5":"product_cat-6-12-yas-kitaplari","6":"product_cat-cocuk-ve-genclik-kitaplari","7":"pa_cilt-set","8":"pa_tur-kitap","9":"pa_yayinevi-nesil-cocuk-yayinlari","10":"pa_yazar-pronto","12":"first","13":"instock","14":"sale","15":"shipping-taxable","16":"purchasable","17":"product-type-simple"},"_links":{"self":[{"href":"https:\/\/roveyayinevi.com.tr\/index.php\/wp-json\/wp\/v2\/product\/735760","targetHints":{"allow":["GET"]}}],"collection":[{"href":"https:\/\/roveyayinevi.com.tr\/index.php\/wp-json\/wp\/v2\/product"}],"about":[{"href":"https:\/\/roveyayinevi.com.tr\/index.php\/wp-json\/wp\/v2\/types\/product"}],"wp:attachment":[{"href":"https:\/\/roveyayinevi.com.tr\/index.php\/wp-json\/wp\/v2\/media?parent=735760"}],"wp:term":[{"taxonomy":"product_brand","embeddable":true,"href":"https:\/\/roveyayinevi.com.tr\/index.php\/wp-json\/wp\/v2\/product_brand?post=735760"},{"taxonomy":"product_cat","embeddable":true,"href":"https:\/\/roveyayinevi.com.tr\/index.php\/wp-json\/wp\/v2\/product_cat?post=735760"},{"taxonomy":"product_tag","embeddable":true,"href":"https:\/\/roveyayinevi.com.tr\/index.php\/wp-json\/wp\/v2\/product_tag?post=735760"}],"curies":[{"name":"wp","href":"https:\/\/api.w.org\/{rel}","templated":true}]}}