{"id":735758,"date":"2025-08-27T22:53:37","date_gmt":"2025-08-27T19:53:37","guid":{"rendered":"https:\/\/roveyayinevi.com.tr\/index.php\/urun\/genclik-2\/"},"modified":"2026-04-16T02:44:00","modified_gmt":"2026-04-15T23:44:00","slug":"genclik-2","status":"publish","type":"product","link":"https:\/\/roveyayinevi.com.tr\/index.php\/urun\/genclik-2\/","title":{"rendered":"Gen\u00e7lik"},"content":{"rendered":"<p>\u201cBeni evlendirmeye kalk\u0131\u015ft\u0131lar. \u00c7ok zorlad\u0131lar. Lakin ben \u00e7ocuksam da s\u00fct kuzusu da de\u011filim ya. Olduk\u00e7a akl\u0131m ba\u015f\u0131mda ve bilhassa fikirlerim pek b\u00fcy\u00fck ve pek ziyade. Kaleme yeni \u00e7\u0131rak oldum. Elde d\u00f6rt para yok. Zaten pederden almakta bulundu\u011fum haftal\u0131\u011f\u0131 dahi tam bir tiksintiyle almaktay\u0131m. Hevesim kendim kazan\u0131p kendim yemekte. \u015eimdi \u015fu fikir ve iddiayla beraber evlenmek ve fazla olarak pedere bir de evin masraflar\u0131 i\u00e7in muhta\u00e7 olmak ak\u0131l k\u00e2r\u0131 m\u0131d\u0131r? K\u0131sacas\u0131 pederin te\u015fvik ve nasihatlerinden \u00e7ok kendi akl\u0131m\u0131n ve anlay\u0131\u015f\u0131m\u0131n tavsiyesine uydum, evlenmedim.\u201d   Modern edebiyat\u0131m\u0131z\u0131n kurucular\u0131ndan Ahmet Mithat Efendi\u2019nin en e\u011flenceli \u00f6yk\u00fclerinden \u201cGen\u00e7lik\u201d ile toplumun d\u0131\u015flad\u0131\u011f\u0131 karakterlere odakland\u0131\u011f\u0131 \u201cMihnetke\u015fan\u201d, yazar\u0131n anlat\u0131m g\u00fcc\u00fcn\u00fc g\u00f6steren k\u0131sa ama g\u00fc\u00e7l\u00fc iki metin.   Ku\u015faklar\u0131 etkilemi\u015f romanlar, ufuk a\u00e7\u0131c\u0131 \u00f6yk\u00fcler, ezberlere kaz\u0131nm\u0131\u015f \u015fiirler\u2026 Gazetelerde kalm\u0131\u015f s\u00f6yle\u015filer, gezi yaz\u0131lar\u0131, denemeler, makaleler\u2026 Edebiyat\u0131m\u0131z\u0131n farkl\u0131 d\u00f6nemlerinden, iz b\u0131rakan metinler K\u0131sa Miras\u2019la bir araya geliyor. <\/p>\n","protected":false},"excerpt":{"rendered":"<p>\u201cBeni evlendirmeye kalk\u0131\u015ft\u0131lar. \u00c7ok zorlad\u0131lar. Lakin ben \u00e7ocuksam da s\u00fct kuzusu da de\u011filim ya. Olduk\u00e7a akl\u0131m ba\u015f\u0131mda ve bilhassa fikirlerim pek b\u00fcy\u00fck ve pek ziyade. Kaleme<span class=\"excerpt-hellip\"> [\u2026]<\/span><\/p>\n","protected":false},"featured_media":0,"template":"","meta":{"_monsterinsights_skip_tracking":false,"_monsterinsights_sitenote_active":false,"_monsterinsights_sitenote_note":"","_monsterinsights_sitenote_category":0},"product_brand":[],"product_cat":[12291,12711],"product_tag":[],"class_list":{"0":"post-735758","1":"product","2":"type-product","3":"status-publish","5":"product_cat-edebiyat","6":"product_cat-roman-oyku","7":"pa_cilt-ciltsiz","8":"pa_tur-kitap","9":"pa_yayinevi-can-yayinlari","10":"pa_yazar-ahmet-mithat-efendi","12":"first","13":"instock","14":"sale","15":"shipping-taxable","16":"purchasable","17":"product-type-simple"},"_links":{"self":[{"href":"https:\/\/roveyayinevi.com.tr\/index.php\/wp-json\/wp\/v2\/product\/735758","targetHints":{"allow":["GET"]}}],"collection":[{"href":"https:\/\/roveyayinevi.com.tr\/index.php\/wp-json\/wp\/v2\/product"}],"about":[{"href":"https:\/\/roveyayinevi.com.tr\/index.php\/wp-json\/wp\/v2\/types\/product"}],"wp:attachment":[{"href":"https:\/\/roveyayinevi.com.tr\/index.php\/wp-json\/wp\/v2\/media?parent=735758"}],"wp:term":[{"taxonomy":"product_brand","embeddable":true,"href":"https:\/\/roveyayinevi.com.tr\/index.php\/wp-json\/wp\/v2\/product_brand?post=735758"},{"taxonomy":"product_cat","embeddable":true,"href":"https:\/\/roveyayinevi.com.tr\/index.php\/wp-json\/wp\/v2\/product_cat?post=735758"},{"taxonomy":"product_tag","embeddable":true,"href":"https:\/\/roveyayinevi.com.tr\/index.php\/wp-json\/wp\/v2\/product_tag?post=735758"}],"curies":[{"name":"wp","href":"https:\/\/api.w.org\/{rel}","templated":true}]}}