{"id":735757,"date":"2025-08-27T22:53:36","date_gmt":"2025-08-27T19:53:36","guid":{"rendered":"https:\/\/roveyayinevi.com.tr\/index.php\/urun\/evlilik-2\/"},"modified":"2026-04-16T02:44:00","modified_gmt":"2026-04-15T23:44:00","slug":"evlilik-2","status":"publish","type":"product","link":"https:\/\/roveyayinevi.com.tr\/index.php\/urun\/evlilik-2\/","title":{"rendered":"Evlilik"},"content":{"rendered":"<p>\u201cAh, o mukaddes oda! Ah o m\u00fcbarek bizim pencereler. \u00dc\u00e7 seneden beri kar\u015f\u0131dan bu odaya bakar, zevk al\u0131rken \u015fimdi bizzat odaya girmeyi ba\u015fard\u0131m. Lakin ne \u00e7are, evvelki saadet daha b\u00fcy\u00fckt\u00fc. \u00c7\u00fcnk\u00fc kar\u015f\u0131da hayali istedi\u011fim gibi eder, hangi taraf ruhumun zevk al\u0131\u015f\u0131n\u0131 art\u0131r\u0131rsa o \u015fekilde tahayy\u00fcl ve tasavvur ederdim. Lakin \u015fimdi o saadet ge\u00e7ti. \u015eu anki duruma ba\u011fl\u0131l\u0131\u011fa mecburiyet gerekti. Durum da fena! Arada bir beyle kar\u015f\u0131 kar\u015f\u0131ya a\u011flamaktan ba\u015fka bir \u015fey yok. Bari a\u011flamak da birbirimizin derdine ortak olarak a\u011flamak olsa yine y\u00fcre\u011fim yanmaz. O kendi derdine a\u011flar, ben de kendi derdime yanar\u0131m.\u201d   Modern edebiyat\u0131m\u0131z\u0131n kurucular\u0131ndan Ahmet Mithat Efendi\u2019nin b\u00fcy\u00fck eseri Letaif-i Rivayat\u2019\u0131n en ac\u0131kl\u0131 \u00f6yk\u00fclerinden \u201cEvlilik\u201d ile on be\u015f k\u0131ssadan hisse bir arada.   Ku\u015faklar\u0131 etkilemi\u015f romanlar, ufuk a\u00e7\u0131c\u0131 \u00f6yk\u00fcler, ezberlere kaz\u0131nm\u0131\u015f \u015fiirler\u2026 Gazetelerde kalm\u0131\u015f s\u00f6yle\u015filer, gezi yaz\u0131lar\u0131, denemeler, makaleler\u2026 Edebiyat\u0131m\u0131z\u0131n farkl\u0131 d\u00f6nemlerinden, iz b\u0131rakan metinler K\u0131sa Miras\u2019la bir araya geliyor. <\/p>\n","protected":false},"excerpt":{"rendered":"<p>\u201cAh, o mukaddes oda! Ah o m\u00fcbarek bizim pencereler. \u00dc\u00e7 seneden beri kar\u015f\u0131dan bu odaya bakar, zevk al\u0131rken \u015fimdi bizzat odaya girmeyi ba\u015fard\u0131m. Lakin ne \u00e7are,<span class=\"excerpt-hellip\"> [\u2026]<\/span><\/p>\n","protected":false},"featured_media":0,"template":"","meta":{"_monsterinsights_skip_tracking":false,"_monsterinsights_sitenote_active":false,"_monsterinsights_sitenote_note":"","_monsterinsights_sitenote_category":0},"product_brand":[],"product_cat":[12291,12711],"product_tag":[],"class_list":{"0":"post-735757","1":"product","2":"type-product","3":"status-publish","5":"product_cat-edebiyat","6":"product_cat-roman-oyku","7":"pa_cilt-ciltsiz","8":"pa_tur-kitap","9":"pa_yayinevi-can-yayinlari","10":"pa_yazar-ahmet-mithat-efendi","12":"first","13":"instock","14":"sale","15":"shipping-taxable","16":"purchasable","17":"product-type-simple"},"_links":{"self":[{"href":"https:\/\/roveyayinevi.com.tr\/index.php\/wp-json\/wp\/v2\/product\/735757","targetHints":{"allow":["GET"]}}],"collection":[{"href":"https:\/\/roveyayinevi.com.tr\/index.php\/wp-json\/wp\/v2\/product"}],"about":[{"href":"https:\/\/roveyayinevi.com.tr\/index.php\/wp-json\/wp\/v2\/types\/product"}],"wp:attachment":[{"href":"https:\/\/roveyayinevi.com.tr\/index.php\/wp-json\/wp\/v2\/media?parent=735757"}],"wp:term":[{"taxonomy":"product_brand","embeddable":true,"href":"https:\/\/roveyayinevi.com.tr\/index.php\/wp-json\/wp\/v2\/product_brand?post=735757"},{"taxonomy":"product_cat","embeddable":true,"href":"https:\/\/roveyayinevi.com.tr\/index.php\/wp-json\/wp\/v2\/product_cat?post=735757"},{"taxonomy":"product_tag","embeddable":true,"href":"https:\/\/roveyayinevi.com.tr\/index.php\/wp-json\/wp\/v2\/product_tag?post=735757"}],"curies":[{"name":"wp","href":"https:\/\/api.w.org\/{rel}","templated":true}]}}