{"id":735756,"date":"2025-08-27T22:53:35","date_gmt":"2025-08-27T19:53:35","guid":{"rendered":"https:\/\/roveyayinevi.com.tr\/index.php\/urun\/goz-gunese\/"},"modified":"2026-04-16T02:44:00","modified_gmt":"2026-04-15T23:44:00","slug":"goz-gunese","status":"publish","type":"product","link":"https:\/\/roveyayinevi.com.tr\/index.php\/urun\/goz-gunese\/","title":{"rendered":"G\u00f6z G\u00fcne\u015fe"},"content":{"rendered":"<p>Pencerenin \u00f6n\u00fcndesin. D\u0131\u015far\u0131ya bak\u0131yorsun. Hi\u00e7bir \u015fey g\u00f6remiyorsun. Kur\u015funi bir sis etraf\u0131 kaplam\u0131\u015f. \u0130nsanlar\u0131n, evlerin, a\u011fa\u00e7lar\u0131n siluetlerini ar\u0131yorsun. Bulam\u0131yorsun. Sisi delip ge\u00e7en bir \u0131\u015f\u0131k g\u00f6rmeye \u00e7al\u0131\u015f\u0131yorsun, o da yok. \u015ea\u015f\u0131r\u0131yorsun.   G\u00f6z G\u00fcne\u015fe\u2019nin ba\u015fkahraman\u0131 ya\u015fl\u0131 bir kad\u0131n; bir bak\u0131mevinde \u00f6l\u00fcm kal\u0131m sava\u015f\u0131 verirken unuttu\u011fu an\u0131lar\u0131n\u0131n yerine yenilerini yaratarak hayata tutunuyor. Hat\u0131rlad\u0131klar\u0131n\u0131n sahte mi ger\u00e7ek mi belli olmad\u0131\u011f\u0131n\u0131n i\u00e7ten i\u00e7e fark\u0131nda olan kad\u0131n, bir yandan d\u00f6rt elle ki\u015fisel tarihine sahip \u00e7\u0131kmaya \u00e7al\u0131\u015f\u0131rken bir yandan da bak\u0131mevinin g\u00fcnl\u00fck rutini i\u00e7inde varolu\u015f m\u00fccadelesi veriyor.   \u00d6z\u00fcnde bellek, hat\u0131rlama, unutma gibi temalar\u0131 i\u015fleyen G\u00f6z G\u00fcne\u015fe, an\u0131 k\u0131r\u0131nt\u0131lar\u0131 ve \u00e7a\u011fr\u0131\u015f\u0131mlara bak\u0131mevinde ya\u015fananlar\u0131n eklemlenmesiyle ilerleyen \u00e7ok katmanl\u0131 bir roman. Bu par\u00e7al\u0131 ve yer yer \u015fiirsel metni ustal\u0131kla bir b\u00fct\u00fcnde birle\u015ftiren Reyhan Karaarslan, varolu\u015f, varl\u0131\u011f\u0131 ispat etme arzusu, par\u00e7alanma, savrulma, yok olma korkusu gibi olgular\u0131 ele al\u0131yor. Sorunlu bir belle\u011fe sahip ya\u015fl\u0131 bir kad\u0131n\u0131n bak\u0131\u015f a\u00e7\u0131s\u0131 \u00fczerinden \u201cNas\u0131l varl\u0131\u011fa geliriz?\u201d ve \u201cNas\u0131l varl\u0131ktan \u00e7ekiliriz?\u201d gibi zorlay\u0131c\u0131 meseleleri irdeliyor. <\/p>\n","protected":false},"excerpt":{"rendered":"<p>Pencerenin \u00f6n\u00fcndesin. D\u0131\u015far\u0131ya bak\u0131yorsun. Hi\u00e7bir \u015fey g\u00f6remiyorsun. Kur\u015funi bir sis etraf\u0131 kaplam\u0131\u015f. \u0130nsanlar\u0131n, evlerin, a\u011fa\u00e7lar\u0131n siluetlerini ar\u0131yorsun. Bulam\u0131yorsun. Sisi delip ge\u00e7en bir \u0131\u015f\u0131k g\u00f6rmeye \u00e7al\u0131\u015f\u0131yorsun, o<span class=\"excerpt-hellip\"> [\u2026]<\/span><\/p>\n","protected":false},"featured_media":0,"template":"","meta":{"_monsterinsights_skip_tracking":false,"_monsterinsights_sitenote_active":false,"_monsterinsights_sitenote_note":"","_monsterinsights_sitenote_category":0},"product_brand":[],"product_cat":[12291,12711],"product_tag":[],"class_list":{"0":"post-735756","1":"product","2":"type-product","3":"status-publish","5":"product_cat-edebiyat","6":"product_cat-roman-oyku","7":"pa_cilt-ciltsiz","8":"pa_tur-kitap","9":"pa_yayinevi-can-yayinlari","10":"pa_yazar-reyhan-karaarslan","12":"first","13":"instock","14":"sale","15":"shipping-taxable","16":"purchasable","17":"product-type-simple"},"_links":{"self":[{"href":"https:\/\/roveyayinevi.com.tr\/index.php\/wp-json\/wp\/v2\/product\/735756","targetHints":{"allow":["GET"]}}],"collection":[{"href":"https:\/\/roveyayinevi.com.tr\/index.php\/wp-json\/wp\/v2\/product"}],"about":[{"href":"https:\/\/roveyayinevi.com.tr\/index.php\/wp-json\/wp\/v2\/types\/product"}],"wp:attachment":[{"href":"https:\/\/roveyayinevi.com.tr\/index.php\/wp-json\/wp\/v2\/media?parent=735756"}],"wp:term":[{"taxonomy":"product_brand","embeddable":true,"href":"https:\/\/roveyayinevi.com.tr\/index.php\/wp-json\/wp\/v2\/product_brand?post=735756"},{"taxonomy":"product_cat","embeddable":true,"href":"https:\/\/roveyayinevi.com.tr\/index.php\/wp-json\/wp\/v2\/product_cat?post=735756"},{"taxonomy":"product_tag","embeddable":true,"href":"https:\/\/roveyayinevi.com.tr\/index.php\/wp-json\/wp\/v2\/product_tag?post=735756"}],"curies":[{"name":"wp","href":"https:\/\/api.w.org\/{rel}","templated":true}]}}