{"id":735753,"date":"2025-08-27T22:53:31","date_gmt":"2025-08-27T19:53:31","guid":{"rendered":"https:\/\/roveyayinevi.com.tr\/index.php\/urun\/nehir-kiyisi-kadinlari\/"},"modified":"2026-04-16T02:44:00","modified_gmt":"2026-04-15T23:44:00","slug":"nehir-kiyisi-kadinlari","status":"publish","type":"product","link":"https:\/\/roveyayinevi.com.tr\/index.php\/urun\/nehir-kiyisi-kadinlari\/","title":{"rendered":"Nehir K\u0131y\u0131s\u0131 Kad\u0131nlar\u0131"},"content":{"rendered":"<p>R\u00fc\u015fvet al\u0131yorlar, f\u00fczeler ya\u011fd\u0131r\u0131yorlar, \u00f6l\u00fcme tap\u0131yorlar \u2013 bunlar\u0131n hi\u00e7biri yeni de\u011fil. Yeni olan \u015fu: Kendilerini su\u00e7lu hissetmiyorlar.   Nobel \u00d6d\u00fcll\u00fc yazar Heinrich B\u00f6ll\u2019\u00fcn son roman\u0131 okuru 1980\u2019li y\u0131llara, Bonn\u2019da Ren Nehri k\u0131y\u0131s\u0131ndaki se\u00e7kin villalara g\u00f6t\u00fcr\u00fcyor. Politikac\u0131lar\u0131n, bankerlerin, aristokratlar\u0131n ya\u015fad\u0131\u011f\u0131 bu evlerde bu kez ba\u015froller ipleri elinde tutanlarda de\u011fil, iktidar oyunlar\u0131n\u0131 ve entrikalarla dolu bir d\u00f6nemi sorgulayan e\u015flerinde ve sevgililerindedir. \u0130\u015fledikleri su\u00e7lar\u0131 ve yolsuzluklar\u0131 halktan b\u00fcy\u00fck bir beceriyle saklayan aristokratlarla, ge\u00e7mi\u015fteki su\u00e7lar\u0131n\u0131n \u00fcst\u00fcn\u00fc \u00f6rterek liberal Almanya\u2019ya uyum sa\u011flayan eski Nazilerle, yozla\u015fm\u0131\u015f bir d\u00fczenin maskeli akt\u00f6rleriyle hesapla\u015fan Nehir K\u0131y\u0131s\u0131 Kad\u0131nlar\u0131, sava\u015f sonras\u0131 siyasetin karanl\u0131kta kalan k\u00f6\u015felerine ayna tutarken okuru etik bir hesapla\u015fmaya da davet ediyor. <\/p>\n","protected":false},"excerpt":{"rendered":"<p>R\u00fc\u015fvet al\u0131yorlar, f\u00fczeler ya\u011fd\u0131r\u0131yorlar, \u00f6l\u00fcme tap\u0131yorlar \u2013 bunlar\u0131n hi\u00e7biri yeni de\u011fil. Yeni olan \u015fu: Kendilerini su\u00e7lu hissetmiyorlar. Nobel \u00d6d\u00fcll\u00fc yazar Heinrich B\u00f6ll\u2019\u00fcn son roman\u0131 okuru 1980\u2019li<span class=\"excerpt-hellip\"> [\u2026]<\/span><\/p>\n","protected":false},"featured_media":0,"template":"","meta":{"_monsterinsights_skip_tracking":false,"_monsterinsights_sitenote_active":false,"_monsterinsights_sitenote_note":"","_monsterinsights_sitenote_category":0},"product_brand":[],"product_cat":[12291,26797],"product_tag":[],"class_list":{"0":"post-735753","1":"product","2":"type-product","3":"status-publish","5":"product_cat-edebiyat","6":"product_cat-modern-klasikler","7":"pa_cilt-ciltsiz","8":"pa_tur-kitap","9":"pa_yayinevi-can-yayinlari","10":"pa_yazar-heinrich-boll","12":"first","13":"instock","14":"sale","15":"shipping-taxable","16":"purchasable","17":"product-type-simple"},"_links":{"self":[{"href":"https:\/\/roveyayinevi.com.tr\/index.php\/wp-json\/wp\/v2\/product\/735753","targetHints":{"allow":["GET"]}}],"collection":[{"href":"https:\/\/roveyayinevi.com.tr\/index.php\/wp-json\/wp\/v2\/product"}],"about":[{"href":"https:\/\/roveyayinevi.com.tr\/index.php\/wp-json\/wp\/v2\/types\/product"}],"wp:attachment":[{"href":"https:\/\/roveyayinevi.com.tr\/index.php\/wp-json\/wp\/v2\/media?parent=735753"}],"wp:term":[{"taxonomy":"product_brand","embeddable":true,"href":"https:\/\/roveyayinevi.com.tr\/index.php\/wp-json\/wp\/v2\/product_brand?post=735753"},{"taxonomy":"product_cat","embeddable":true,"href":"https:\/\/roveyayinevi.com.tr\/index.php\/wp-json\/wp\/v2\/product_cat?post=735753"},{"taxonomy":"product_tag","embeddable":true,"href":"https:\/\/roveyayinevi.com.tr\/index.php\/wp-json\/wp\/v2\/product_tag?post=735753"}],"curies":[{"name":"wp","href":"https:\/\/api.w.org\/{rel}","templated":true}]}}