{"id":735751,"date":"2025-08-27T22:53:28","date_gmt":"2025-08-27T19:53:28","guid":{"rendered":"https:\/\/roveyayinevi.com.tr\/index.php\/urun\/pisagor-ve-su-lanet-sayi\/"},"modified":"2026-04-16T02:44:00","modified_gmt":"2026-04-15T23:44:00","slug":"pisagor-ve-su-lanet-sayi","status":"publish","type":"product","link":"https:\/\/roveyayinevi.com.tr\/index.php\/urun\/pisagor-ve-su-lanet-sayi\/","title":{"rendered":"Pisagor ve \u015eu Lanet Say\u0131"},"content":{"rendered":"<p>\u00c7ocukken deniz kenar\u0131nda karatahta yerine kumu kullanarak ald\u0131\u011f\u0131 dersler, Akdeniz&#8217;de yapt\u0131\u011f\u0131 yolculuklar, Yak\u0131ndo\u011fu\u2019nun kadim medeniyetleriyle tan\u0131\u015fma, Tales gibi bilginlerle kurulan dostluklar, Polykrates ile anla\u015fmazl\u0131klar&#8230; Ve tabii ki b\u00fcy\u00fck fikirleri&#8230; Bat\u0131\u2019da \u201cfilozof\u201d kabul edilen ilk ki\u015fi Pisagor olmu\u015ftu ve matemati\u011fi \u201cbilimin krali\u00e7esi\u201d mertebesine ula\u015ft\u0131ran \u00f6nc\u00fcler aras\u0131nda yer al\u0131yordu. Hakk\u0131nda ak\u0131l s\u0131r ermez hik\u00e2yeler dola\u015f\u0131yordu. Hem sevildi hem de nefret edildi, bir yandan takdir di\u011fer yandan zul\u00fcm g\u00f6rd\u00fc.   Olimpiyat \u015fampiyonu, filozof, m\u00fcziksever ve b\u00fcy\u00fck matematik\u00e7i&#8230; \u0130\u015fte bu, tarih ile efsane aras\u0131nda gidip gelen ve kitapta bizzat kendi a\u011fz\u0131ndan anlatt\u0131\u011f\u0131 hayat\u0131. Kitab\u0131n sonundaki \u201cGen\u00e7 Pisagorcular \u0130\u00e7in Minik S\u00f6zl\u00fck\u201d ise metinde kar\u015f\u0131la\u015f\u0131lan kavramlar\u0131n derinlemesine anla\u015f\u0131lmas\u0131na yard\u0131mc\u0131 olacak.<\/p>\n","protected":false},"excerpt":{"rendered":"<p>\u00c7ocukken deniz kenar\u0131nda karatahta yerine kumu kullanarak ald\u0131\u011f\u0131 dersler, Akdeniz&#8217;de yapt\u0131\u011f\u0131 yolculuklar, Yak\u0131ndo\u011fu\u2019nun kadim medeniyetleriyle tan\u0131\u015fma, Tales gibi bilginlerle kurulan dostluklar, Polykrates ile anla\u015fmazl\u0131klar&#8230; Ve tabii<span class=\"excerpt-hellip\"> [\u2026]<\/span><\/p>\n","protected":false},"featured_media":0,"template":"","meta":{"_monsterinsights_skip_tracking":false,"_monsterinsights_sitenote_active":false,"_monsterinsights_sitenote_note":"","_monsterinsights_sitenote_category":0},"product_brand":[],"product_cat":[12275,12274],"product_tag":[],"class_list":{"0":"post-735751","1":"product","2":"type-product","3":"status-publish","5":"product_cat-6-12-yas-kitaplari","6":"product_cat-cocuk-ve-genclik-kitaplari","7":"pa_cilt-ciltsiz","8":"pa_tur-kitap","9":"pa_yayinevi-can-cocuk-yayinlari","10":"pa_yazar-luca-novelli","12":"first","13":"instock","14":"sale","15":"shipping-taxable","16":"purchasable","17":"product-type-simple"},"_links":{"self":[{"href":"https:\/\/roveyayinevi.com.tr\/index.php\/wp-json\/wp\/v2\/product\/735751","targetHints":{"allow":["GET"]}}],"collection":[{"href":"https:\/\/roveyayinevi.com.tr\/index.php\/wp-json\/wp\/v2\/product"}],"about":[{"href":"https:\/\/roveyayinevi.com.tr\/index.php\/wp-json\/wp\/v2\/types\/product"}],"wp:attachment":[{"href":"https:\/\/roveyayinevi.com.tr\/index.php\/wp-json\/wp\/v2\/media?parent=735751"}],"wp:term":[{"taxonomy":"product_brand","embeddable":true,"href":"https:\/\/roveyayinevi.com.tr\/index.php\/wp-json\/wp\/v2\/product_brand?post=735751"},{"taxonomy":"product_cat","embeddable":true,"href":"https:\/\/roveyayinevi.com.tr\/index.php\/wp-json\/wp\/v2\/product_cat?post=735751"},{"taxonomy":"product_tag","embeddable":true,"href":"https:\/\/roveyayinevi.com.tr\/index.php\/wp-json\/wp\/v2\/product_tag?post=735751"}],"curies":[{"name":"wp","href":"https:\/\/api.w.org\/{rel}","templated":true}]}}