{"id":735750,"date":"2025-08-27T22:53:27","date_gmt":"2025-08-27T19:53:27","guid":{"rendered":"https:\/\/roveyayinevi.com.tr\/index.php\/urun\/siyasal-bir-sorun-olarak-islamcilik\/"},"modified":"2026-04-12T02:50:30","modified_gmt":"2026-04-11T23:50:30","slug":"siyasal-bir-sorun-olarak-islamcilik","status":"publish","type":"product","link":"https:\/\/roveyayinevi.com.tr\/index.php\/urun\/siyasal-bir-sorun-olarak-islamcilik\/","title":{"rendered":"Siyasal Bir Sorun Olarak \u0130slamc\u0131l\u0131k"},"content":{"rendered":"<p>\u201cMenderes \u00c7\u0131nar&#8217;\u0131n bu kitab\u0131, siyasetin konjonkt\u00fcr, mekan ve ajan \u00fc\u00e7l\u00fcs\u00fcn\u00fcn eklemlenmesi ile yaratt\u0131\u011f\u0131 ivmeyi 40 y\u0131l \u00f6ncesine giden Milli G\u00f6r\u00fc\u015f hareketinden ba\u015flatarak son19 y\u0131l\u0131n siyasal ve sosyal evrenini tamamen kaplayan \u0130slamc\u0131 bir siyaset \u00f6zelinde tart\u0131\u015fmakta. Demokratik siyasete taraf olmakla \u00f6v\u00fcnerek yapt\u0131\u011f\u0131 analizler, son d\u00f6nem iktidarlar\u0131n\u0131n siyasete indirdi\u011fi a\u011f\u0131r yaralay\u0131c\u0131 darbelerin \u00fclke insan\u0131nda yaratt\u0131\u011f\u0131 umutsuzlu\u011fu bile, tabiri caizse, tersi bir \u0131\u015f\u0131lt\u0131yla a\u015fan, a\u00e7\u0131klay\u0131c\u0131 tart\u0131\u015fmalara ba\u015fvuruyor. Prof. \u00c7\u0131nar yas tutmuyor, karanl\u0131\u011f\u0131 deliyor.\u201d\u00dcM\u0130T C\u0130ZREMenderes \u00c7\u0131nar, bir yandan \u0130slamc\u0131l\u0131\u011f\u0131n 1960&#8217;lardan bu yana T\u00fcrk siyasal hayat\u0131nda b\u0131rakt\u0131\u011f\u0131 izlere odaklan\u0131rken, di\u011fer yandan bu izlerin siyasal \u0130slamc\u0131l\u0131kta yaratt\u0131\u011f\u0131 de\u011fi\u015fimleri de ele al\u0131yor. \u00c7\u0131nar, \u0130slamc\u0131l\u0131\u011f\u0131n son 20 y\u0131ldaki ana temsilcisi olan Adalet ve Kalk\u0131nma Partisi&#8217;ni de g\u00fcncel demokrasi sorunlar\u0131 \u00e7er\u00e7evesinde inceliyor. <\/p>\n","protected":false},"excerpt":{"rendered":"<p>\u201cMenderes \u00c7\u0131nar&#8217;\u0131n bu kitab\u0131, siyasetin konjonkt\u00fcr, mekan ve ajan \u00fc\u00e7l\u00fcs\u00fcn\u00fcn eklemlenmesi ile yaratt\u0131\u011f\u0131 ivmeyi 40 y\u0131l \u00f6ncesine giden Milli G\u00f6r\u00fc\u015f hareketinden ba\u015flatarak son19 y\u0131l\u0131n siyasal ve<span class=\"excerpt-hellip\"> [\u2026]<\/span><\/p>\n","protected":false},"featured_media":0,"template":"","meta":{"_monsterinsights_skip_tracking":false,"_monsterinsights_sitenote_active":false,"_monsterinsights_sitenote_note":"","_monsterinsights_sitenote_category":0},"product_brand":[],"product_cat":[20085,12337],"product_tag":[],"class_list":{"0":"post-735750","1":"product","2":"type-product","3":"status-publish","5":"product_cat-islam-ortadogu","6":"product_cat-politika-siyaset","7":"pa_cilt-ciltsiz","8":"pa_tur-kitap","9":"pa_yayinevi-nika-yayinevi","10":"pa_yazar-menderes-cinar","12":"first","13":"instock","14":"sale","15":"shipping-taxable","16":"purchasable","17":"product-type-simple"},"_links":{"self":[{"href":"https:\/\/roveyayinevi.com.tr\/index.php\/wp-json\/wp\/v2\/product\/735750","targetHints":{"allow":["GET"]}}],"collection":[{"href":"https:\/\/roveyayinevi.com.tr\/index.php\/wp-json\/wp\/v2\/product"}],"about":[{"href":"https:\/\/roveyayinevi.com.tr\/index.php\/wp-json\/wp\/v2\/types\/product"}],"wp:attachment":[{"href":"https:\/\/roveyayinevi.com.tr\/index.php\/wp-json\/wp\/v2\/media?parent=735750"}],"wp:term":[{"taxonomy":"product_brand","embeddable":true,"href":"https:\/\/roveyayinevi.com.tr\/index.php\/wp-json\/wp\/v2\/product_brand?post=735750"},{"taxonomy":"product_cat","embeddable":true,"href":"https:\/\/roveyayinevi.com.tr\/index.php\/wp-json\/wp\/v2\/product_cat?post=735750"},{"taxonomy":"product_tag","embeddable":true,"href":"https:\/\/roveyayinevi.com.tr\/index.php\/wp-json\/wp\/v2\/product_tag?post=735750"}],"curies":[{"name":"wp","href":"https:\/\/api.w.org\/{rel}","templated":true}]}}