{"id":735747,"date":"2025-08-27T22:53:24","date_gmt":"2025-08-27T19:53:24","guid":{"rendered":"https:\/\/roveyayinevi.com.tr\/index.php\/urun\/hicret-din-u-devlet\/"},"modified":"2026-04-16T02:44:00","modified_gmt":"2026-04-15T23:44:00","slug":"hicret-din-u-devlet","status":"publish","type":"product","link":"https:\/\/roveyayinevi.com.tr\/index.php\/urun\/hicret-din-u-devlet\/","title":{"rendered":"Hicret, Din \u00fc Devlet"},"content":{"rendered":"<p>\u201c1856-1908 aras\u0131 \u2018di\u0302n u\u0308 devlet\u2019 kayg\u0131s\u0131 \u2018muhacir\u2019 politikas\u0131n\u0131 belirlerken; 1912- 1923 aras\u0131 \u2018mu\u0308lk u\u0308 millet\u2019 kayg\u0131s\u0131 \u2018mu\u0308lteci\u2019 politikas\u0131n\u0131; 1923-1998 aras\u0131 \u2018millet ve devlet\u2019 kayg\u0131s\u0131 \u2018go\u0308c\u0327men\u2019 politikas\u0131n\u0131 ve 2011 sonras\u0131 \u2018mu\u0308lk ve din\u2019 kayg\u0131s\u0131 ise \u2018s\u0131g\u0306\u0131nmac\u0131\u2019 politikas\u0131n\u0131 belirledi.\u201d1856-1908 aras\u0131 go\u0308c\u0327en Tu\u0308rk, Tatar, C\u0327erkes, Nogay, Bos\u0327nak, Gu\u0308rcu\u0308 ve Girit mu\u0308slu\u0308manlar\u0131na yo\u0308nelik Osmanl\u0131 politikas\u0131n\u0131 ele alan Hicret, Di\u0302n u\u0308 Devlet, go\u0308c\u0327 yo\u0308netiminin, bu u\u0308lkede devletin modernles\u0327me su\u0308recinin kilit bir parc\u0327as\u0131 oldug\u0306unu go\u0308steriyor. K\u0131r\u0131m, Kafkasya ve Balkanlar\u2019dan gelen go\u0308c\u0327ler; Mu\u0308slu\u0308manlar\u0131n I\u0307sla\u0302m\u0131n ha\u0302kimiyetindeki topraklara s\u0131g\u0306\u0131nmas\u0131n\u0131 anlatan \u201chicret\u201d kavram\u0131n\u0131n c\u0327erc\u0327evesi ic\u0327inde, bir yandan da go\u0308c\u0327menlerin etnik \u201ccinslerine\u201d go\u0308re kaydedildig\u0306i bir rejime evriliyor. Do\u0308nemin go\u0308c\u0327 rejiminin, bos\u0327 arazileri muhacirlerle \u201cs\u0327enlendirmekten\u201d o\u0308te, muhacirleri, kendi u\u0308retim olanaklar\u0131n\u0131 gelis\u0327tirmeye sevk eden iktisadi bir boyutu var. Mu\u0308slu\u0308man nu\u0308fusu art\u0131rma o\u0308ncelig\u0306iyle ve dog\u0306rudan dog\u0306ruya bununla bag\u0306lant\u0131l\u0131 askeri\u0302 boyutu var. Bat\u0131\u2019yla ve Rusya\u2019yla ilis\u0327kiler u\u0308zerinden, o\u0308nemli bir uluslararas\u0131 siyaset boyutu var.Fuat Du\u0308ndar, modern Tu\u0308rkiye\u2019nin olus\u0327umunda nu\u0308fus siyasetinin belirleyici o\u0308nemini go\u0308steren incelemeler zincirine bu kitapla deg\u0306erli bir halka daha ekliyor.<\/p>\n","protected":false},"excerpt":{"rendered":"<p>\u201c1856-1908 aras\u0131 \u2018di\u0302n u\u0308 devlet\u2019 kayg\u0131s\u0131 \u2018muhacir\u2019 politikas\u0131n\u0131 belirlerken; 1912- 1923 aras\u0131 \u2018mu\u0308lk u\u0308 millet\u2019 kayg\u0131s\u0131 \u2018mu\u0308lteci\u2019 politikas\u0131n\u0131; 1923-1998 aras\u0131 \u2018millet ve devlet\u2019 kayg\u0131s\u0131 \u2018go\u0308c\u0327men\u2019 politikas\u0131n\u0131<span class=\"excerpt-hellip\"> [\u2026]<\/span><\/p>\n","protected":false},"featured_media":0,"template":"","meta":{"_monsterinsights_skip_tracking":false,"_monsterinsights_sitenote_active":false,"_monsterinsights_sitenote_note":"","_monsterinsights_sitenote_category":0},"product_brand":[],"product_cat":[12370,12304],"product_tag":[],"class_list":{"0":"post-735747","1":"product","2":"type-product","3":"status-publish","5":"product_cat-arastirma-inceleme","6":"product_cat-tarih","7":"pa_cilt-ciltsiz","8":"pa_tur-kitap","9":"pa_yayinevi-iletisim-yayinlari","10":"pa_yazar-fuat-dundar","12":"first","13":"instock","14":"sale","15":"shipping-taxable","16":"purchasable","17":"product-type-simple"},"_links":{"self":[{"href":"https:\/\/roveyayinevi.com.tr\/index.php\/wp-json\/wp\/v2\/product\/735747","targetHints":{"allow":["GET"]}}],"collection":[{"href":"https:\/\/roveyayinevi.com.tr\/index.php\/wp-json\/wp\/v2\/product"}],"about":[{"href":"https:\/\/roveyayinevi.com.tr\/index.php\/wp-json\/wp\/v2\/types\/product"}],"wp:attachment":[{"href":"https:\/\/roveyayinevi.com.tr\/index.php\/wp-json\/wp\/v2\/media?parent=735747"}],"wp:term":[{"taxonomy":"product_brand","embeddable":true,"href":"https:\/\/roveyayinevi.com.tr\/index.php\/wp-json\/wp\/v2\/product_brand?post=735747"},{"taxonomy":"product_cat","embeddable":true,"href":"https:\/\/roveyayinevi.com.tr\/index.php\/wp-json\/wp\/v2\/product_cat?post=735747"},{"taxonomy":"product_tag","embeddable":true,"href":"https:\/\/roveyayinevi.com.tr\/index.php\/wp-json\/wp\/v2\/product_tag?post=735747"}],"curies":[{"name":"wp","href":"https:\/\/api.w.org\/{rel}","templated":true}]}}