{"id":735744,"date":"2025-08-27T22:53:21","date_gmt":"2025-08-27T19:53:21","guid":{"rendered":"https:\/\/roveyayinevi.com.tr\/index.php\/urun\/anne-bunu-yiyebilir-miyim\/"},"modified":"2026-04-16T02:44:00","modified_gmt":"2026-04-15T23:44:00","slug":"anne-bunu-yiyebilir-miyim","status":"publish","type":"product","link":"https:\/\/roveyayinevi.com.tr\/index.php\/urun\/anne-bunu-yiyebilir-miyim\/","title":{"rendered":"Anne Bunu Yiyebilir Miyim?"},"content":{"rendered":"<p>\u00c7ocu\u011funuza besin alerjisi, hassasiyeti ya da intolerans\u0131 te\u015fhisi mi kondu? Bu tam olarak ne anlama geliyor? Bundan sonra neler yapmal\u0131, \u00e7ocu\u011funuzun hangi g\u0131dalar\u0131 yemesine izin vermeli, hangilerinden ka\u00e7\u0131nmal\u0131s\u0131n\u0131z? Alerji zaman i\u00e7inde iyile\u015febilir mi?   Alerjik bir \u00e7ocu\u011fa sahip olan bir\u00e7ok aile, her g\u00fcn bunlara benzer onlarca sorunun cevab\u0131n\u0131 ar\u0131yor. Uzun y\u0131llard\u0131r \u00e7ocuklarla ve aileleriyle \u00e7al\u0131\u015fan \u00f6d\u00fcll\u00fc fonksiyonel beslenme uzman\u0131 Christine Bailey, bu kitapta t\u00fcm bu sorulara ve \u00e7ok daha fazlas\u0131na cevap verirken, evde ya da d\u0131\u015far\u0131da, her zaman, her yerde m\u00fcmk\u00fcn oldu\u011funca keyifli bir ya\u015fam s\u00fcrebilmeniz i\u00e7in birbirinden de\u011ferli ipu\u00e7lar\u0131 da payla\u015f\u0131yor.   Bu kitap sayesinde alerjik reaksiyonlar\u0131n nedenlerini, \u00e7ocu\u011funuzun bedeninde olup bitenleri kolayl\u0131kla anlarken, hem alerji ve besin intoleranslar\u0131na kar\u015f\u0131 b\u00fct\u00fcnc\u00fcl ve etkili bir bak\u0131\u015f a\u00e7\u0131s\u0131 geli\u015ftirecek hem de birbirinden lezzetli, sa\u011fl\u0131kl\u0131 tariflerle alerji dostu sofralar kurabileceksiniz. Bir uzman\u0131n g\u00f6z\u00fcnden anne sevgisiyle yo\u011frularak kaleme al\u0131nan Anne Bunu Yiyebilir Miyim? sa\u011fl\u0131kl\u0131 nesiller yeti\u015ftirmek isteyen herkesin ba\u015f ucunda olmal\u0131. <\/p>\n","protected":false},"excerpt":{"rendered":"<p>\u00c7ocu\u011funuza besin alerjisi, hassasiyeti ya da intolerans\u0131 te\u015fhisi mi kondu? Bu tam olarak ne anlama geliyor? Bundan sonra neler yapmal\u0131, \u00e7ocu\u011funuzun hangi g\u0131dalar\u0131 yemesine izin vermeli,<span class=\"excerpt-hellip\"> [\u2026]<\/span><\/p>\n","protected":false},"featured_media":0,"template":"","meta":{"_monsterinsights_skip_tracking":false,"_monsterinsights_sitenote_active":false,"_monsterinsights_sitenote_note":"","_monsterinsights_sitenote_category":0},"product_brand":[],"product_cat":[14902,13365],"product_tag":[],"class_list":{"0":"post-735744","1":"product","2":"type-product","3":"status-publish","5":"product_cat-annelik-ve-cocuk-bakimi","6":"product_cat-saglik","7":"pa_cilt-ciltsiz","8":"pa_tur-kitap","9":"pa_yayinevi-beyaz-balina-yayinlari","10":"pa_yazar-christine-bailey","12":"first","13":"instock","14":"sale","15":"shipping-taxable","16":"purchasable","17":"product-type-simple"},"_links":{"self":[{"href":"https:\/\/roveyayinevi.com.tr\/index.php\/wp-json\/wp\/v2\/product\/735744","targetHints":{"allow":["GET"]}}],"collection":[{"href":"https:\/\/roveyayinevi.com.tr\/index.php\/wp-json\/wp\/v2\/product"}],"about":[{"href":"https:\/\/roveyayinevi.com.tr\/index.php\/wp-json\/wp\/v2\/types\/product"}],"wp:attachment":[{"href":"https:\/\/roveyayinevi.com.tr\/index.php\/wp-json\/wp\/v2\/media?parent=735744"}],"wp:term":[{"taxonomy":"product_brand","embeddable":true,"href":"https:\/\/roveyayinevi.com.tr\/index.php\/wp-json\/wp\/v2\/product_brand?post=735744"},{"taxonomy":"product_cat","embeddable":true,"href":"https:\/\/roveyayinevi.com.tr\/index.php\/wp-json\/wp\/v2\/product_cat?post=735744"},{"taxonomy":"product_tag","embeddable":true,"href":"https:\/\/roveyayinevi.com.tr\/index.php\/wp-json\/wp\/v2\/product_tag?post=735744"}],"curies":[{"name":"wp","href":"https:\/\/api.w.org\/{rel}","templated":true}]}}