{"id":735743,"date":"2025-08-27T22:53:20","date_gmt":"2025-08-27T19:53:20","guid":{"rendered":"https:\/\/roveyayinevi.com.tr\/index.php\/urun\/kavramdan-sonra-cagdas-sanatin-felsefesi\/"},"modified":"2026-04-16T02:44:00","modified_gmt":"2026-04-15T23:44:00","slug":"kavramdan-sonra-cagdas-sanatin-felsefesi","status":"publish","type":"product","link":"https:\/\/roveyayinevi.com.tr\/index.php\/urun\/kavramdan-sonra-cagdas-sanatin-felsefesi\/","title":{"rendered":"Kavramdan Sonra &#8211; \u00c7a\u011fda\u015f Sanat\u0131n Felsefesi"},"content":{"rendered":"<p>\u00c7a\u011fda\u015f sanat, abart\u0131l\u0131 ve birbirinden \u00e7ok farkl\u0131 iddialar\u0131n nesnesidir. Peki ne t\u00fcr bir s\u00f6ylem ona ele\u015ftirel bir anlam vermemiz konusunda bize yard\u0131mc\u0131 olabilir?   Osborne gerek felsefi, tarihsel ve sosyal a\u00e7\u0131dan, gerekse sanat ele\u015ftirisi a\u00e7\u0131s\u0131ndan yeni bir yakla\u015f\u0131mla yerle\u015fik fikirlere meydan okuyor. \u201c\u00c7a\u011fda\u015f sanat post-kavramsal sanatt\u0131r\u201d iddias\u0131n\u0131 ortaya koyan Osborne; Navjot Altaf, The Atlas Group, Amar Kanwar, Sol LeWitt, Gordon Matta-Clark, Gerhard Richter ve Robert Smithson\u2019\u0131n eserlerinin bir dizi kavramsal in\u015fas\u0131n\u0131 ve yorumunu detayland\u0131r\u0131yor; ayr\u0131ca \u201csanat uzam\u0131\u201d ve \u201csanat zaman\u0131\u201dn\u0131n kurumsal ve varolu\u015fsal karma\u015f\u0131kl\u0131klar\u0131na dair yeni a\u00e7\u0131klamalarda bulunuyor.   K\u00fcresel kapitalizm \u00e7a\u011f\u0131nda hem ele\u015ftirel hem de \u00e7a\u011fda\u015f olan bir sanat i\u00e7in kavramsal alan\u0131n haritas\u0131n\u0131 \u00e7\u0131karan Kavramdan Sonra: \u00c7a\u011fda\u015f Sanat\u0131n Felsefesi, sanat teorisine b\u00fcy\u00fck bir felsefi m\u00fcdahale.   \u201cBu gecikmi\u015f \u00e7a\u011fda\u015f sanat felsefesi, bize hem \u00e7a\u011fda\u015f sanat tarihini hem de sanat ele\u015ftirisi felsefesini yeniden d\u00fc\u015f\u00fcnmek i\u00e7in kavramsal ara\u00e7lar sa\u011fl\u0131yor. Tutkulu ancak analitik bir yakla\u015f\u0131m benimseyen Osborne, yal\u0131n ve zevkle okunan anlat\u0131m\u0131yla politik a\u00e7\u0131dan ferasetli bir s\u00f6ylem sunuyor. Bu eser, \u00e7a\u011fda\u015f sanat veya onun felsefesiyle ciddi olarak ilgilenenler i\u00e7in temel bir okumad\u0131r.\u201d   Ruth Noack, documenta 12\u2019nin k\u00fcrat\u00f6r\u00fc <\/p>\n","protected":false},"excerpt":{"rendered":"<p>\u00c7a\u011fda\u015f sanat, abart\u0131l\u0131 ve birbirinden \u00e7ok farkl\u0131 iddialar\u0131n nesnesidir. Peki ne t\u00fcr bir s\u00f6ylem ona ele\u015ftirel bir anlam vermemiz konusunda bize yard\u0131mc\u0131 olabilir? Osborne gerek felsefi,<span class=\"excerpt-hellip\"> [\u2026]<\/span><\/p>\n","protected":false},"featured_media":0,"template":"","meta":{"_monsterinsights_skip_tracking":false,"_monsterinsights_sitenote_active":false,"_monsterinsights_sitenote_note":"","_monsterinsights_sitenote_category":0},"product_brand":[],"product_cat":[44608,12408],"product_tag":[],"class_list":{"0":"post-735743","1":"product","2":"type-product","3":"status-publish","5":"product_cat-diger-sanat","6":"product_cat-sanat","7":"pa_cilt-ciltsiz","8":"pa_tur-kitap","9":"pa_yayinevi-tellekt","10":"pa_yazar-peter-osborne","12":"first","13":"instock","14":"sale","15":"shipping-taxable","16":"purchasable","17":"product-type-simple"},"_links":{"self":[{"href":"https:\/\/roveyayinevi.com.tr\/index.php\/wp-json\/wp\/v2\/product\/735743","targetHints":{"allow":["GET"]}}],"collection":[{"href":"https:\/\/roveyayinevi.com.tr\/index.php\/wp-json\/wp\/v2\/product"}],"about":[{"href":"https:\/\/roveyayinevi.com.tr\/index.php\/wp-json\/wp\/v2\/types\/product"}],"wp:attachment":[{"href":"https:\/\/roveyayinevi.com.tr\/index.php\/wp-json\/wp\/v2\/media?parent=735743"}],"wp:term":[{"taxonomy":"product_brand","embeddable":true,"href":"https:\/\/roveyayinevi.com.tr\/index.php\/wp-json\/wp\/v2\/product_brand?post=735743"},{"taxonomy":"product_cat","embeddable":true,"href":"https:\/\/roveyayinevi.com.tr\/index.php\/wp-json\/wp\/v2\/product_cat?post=735743"},{"taxonomy":"product_tag","embeddable":true,"href":"https:\/\/roveyayinevi.com.tr\/index.php\/wp-json\/wp\/v2\/product_tag?post=735743"}],"curies":[{"name":"wp","href":"https:\/\/api.w.org\/{rel}","templated":true}]}}