{"id":735742,"date":"2025-08-27T22:53:19","date_gmt":"2025-08-27T19:53:19","guid":{"rendered":"https:\/\/roveyayinevi.com.tr\/index.php\/urun\/okuloncesi-egitim-rehberi\/"},"modified":"2026-04-16T02:43:59","modified_gmt":"2026-04-15T23:43:59","slug":"okuloncesi-egitim-rehberi","status":"publish","type":"product","link":"https:\/\/roveyayinevi.com.tr\/index.php\/urun\/okuloncesi-egitim-rehberi\/","title":{"rendered":"Okul\u00f6ncesi E\u011fitim Rehberi"},"content":{"rendered":"<p>Elinizdeki bu kitap, \u00f6\u011frenmenin ve geli\u015fimin en yo\u011fun g\u00f6zlendi\u011fi okul\u00f6ncesi y\u0131llar\u0131n verimli ve dolu dolu ge\u00e7mesi ad\u0131na; uzun soluklu deneyimlerin, bilgi ve becerilerin, tutum ve de\u011ferlerin sentezlenmesiyle ortaya \u00e7\u0131kan ve de sorgulama temelli e\u011fitim i\u00e7in \u201cHayat boyu \u00f6\u011freniciyim,\u201d diyenlere bir rehberdir.  \u2022 Takvim ya\u015f\u0131 ne demek?\u2022 Sosyal, duygusal ve motor alanda kazan\u0131mlar nas\u0131l sa\u011flan\u0131r?\u2022 \u00c7ocuklar\u0131 ilkokula nas\u0131l haz\u0131rlar\u0131z?\u2022 Sorgulama, beceri ve deneyim nas\u0131l kazand\u0131r\u0131l\u0131r?\u2022 Okul\u00f6ncesi y\u0131llar\u0131 verimli ge\u00e7irmenin yollar\u0131 nelerdir? Do\u011fru y\u00f6nlendirme, do\u011fru kaynak kullan\u0131m\u0131, takvim ya\u015f\u0131na uygun etkinlikler&#8230; Her biri bir \u00e7ocu\u011fun okul\u00f6ncesine haz\u0131rl\u0131\u011f\u0131n\u0131 kolayla\u015ft\u0131racak ve e\u011fitim hayat\u0131 ba\u015flad\u0131\u011f\u0131nda okula daha rahat adapte olmas\u0131n\u0131 sa\u011flayacak \u00f6nemli ad\u0131mlar. Peki ama bu ad\u0131mlar\u0131 uygulayabilmek i\u00e7in ne yap\u0131lmas\u0131 gerekiyor? Nursel Uyar Dalk\u0131l\u0131\u00e7, Okul\u00f6ncesi E\u011fitim Rehberi\u2019nde ya\u015fa uygun etkinlik \u00f6rneklerini sorgulama temelleriyle birlikte kullan\u0131lmas\u0131 gereken temalar e\u015fli\u011finde detayland\u0131r\u0131rken; e\u011fitmen adaylar\u0131na, e\u011fitimcilere ve \u00e7ocu\u011funun okul\u00f6ncesi e\u011fitimde \u00f6\u011frendiklerini takip edebilmesi i\u00e7in anne-babalara detayl\u0131 bir k\u0131lavuz sunuyor.<\/p>\n","protected":false},"excerpt":{"rendered":"<p>Elinizdeki bu kitap, \u00f6\u011frenmenin ve geli\u015fimin en yo\u011fun g\u00f6zlendi\u011fi okul\u00f6ncesi y\u0131llar\u0131n verimli ve dolu dolu ge\u00e7mesi ad\u0131na; uzun soluklu deneyimlerin, bilgi ve becerilerin, tutum ve de\u011ferlerin<span class=\"excerpt-hellip\"> [\u2026]<\/span><\/p>\n","protected":false},"featured_media":0,"template":"","meta":{"_monsterinsights_skip_tracking":false,"_monsterinsights_sitenote_active":false,"_monsterinsights_sitenote_note":"","_monsterinsights_sitenote_category":0},"product_brand":[],"product_cat":[12573,12566],"product_tag":[],"class_list":{"0":"post-735742","1":"product","2":"type-product","3":"status-publish","5":"product_cat-akademik-kitaplar","6":"product_cat-egitim","7":"pa_cilt-ciltsiz","8":"pa_tur-kitap","9":"pa_yayinevi-epsilon-yayinlari","10":"pa_yazar-nursel-uyar-dalkilic","12":"first","13":"instock","14":"sale","15":"shipping-taxable","16":"purchasable","17":"product-type-simple"},"_links":{"self":[{"href":"https:\/\/roveyayinevi.com.tr\/index.php\/wp-json\/wp\/v2\/product\/735742","targetHints":{"allow":["GET"]}}],"collection":[{"href":"https:\/\/roveyayinevi.com.tr\/index.php\/wp-json\/wp\/v2\/product"}],"about":[{"href":"https:\/\/roveyayinevi.com.tr\/index.php\/wp-json\/wp\/v2\/types\/product"}],"wp:attachment":[{"href":"https:\/\/roveyayinevi.com.tr\/index.php\/wp-json\/wp\/v2\/media?parent=735742"}],"wp:term":[{"taxonomy":"product_brand","embeddable":true,"href":"https:\/\/roveyayinevi.com.tr\/index.php\/wp-json\/wp\/v2\/product_brand?post=735742"},{"taxonomy":"product_cat","embeddable":true,"href":"https:\/\/roveyayinevi.com.tr\/index.php\/wp-json\/wp\/v2\/product_cat?post=735742"},{"taxonomy":"product_tag","embeddable":true,"href":"https:\/\/roveyayinevi.com.tr\/index.php\/wp-json\/wp\/v2\/product_tag?post=735742"}],"curies":[{"name":"wp","href":"https:\/\/api.w.org\/{rel}","templated":true}]}}