{"id":735735,"date":"2025-08-27T22:53:11","date_gmt":"2025-08-27T19:53:11","guid":{"rendered":"https:\/\/roveyayinevi.com.tr\/index.php\/urun\/bezden-tuvalete-kolay-gecis\/"},"modified":"2026-04-16T02:43:59","modified_gmt":"2026-04-15T23:43:59","slug":"bezden-tuvalete-kolay-gecis","status":"publish","type":"product","link":"https:\/\/roveyayinevi.com.tr\/index.php\/urun\/bezden-tuvalete-kolay-gecis\/","title":{"rendered":"Bezden Tuvalete Kolay Ge\u00e7i\u015f"},"content":{"rendered":"<p>\u00c7ocu\u011funuzun bezi b\u0131rakmaya haz\u0131r oldu\u011funu nas\u0131l anlars\u0131n\u0131z? \u0130lk denemeyi nas\u0131l yapmal\u0131? G\u00fcnd\u00fcz m\u00fc gece mi? Hangisiyle ba\u015flamal\u0131? \u00c7i\u015f mi kaka m\u0131? Bezden tuvalet al\u0131\u015fkanl\u0131\u011f\u0131na ge\u00e7i\u015f ne kadar s\u00fcrer? Ge\u00e7i\u015f d\u00f6neminde beslenme d\u00fczeni nas\u0131l olmal\u0131? Tuvalet kazalar\u0131yla nas\u0131l ba\u015fa \u00e7\u0131kars\u0131n\u0131z? \u00c7ocuklar\u0131n geli\u015fimindeki en \u00f6nemli a\u015famalar\u0131ndan biri de bezden tuvalete ge\u00e7i\u015ftir. Bu s\u00fcre\u00e7 \u00e7o\u011fu anne baba i\u00e7in tahmin edemeyece\u011finiz kadar endi\u015feli olabilir.  Sarah Ockwell-Smith, Bezden Tuvalete Kolay Ge\u00e7i\u015f\u2019te \u00e7ocu\u011fun cinsiyetine g\u00f6re belirlenen s\u0131k\u0131 kurallardan, \u00f6d\u00fcllerden ve cezalardan uzak, yepyeni bir bak\u0131\u015f a\u00e7\u0131s\u0131 sunuyor bize. \u00c7ocu\u011fun ritmine uyarak, zorlanmadan bu s\u00fcreci nas\u0131l ge\u00e7irece\u011fimizi a\u00e7\u0131kl\u0131yor. Bu yolculukta \u00e7ocu\u011fumuza \u015fefkatli bir yakla\u015f\u0131mla rehberlik etmemizi sa\u011flayacak en temel ipu\u00e7lar\u0131n\u0131 veriyor. Sarah Ockwell-Smith \u0130ngiltere\u2019de do\u011fdu. \u00dcniversitede psikoloji \u00f6\u011frenimi g\u00f6rd\u00fc. Ayn\u0131 zamanda \u00e7ocuk homeopatisi, hipnoterapi ve psikoterapi e\u011fitimi ald\u0131. 0-6 ya\u015f aras\u0131ndaki \u00e7ocuklar\u0131n sorunlar\u0131yla ba\u015fa \u00e7\u0131kma konusunda binlerce aileye dan\u0131\u015fmanl\u0131k yapt\u0131. D\u00f6rt \u00e7ocuk annesi olan Sarah Ockwell-Smith\u2019in \u00c7ocu\u011fum Neden Uyumuyor? adl\u0131 kitab\u0131 da Do\u011fan Kitap taraf\u0131ndan yay\u0131mland\u0131. <\/p>\n","protected":false},"excerpt":{"rendered":"<p>\u00c7ocu\u011funuzun bezi b\u0131rakmaya haz\u0131r oldu\u011funu nas\u0131l anlars\u0131n\u0131z? \u0130lk denemeyi nas\u0131l yapmal\u0131? G\u00fcnd\u00fcz m\u00fc gece mi? Hangisiyle ba\u015flamal\u0131? \u00c7i\u015f mi kaka m\u0131? Bezden tuvalet al\u0131\u015fkanl\u0131\u011f\u0131na ge\u00e7i\u015f ne<span class=\"excerpt-hellip\"> [\u2026]<\/span><\/p>\n","protected":false},"featured_media":0,"template":"","meta":{"_monsterinsights_skip_tracking":false,"_monsterinsights_sitenote_active":false,"_monsterinsights_sitenote_note":"","_monsterinsights_sitenote_category":0},"product_brand":[],"product_cat":[17996,12364],"product_tag":[],"class_list":{"0":"post-735735","1":"product","2":"type-product","3":"status-publish","5":"product_cat-ebeveyn-kitaplari","6":"product_cat-genel-konular","7":"pa_cilt-ciltsiz","8":"pa_tur-kitap","9":"pa_yayinevi-dogan-kitap","10":"pa_yazar-sarah-ockwell-smith","12":"first","13":"instock","14":"sale","15":"shipping-taxable","16":"purchasable","17":"product-type-simple"},"_links":{"self":[{"href":"https:\/\/roveyayinevi.com.tr\/index.php\/wp-json\/wp\/v2\/product\/735735","targetHints":{"allow":["GET"]}}],"collection":[{"href":"https:\/\/roveyayinevi.com.tr\/index.php\/wp-json\/wp\/v2\/product"}],"about":[{"href":"https:\/\/roveyayinevi.com.tr\/index.php\/wp-json\/wp\/v2\/types\/product"}],"wp:attachment":[{"href":"https:\/\/roveyayinevi.com.tr\/index.php\/wp-json\/wp\/v2\/media?parent=735735"}],"wp:term":[{"taxonomy":"product_brand","embeddable":true,"href":"https:\/\/roveyayinevi.com.tr\/index.php\/wp-json\/wp\/v2\/product_brand?post=735735"},{"taxonomy":"product_cat","embeddable":true,"href":"https:\/\/roveyayinevi.com.tr\/index.php\/wp-json\/wp\/v2\/product_cat?post=735735"},{"taxonomy":"product_tag","embeddable":true,"href":"https:\/\/roveyayinevi.com.tr\/index.php\/wp-json\/wp\/v2\/product_tag?post=735735"}],"curies":[{"name":"wp","href":"https:\/\/api.w.org\/{rel}","templated":true}]}}