{"id":735734,"date":"2025-08-27T22:53:10","date_gmt":"2025-08-27T19:53:10","guid":{"rendered":"https:\/\/roveyayinevi.com.tr\/index.php\/urun\/olulerle-uzlasmak\/"},"modified":"2026-04-16T02:43:59","modified_gmt":"2026-04-15T23:43:59","slug":"olulerle-uzlasmak","status":"publish","type":"product","link":"https:\/\/roveyayinevi.com.tr\/index.php\/urun\/olulerle-uzlasmak\/","title":{"rendered":"\u00d6l\u00fclerle Uzla\u015fmak"},"content":{"rendered":"<p>Yazar kimdir, ne i\u00e7in yazar, kimin i\u00e7in yazar, onun Sevgili Okur\u2019u kimdir? Yaz\u0131 \u00f6l\u00fcml\u00fcl\u00fc\u011f\u00fcn panzehri midir? Yazmak ile yazar olmak ayn\u0131 \u015fey midir? Ayn\u0131 metnin sular\u0131nda iki kere y\u0131kanmak m\u00fcmk\u00fcn m\u00fcd\u00fcr? Kendine Ait Bir Oda\u2019da yazan kad\u0131n\u0131n kaderi intihar ya da delilik midir? Fildi\u015fi Kule\u2019deki ula\u015f\u0131lmaz yazar ger\u00e7ekte kimin \u00e7ocu\u011fudur: Alk\u0131\u015flara, paraya ve \u00fcne y\u00fcz vermeyen Y\u00fcce Sanat Tanr\u0131s\u0131\u2019n\u0131n m\u0131, imgeleri paraya tahvil eden Piyasa Tanr\u0131s\u0131\u2019n\u0131n m\u0131? Margaret Atwood Odysseus\u2019tan Doktor Jekyll ve Bay Hyde\u2019a kadar insanl\u0131\u011f\u0131n b\u00fct\u00fcn karakterlerini, b\u00fct\u00fcn \u00f6yk\u00fclerini doldurdu\u011fu Kendine Ait Odas\u0131nda  bu sorular\u0131n cevaplar\u0131n\u0131 ar\u0131yor. Sevgili Okur, kap\u0131y\u0131 t\u0131klat\u0131p i\u00e7eri girmez misin? Bir kahve?<\/p>\n","protected":false},"excerpt":{"rendered":"<p>Yazar kimdir, ne i\u00e7in yazar, kimin i\u00e7in yazar, onun Sevgili Okur\u2019u kimdir? Yaz\u0131 \u00f6l\u00fcml\u00fcl\u00fc\u011f\u00fcn panzehri midir? Yazmak ile yazar olmak ayn\u0131 \u015fey midir? Ayn\u0131 metnin sular\u0131nda<span class=\"excerpt-hellip\"> [\u2026]<\/span><\/p>\n","protected":false},"featured_media":0,"template":"","meta":{"_monsterinsights_skip_tracking":false,"_monsterinsights_sitenote_active":false,"_monsterinsights_sitenote_note":"","_monsterinsights_sitenote_category":0},"product_brand":[],"product_cat":[12777,12291],"product_tag":[],"class_list":{"0":"post-735734","1":"product","2":"type-product","3":"status-publish","5":"product_cat-deneme","6":"product_cat-edebiyat","7":"pa_cilt-ciltsiz","8":"pa_tur-kitap","9":"pa_yayinevi-dogan-kitap","10":"pa_yazar-margaret-atwood","12":"first","13":"instock","14":"sale","15":"shipping-taxable","16":"purchasable","17":"product-type-simple"},"_links":{"self":[{"href":"https:\/\/roveyayinevi.com.tr\/index.php\/wp-json\/wp\/v2\/product\/735734","targetHints":{"allow":["GET"]}}],"collection":[{"href":"https:\/\/roveyayinevi.com.tr\/index.php\/wp-json\/wp\/v2\/product"}],"about":[{"href":"https:\/\/roveyayinevi.com.tr\/index.php\/wp-json\/wp\/v2\/types\/product"}],"wp:attachment":[{"href":"https:\/\/roveyayinevi.com.tr\/index.php\/wp-json\/wp\/v2\/media?parent=735734"}],"wp:term":[{"taxonomy":"product_brand","embeddable":true,"href":"https:\/\/roveyayinevi.com.tr\/index.php\/wp-json\/wp\/v2\/product_brand?post=735734"},{"taxonomy":"product_cat","embeddable":true,"href":"https:\/\/roveyayinevi.com.tr\/index.php\/wp-json\/wp\/v2\/product_cat?post=735734"},{"taxonomy":"product_tag","embeddable":true,"href":"https:\/\/roveyayinevi.com.tr\/index.php\/wp-json\/wp\/v2\/product_tag?post=735734"}],"curies":[{"name":"wp","href":"https:\/\/api.w.org\/{rel}","templated":true}]}}