{"id":735733,"date":"2025-08-27T22:53:09","date_gmt":"2025-08-27T19:53:09","guid":{"rendered":"https:\/\/roveyayinevi.com.tr\/index.php\/urun\/cennete-gideceksem-cehennemim-de-gelmeli\/"},"modified":"2026-04-16T02:43:59","modified_gmt":"2026-04-15T23:43:59","slug":"cennete-gideceksem-cehennemim-de-gelmeli","status":"publish","type":"product","link":"https:\/\/roveyayinevi.com.tr\/index.php\/urun\/cennete-gideceksem-cehennemim-de-gelmeli\/","title":{"rendered":"Cennete Gideceksem Cehennemim de Gelmeli"},"content":{"rendered":"<p>Antonio Porchia \u201cBo\u015flu\u011fu ancak doldururken fark ediyoruz\u201d demi\u015f. Cennete Gideceksem Cehennemim de Gelmeli de \u00f6ylesine k\u0131\u015fk\u0131rt\u0131c\u0131 ve elzem bir kitap. Sel\u00e7uk Altun   Ne zaman ki iblis sand\u0131\u011f\u0131m\u0131z melekler sahneye \u00e7\u0131k\u0131yor o zaman uyan\u0131yoruz derin uykumuzdan. Ancak o vakit fark\u0131na var\u0131yoruz. Biraz ge\u00e7 bir uyan\u0131\u015f oluyor ama olsun. Her uyan\u0131\u015f hi\u00e7 uyanmamaktan \u00e7ok daha iyi de\u011fil midir?   Efe Aydar denenmemi\u015f bir \u015feyi deniyor bu kitapta. 365 g\u00fcn i\u00e7in, her g\u00fcne bir madde yazarak bir t\u00fcr sofistike g\u00fcnl\u00fck b\u0131rak\u0131yor elimize. Rafine, y\u00fcksek entelekt\u00fcel, bazen muzip bazen \u015feytan\u0131n avukat\u0131 bir yazarla tan\u0131\u015ft\u0131\u011f\u0131m\u0131z\u0131 anl\u0131yoruz. Kitaplardan, filmlerden, k\u00fclt\u00fcr dedi\u011fimiz kavram\u0131 \u015fekillendiren ikonik isimlerden ilhamlar da var bu kitapta, keskin bir zek\u00e2n\u0131n \u00fcr\u00fcn\u00fc, \u00f6znel alternatif s\u00f6zl\u00fck maddeleri de.    \u00d6zetle cennet de burada cehennem de\u2026  <\/p>\n","protected":false},"excerpt":{"rendered":"<p>Antonio Porchia \u201cBo\u015flu\u011fu ancak doldururken fark ediyoruz\u201d demi\u015f. Cennete Gideceksem Cehennemim de Gelmeli de \u00f6ylesine k\u0131\u015fk\u0131rt\u0131c\u0131 ve elzem bir kitap. Sel\u00e7uk Altun Ne zaman ki iblis<span class=\"excerpt-hellip\"> [\u2026]<\/span><\/p>\n","protected":false},"featured_media":0,"template":"","meta":{"_monsterinsights_skip_tracking":false,"_monsterinsights_sitenote_active":false,"_monsterinsights_sitenote_note":"","_monsterinsights_sitenote_category":0},"product_brand":[],"product_cat":[12777,12291],"product_tag":[],"class_list":{"0":"post-735733","1":"product","2":"type-product","3":"status-publish","5":"product_cat-deneme","6":"product_cat-edebiyat","7":"pa_cilt-ciltsiz","8":"pa_tur-kitap","9":"pa_yayinevi-dogan-solibri-yayinlari","10":"pa_yazar-efe-aydar","12":"first","13":"instock","14":"sale","15":"shipping-taxable","16":"purchasable","17":"product-type-simple"},"_links":{"self":[{"href":"https:\/\/roveyayinevi.com.tr\/index.php\/wp-json\/wp\/v2\/product\/735733","targetHints":{"allow":["GET"]}}],"collection":[{"href":"https:\/\/roveyayinevi.com.tr\/index.php\/wp-json\/wp\/v2\/product"}],"about":[{"href":"https:\/\/roveyayinevi.com.tr\/index.php\/wp-json\/wp\/v2\/types\/product"}],"wp:attachment":[{"href":"https:\/\/roveyayinevi.com.tr\/index.php\/wp-json\/wp\/v2\/media?parent=735733"}],"wp:term":[{"taxonomy":"product_brand","embeddable":true,"href":"https:\/\/roveyayinevi.com.tr\/index.php\/wp-json\/wp\/v2\/product_brand?post=735733"},{"taxonomy":"product_cat","embeddable":true,"href":"https:\/\/roveyayinevi.com.tr\/index.php\/wp-json\/wp\/v2\/product_cat?post=735733"},{"taxonomy":"product_tag","embeddable":true,"href":"https:\/\/roveyayinevi.com.tr\/index.php\/wp-json\/wp\/v2\/product_tag?post=735733"}],"curies":[{"name":"wp","href":"https:\/\/api.w.org\/{rel}","templated":true}]}}