{"id":735731,"date":"2025-08-27T22:53:06","date_gmt":"2025-08-27T19:53:06","guid":{"rendered":"https:\/\/roveyayinevi.com.tr\/index.php\/urun\/huzunlu-bir-poncik\/"},"modified":"2026-04-16T02:43:59","modified_gmt":"2026-04-15T23:43:59","slug":"huzunlu-bir-poncik","status":"publish","type":"product","link":"https:\/\/roveyayinevi.com.tr\/index.php\/urun\/huzunlu-bir-poncik\/","title":{"rendered":"H\u00fcz\u00fcnl\u00fc Bir Pon\u00e7ik"},"content":{"rendered":"<p>G\u00fclme, herkes kadar insan\u0131z, \u00f6nemimiz de herkes kadar, biliyorum ama sen benim i\u00e7in herkes de\u011filsin ki. Herkes gibi bakamam ki bize. D\u00fcnya da \u00f6nemsesin isterim bizi i\u015fte. Hatta insanlar mutluluk dualar\u0131 etsin bizim i\u00e7in. \u015eiirler yaz\u0131ls\u0131n, \u015fark\u0131lar s\u00f6ylensin, hik\u00e2yeler anlat\u0131ls\u0131n bizimle ilgili. Bizim daha \u00e7ok g\u00fcne ihtiyac\u0131m\u0131z var. Ya\u015fanmam\u0131\u015f bir s\u00fcr\u00fc eksik g\u00fcn, hat\u0131ralara yaz\u0131lacak ac\u0131 tatl\u0131 bir\u00e7ok an\u0131. Bak geriye, ne kadar az senli g\u00fcnler.   Geliver de tamamlans\u0131n bize dair hik\u00e2yeler. <\/p>\n","protected":false},"excerpt":{"rendered":"<p>G\u00fclme, herkes kadar insan\u0131z, \u00f6nemimiz de herkes kadar, biliyorum ama sen benim i\u00e7in herkes de\u011filsin ki. Herkes gibi bakamam ki bize. D\u00fcnya da \u00f6nemsesin isterim bizi<span class=\"excerpt-hellip\"> [\u2026]<\/span><\/p>\n","protected":false},"featured_media":0,"template":"","meta":{"_monsterinsights_skip_tracking":false,"_monsterinsights_sitenote_active":false,"_monsterinsights_sitenote_note":"","_monsterinsights_sitenote_category":0},"product_brand":[],"product_cat":[12291,12711],"product_tag":[],"class_list":{"0":"post-735731","1":"product","2":"type-product","3":"status-publish","5":"product_cat-edebiyat","6":"product_cat-roman-oyku","7":"pa_cilt-ciltsiz","8":"pa_tur-kitap","9":"pa_yayinevi-dex-yayinevi","10":"pa_yazar-cagri-taner","12":"first","13":"instock","14":"sale","15":"shipping-taxable","16":"purchasable","17":"product-type-simple"},"_links":{"self":[{"href":"https:\/\/roveyayinevi.com.tr\/index.php\/wp-json\/wp\/v2\/product\/735731","targetHints":{"allow":["GET"]}}],"collection":[{"href":"https:\/\/roveyayinevi.com.tr\/index.php\/wp-json\/wp\/v2\/product"}],"about":[{"href":"https:\/\/roveyayinevi.com.tr\/index.php\/wp-json\/wp\/v2\/types\/product"}],"wp:attachment":[{"href":"https:\/\/roveyayinevi.com.tr\/index.php\/wp-json\/wp\/v2\/media?parent=735731"}],"wp:term":[{"taxonomy":"product_brand","embeddable":true,"href":"https:\/\/roveyayinevi.com.tr\/index.php\/wp-json\/wp\/v2\/product_brand?post=735731"},{"taxonomy":"product_cat","embeddable":true,"href":"https:\/\/roveyayinevi.com.tr\/index.php\/wp-json\/wp\/v2\/product_cat?post=735731"},{"taxonomy":"product_tag","embeddable":true,"href":"https:\/\/roveyayinevi.com.tr\/index.php\/wp-json\/wp\/v2\/product_tag?post=735731"}],"curies":[{"name":"wp","href":"https:\/\/api.w.org\/{rel}","templated":true}]}}